{"id":16624,"date":"2024-11-06T16:14:47","date_gmt":"2024-11-06T15:14:47","guid":{"rendered":"http:\/\/osteoparisien.com\/?page_id=16624"},"modified":"2025-07-03T15:23:19","modified_gmt":"2025-07-03T13:23:19","slug":"suivi-gyneco-osteopathique","status":"publish","type":"page","link":"https:\/\/osteoparisien.com\/es\/suivi-gyneco-osteopathique\/","title":{"rendered":"Seguimiento osteop\u00e1tico ginecol\u00f3gico"},"content":{"rendered":"<div data-elementor-type=\"wp-page\" data-elementor-id=\"16624\" class=\"elementor elementor-16624\">\n\t\t\t\t\t\t<section class=\"elementor-section elementor-top-section elementor-element elementor-element-6ab85bf elementor-section-full_width elementor-section-height-default elementor-section-height-default\" data-id=\"6ab85bf\" data-element_type=\"section\" data-settings=\"{&quot;background_background&quot;:&quot;classic&quot;}\">\n\t\t\t\t\t\t\t<div class=\"elementor-background-overlay\"><\/div>\n\t\t\t\t\t\t\t<div class=\"elementor-container elementor-column-gap-default\">\n\t\t\t\t\t<div class=\"elementor-column elementor-col-100 elementor-top-column elementor-element elementor-element-cbee43d\" data-id=\"cbee43d\" data-element_type=\"column\">\n\t\t\t<div class=\"elementor-widget-wrap elementor-element-populated\">\n\t\t\t\t\t\t<div class=\"elementor-element elementor-element-5b7d468 elementor-widget elementor-widget-spacer\" data-id=\"5b7d468\" data-element_type=\"widget\" data-widget_type=\"spacer.default\">\n\t\t\t\t<div class=\"elementor-widget-container\">\n\t\t\t\t\t\t\t<div class=\"elementor-spacer\">\n\t\t\t<div class=\"elementor-spacer-inner\"><\/div>\n\t\t<\/div>\n\t\t\t\t\t\t<\/div>\n\t\t\t\t<\/div>\n\t\t\t\t<div class=\"elementor-element elementor-element-cf8790a elementor-widget elementor-widget-text-editor\" data-id=\"cf8790a\" data-element_type=\"widget\" data-widget_type=\"text-editor.default\">\n\t\t\t\t<div class=\"elementor-widget-container\">\n\t\t\t\t\t\t\t\t\t<p>Seguimiento ginecol\u00f3gico-osteop\u00e1tico<\/p>\t\t\t\t\t\t\t\t<\/div>\n\t\t\t\t<\/div>\n\t\t\t\t<div class=\"elementor-element elementor-element-3f0c2b7 elementor-widget elementor-widget-spacer\" data-id=\"3f0c2b7\" data-element_type=\"widget\" data-widget_type=\"spacer.default\">\n\t\t\t\t<div class=\"elementor-widget-container\">\n\t\t\t\t\t\t\t<div class=\"elementor-spacer\">\n\t\t\t<div class=\"elementor-spacer-inner\"><\/div>\n\t\t<\/div>\n\t\t\t\t\t\t<\/div>\n\t\t\t\t<\/div>\n\t\t\t\t\t<\/div>\n\t\t<\/div>\n\t\t\t\t\t<\/div>\n\t\t<\/section>\n\t\t\t\t<section class=\"elementor-section elementor-top-section elementor-element elementor-element-19d46f1 elementor-section-boxed elementor-section-height-default elementor-section-height-default\" data-id=\"19d46f1\" data-element_type=\"section\" data-settings=\"{&quot;background_background&quot;:&quot;classic&quot;}\">\n\t\t\t\t\t\t\t<div class=\"elementor-background-overlay\"><\/div>\n\t\t\t\t\t\t\t<div class=\"elementor-container elementor-column-gap-default\">\n\t\t\t\t\t<div class=\"elementor-column elementor-col-100 elementor-top-column elementor-element elementor-element-7710865\" data-id=\"7710865\" data-element_type=\"column\">\n\t\t\t<div class=\"elementor-widget-wrap elementor-element-populated\">\n\t\t\t\t\t\t<div class=\"elementor-element elementor-element-05a4de1 elementor-widget elementor-widget-spacer\" data-id=\"05a4de1\" data-element_type=\"widget\" data-widget_type=\"spacer.default\">\n\t\t\t\t<div class=\"elementor-widget-container\">\n\t\t\t\t\t\t\t<div class=\"elementor-spacer\">\n\t\t\t<div class=\"elementor-spacer-inner\"><\/div>\n\t\t<\/div>\n\t\t\t\t\t\t<\/div>\n\t\t\t\t<\/div>\n\t\t\t\t<div class=\"elementor-element elementor-element-51f4a1d elementor-widget elementor-widget-text-editor\" data-id=\"51f4a1d\" data-element_type=\"widget\" data-widget_type=\"text-editor.default\">\n\t\t\t\t<div class=\"elementor-widget-container\">\n\t\t\t\t\t\t\t\t\t<p style=\"font-weight: 400;\">No pensamos inmediatamente que la osteopat\u00eda pueda intervenir en el campo ginecol\u00f3gico, \u00a1pero pensemolos dos veces!<\/p>\t\t\t\t\t\t\t\t<\/div>\n\t\t\t\t<\/div>\n\t\t\t\t<div class=\"elementor-element elementor-element-5460b67 elementor-widget elementor-widget-spacer\" data-id=\"5460b67\" data-element_type=\"widget\" data-widget_type=\"spacer.default\">\n\t\t\t\t<div class=\"elementor-widget-container\">\n\t\t\t\t\t\t\t<div class=\"elementor-spacer\">\n\t\t\t<div class=\"elementor-spacer-inner\"><\/div>\n\t\t<\/div>\n\t\t\t\t\t\t<\/div>\n\t\t\t\t<\/div>\n\t\t\t\t\t<\/div>\n\t\t<\/div>\n\t\t\t\t\t<\/div>\n\t\t<\/section>\n\t\t\t\t<section class=\"elementor-section elementor-top-section elementor-element elementor-element-9a97e13 elementor-section-boxed elementor-section-height-default elementor-section-height-default\" data-id=\"9a97e13\" data-element_type=\"section\" data-settings=\"{&quot;background_background&quot;:&quot;classic&quot;}\">\n\t\t\t\t\t\t\t<div class=\"elementor-background-overlay\"><\/div>\n\t\t\t\t\t\t\t<div class=\"elementor-container elementor-column-gap-default\">\n\t\t\t\t\t<div class=\"elementor-column elementor-col-50 elementor-top-column elementor-element elementor-element-472a30f\" data-id=\"472a30f\" data-element_type=\"column\">\n\t\t\t<div class=\"elementor-widget-wrap elementor-element-populated\">\n\t\t\t\t\t\t<div class=\"elementor-element elementor-element-47d5d4a elementor-widget elementor-widget-text-editor\" data-id=\"47d5d4a\" data-element_type=\"widget\" data-widget_type=\"text-editor.default\">\n\t\t\t\t<div class=\"elementor-widget-container\">\n\t\t\t\t\t\t\t\t\t<p style=\"font-weight: 400;\">De hecho, ante dolores menstruales, dolores durante las relaciones sexuales, problemas de infertilidad, dolores posparto y en muchos otros casos, podemos intervenir y ayudarle con el conocimiento osteop\u00e1tico.<\/p><p style=\"font-weight: 400;\">La osteopat\u00eda nos permite abordar el cuerpo como un todo integrando nuestro estado emocional que muchas veces juega un papel en la expresi\u00f3n de nuestro malestar y dolor.<\/p><p style=\"font-weight: 400;\">Proporciona una respuesta real a muchos trastornos ginecol\u00f3gicos gracias a las t\u00e9cnicas osteop\u00e1ticas cl\u00e1sicas: tratamiento del entramado \u00f3seo (pelvis, lumbar), trabajo craneal para el control hormonal, liberaci\u00f3n del diafragma y, sobre todo, la identificaci\u00f3n y el tratamiento de las tensiones que obstaculizan el recorrido vascular y nervioso de la esfera ginecol\u00f3gica. Estas t\u00e9cnicas de tejidos, articulaciones, ligamentos y viscerales se basan en datos anat\u00f3micos y fisiol\u00f3gicos muy concretos.<\/p>\t\t\t\t\t\t\t\t<\/div>\n\t\t\t\t<\/div>\n\t\t\t\t\t<\/div>\n\t\t<\/div>\n\t\t\t\t<div class=\"elementor-column elementor-col-50 elementor-top-column elementor-element elementor-element-5dc2aa1\" data-id=\"5dc2aa1\" data-element_type=\"column\">\n\t\t\t<div class=\"elementor-widget-wrap elementor-element-populated\">\n\t\t\t\t\t\t<div class=\"elementor-element elementor-element-7cf5281 elementor-widget elementor-widget-image\" data-id=\"7cf5281\" data-element_type=\"widget\" data-widget_type=\"image.default\">\n\t\t\t\t<div class=\"elementor-widget-container\">\n\t\t\t\t\t\t\t\t\t\t\t\t\t\t\t<img fetchpriority=\"high\" decoding=\"async\" width=\"1024\" height=\"819\" src=\"https:\/\/osteoparisien.com\/wp-content\/uploads\/2024\/11\/DOULEURS-GYNECO-2-1024x819.png\" class=\"attachment-large size-large wp-image-16818\" alt=\"Douleurs gyn\u00e9cologiques\" srcset=\"https:\/\/osteoparisien.com\/wp-content\/uploads\/2024\/11\/DOULEURS-GYNECO-2-1024x819.png 1024w, https:\/\/osteoparisien.com\/wp-content\/uploads\/2024\/11\/DOULEURS-GYNECO-2-300x240.png 300w, https:\/\/osteoparisien.com\/wp-content\/uploads\/2024\/11\/DOULEURS-GYNECO-2-768x614.png 768w, https:\/\/osteoparisien.com\/wp-content\/uploads\/2024\/11\/DOULEURS-GYNECO-2-15x12.png 15w, https:\/\/osteoparisien.com\/wp-content\/uploads\/2024\/11\/DOULEURS-GYNECO-2.png 1280w\" sizes=\"(max-width: 1024px) 100vw, 1024px\" \/>\t\t\t\t\t\t\t\t\t\t\t\t\t\t\t<\/div>\n\t\t\t\t<\/div>\n\t\t\t\t\t<\/div>\n\t\t<\/div>\n\t\t\t\t\t<\/div>\n\t\t<\/section>\n\t\t\t\t<section class=\"elementor-section elementor-top-section elementor-element elementor-element-53baa57 elementor-section-boxed elementor-section-height-default elementor-section-height-default\" data-id=\"53baa57\" data-element_type=\"section\" data-settings=\"{&quot;background_background&quot;:&quot;classic&quot;}\">\n\t\t\t\t\t\t\t<div class=\"elementor-background-overlay\"><\/div>\n\t\t\t\t\t\t\t<div class=\"elementor-container elementor-column-gap-default\">\n\t\t\t\t\t<div class=\"elementor-column elementor-col-100 elementor-top-column elementor-element elementor-element-72900ba\" data-id=\"72900ba\" data-element_type=\"column\">\n\t\t\t<div class=\"elementor-widget-wrap elementor-element-populated\">\n\t\t\t\t\t\t<div class=\"elementor-element elementor-element-7dcf81f elementor-widget elementor-widget-spacer\" data-id=\"7dcf81f\" data-element_type=\"widget\" data-widget_type=\"spacer.default\">\n\t\t\t\t<div class=\"elementor-widget-container\">\n\t\t\t\t\t\t\t<div class=\"elementor-spacer\">\n\t\t\t<div class=\"elementor-spacer-inner\"><\/div>\n\t\t<\/div>\n\t\t\t\t\t\t<\/div>\n\t\t\t\t<\/div>\n\t\t\t\t<div class=\"elementor-element elementor-element-87e0416 elementor-widget elementor-widget-text-editor\" data-id=\"87e0416\" data-element_type=\"widget\" data-widget_type=\"text-editor.default\">\n\t\t\t\t<div class=\"elementor-widget-container\">\n\t\t\t\t\t\t\t\t\t<p><span style=\"font-size: 16px;\">Una regi\u00f3n poco vascularizada (en este caso la esfera ginecol\u00f3gica) recibir\u00e1 un menor aporte de nutrientes; por lo que su funcionamiento no ser\u00e1 \u00f3ptimo y por tanto el \u00f3rgano (\u00fatero\/ovario) no cumplir\u00e1 su funci\u00f3n o la cumplir\u00e1 mal. Esta vascularizaci\u00f3n est\u00e1 asegurada por los tejidos de sost\u00e9n, o ligamentos. Cuando estas \u00faltimas est\u00e1n bajo tensi\u00f3n (motivos mec\u00e1nicos, cicatriciales, faciales, etc.), el oste\u00f3pata lo identificar\u00e1 y trabajar\u00e1 sobre la tensi\u00f3n para recuperar una buena \"elasticidad\", garantizando un mejor aporte nutricional y por tanto un mejor funcionamiento del sistema ginecol\u00f3gico.<\/span><br><\/p>\t\t\t\t\t\t\t\t<\/div>\n\t\t\t\t<\/div>\n\t\t\t\t<div class=\"elementor-element elementor-element-05905d1 elementor-widget elementor-widget-spacer\" data-id=\"05905d1\" data-element_type=\"widget\" data-widget_type=\"spacer.default\">\n\t\t\t\t<div class=\"elementor-widget-container\">\n\t\t\t\t\t\t\t<div class=\"elementor-spacer\">\n\t\t\t<div class=\"elementor-spacer-inner\"><\/div>\n\t\t<\/div>\n\t\t\t\t\t\t<\/div>\n\t\t\t\t<\/div>\n\t\t\t\t\t<\/div>\n\t\t<\/div>\n\t\t\t\t\t<\/div>\n\t\t<\/section>\n\t\t\t\t<section class=\"elementor-section elementor-top-section elementor-element elementor-element-312b467 elementor-section-boxed elementor-section-height-default elementor-section-height-default\" data-id=\"312b467\" data-element_type=\"section\" data-settings=\"{&quot;background_background&quot;:&quot;classic&quot;}\">\n\t\t\t\t\t\t\t<div class=\"elementor-background-overlay\"><\/div>\n\t\t\t\t\t\t\t<div class=\"elementor-container elementor-column-gap-default\">\n\t\t\t\t\t<div class=\"elementor-column elementor-col-100 elementor-top-column elementor-element elementor-element-77450ca\" data-id=\"77450ca\" data-element_type=\"column\">\n\t\t\t<div class=\"elementor-widget-wrap elementor-element-populated\">\n\t\t\t\t\t\t<div class=\"elementor-element elementor-element-0c9545b elementor-widget elementor-widget-spacer\" data-id=\"0c9545b\" data-element_type=\"widget\" data-widget_type=\"spacer.default\">\n\t\t\t\t<div class=\"elementor-widget-container\">\n\t\t\t\t\t\t\t<div class=\"elementor-spacer\">\n\t\t\t<div class=\"elementor-spacer-inner\"><\/div>\n\t\t<\/div>\n\t\t\t\t\t\t<\/div>\n\t\t\t\t<\/div>\n\t\t\t\t<div class=\"elementor-element elementor-element-499af90 elementor-widget elementor-widget-text-editor\" data-id=\"499af90\" data-element_type=\"widget\" data-widget_type=\"text-editor.default\">\n\t\t\t\t<div class=\"elementor-widget-container\">\n\t\t\t\t\t\t\t\t\t<p style=\"font-weight: 400;\">Si est\u00e1 experimentando molestias en su zona ginecol\u00f3gica y su ginec\u00f3logo no se ha aportado una soluci\u00f3n a sus problemas, acude a un oste\u00f3pata y analicemos juntos las posibles soluciones.<\/p>\t\t\t\t\t\t\t\t<\/div>\n\t\t\t\t<\/div>\n\t\t\t\t<div class=\"elementor-element elementor-element-e22277d elementor-widget elementor-widget-spacer\" data-id=\"e22277d\" data-element_type=\"widget\" data-widget_type=\"spacer.default\">\n\t\t\t\t<div class=\"elementor-widget-container\">\n\t\t\t\t\t\t\t<div class=\"elementor-spacer\">\n\t\t\t<div class=\"elementor-spacer-inner\"><\/div>\n\t\t<\/div>\n\t\t\t\t\t\t<\/div>\n\t\t\t\t<\/div>\n\t\t\t\t\t<\/div>\n\t\t<\/div>\n\t\t\t\t\t<\/div>\n\t\t<\/section>\n\t\t\t\t<section class=\"elementor-section elementor-top-section elementor-element elementor-element-8c4c027 elementor-section-boxed elementor-section-height-default elementor-section-height-default\" data-id=\"8c4c027\" data-element_type=\"section\" data-settings=\"{&quot;background_background&quot;:&quot;classic&quot;}\">\n\t\t\t\t\t\t\t<div class=\"elementor-background-overlay\"><\/div>\n\t\t\t\t\t\t\t<div class=\"elementor-container elementor-column-gap-default\">\n\t\t\t\t\t<div class=\"elementor-column elementor-col-100 elementor-top-column elementor-element elementor-element-47bf598\" data-id=\"47bf598\" data-element_type=\"column\">\n\t\t\t<div class=\"elementor-widget-wrap elementor-element-populated\">\n\t\t\t\t\t\t<div class=\"elementor-element elementor-element-efbac8c elementor-widget elementor-widget-spacer\" data-id=\"efbac8c\" data-element_type=\"widget\" data-widget_type=\"spacer.default\">\n\t\t\t\t<div class=\"elementor-widget-container\">\n\t\t\t\t\t\t\t<div class=\"elementor-spacer\">\n\t\t\t<div class=\"elementor-spacer-inner\"><\/div>\n\t\t<\/div>\n\t\t\t\t\t\t<\/div>\n\t\t\t\t<\/div>\n\t\t\t\t<div class=\"elementor-element elementor-element-dfdbc6d elementor-widget elementor-widget-text-editor\" data-id=\"dfdbc6d\" data-element_type=\"widget\" data-widget_type=\"text-editor.default\">\n\t\t\t\t<div class=\"elementor-widget-container\">\n\t\t\t\t\t\t\t\t\t<p style=\"font-weight: 400;\">Este art\u00edculo fue escrito por Diane P\u00e9legrin-Bomel.<\/p>\t\t\t\t\t\t\t\t<\/div>\n\t\t\t\t<\/div>\n\t\t\t\t<div class=\"elementor-element elementor-element-94b0472 elementor-widget elementor-widget-spacer\" data-id=\"94b0472\" data-element_type=\"widget\" data-widget_type=\"spacer.default\">\n\t\t\t\t<div class=\"elementor-widget-container\">\n\t\t\t\t\t\t\t<div class=\"elementor-spacer\">\n\t\t\t<div class=\"elementor-spacer-inner\"><\/div>\n\t\t<\/div>\n\t\t\t\t\t\t<\/div>\n\t\t\t\t<\/div>\n\t\t\t\t\t<\/div>\n\t\t<\/div>\n\t\t\t\t\t<\/div>\n\t\t<\/section>\n\t\t\t\t<\/div>","protected":false},"excerpt":{"rendered":"<p>Suivi gyn\u00e9cologiques-ost\u00e9opathique Nous ne pensons pas d\u2019embl\u00e9e que l\u2019ost\u00e9opathie peut intervenir dans le domaine gyn\u00e9cologique, et bien d\u00e9trompez-vous\u00a0! En effet face \u00e0 des r\u00e8gles douloureuses, des douleurs aux rapports, des probl\u00e8mes d\u2019infertilit\u00e9, des douleurs post accouchement et dans bien d\u2019autre cas, nous pouvons intervenir et vous aider avec le savoir-faire ost\u00e9opathique. L\u2019ost\u00e9opathie permet d\u2019aborder le [&hellip;]<\/p>","protected":false},"author":4,"featured_media":0,"parent":0,"menu_order":0,"comment_status":"closed","ping_status":"closed","template":"","meta":{"footnotes":""},"class_list":["post-16624","page","type-page","status-publish","hentry","entry"],"jetpack_sharing_enabled":true,"_links":{"self":[{"href":"https:\/\/osteoparisien.com\/es\/wp-json\/wp\/v2\/pages\/16624","targetHints":{"allow":["GET"]}}],"collection":[{"href":"https:\/\/osteoparisien.com\/es\/wp-json\/wp\/v2\/pages"}],"about":[{"href":"https:\/\/osteoparisien.com\/es\/wp-json\/wp\/v2\/types\/page"}],"author":[{"embeddable":true,"href":"https:\/\/osteoparisien.com\/es\/wp-json\/wp\/v2\/users\/4"}],"replies":[{"embeddable":true,"href":"https:\/\/osteoparisien.com\/es\/wp-json\/wp\/v2\/comments?post=16624"}],"version-history":[{"count":0,"href":"https:\/\/osteoparisien.com\/es\/wp-json\/wp\/v2\/pages\/16624\/revisions"}],"wp:attachment":[{"href":"https:\/\/osteoparisien.com\/es\/wp-json\/wp\/v2\/media?parent=16624"}],"curies":[{"name":"wp","href":"https:\/\/api.w.org\/{rel}","templated":true}]}}