{"id":16618,"date":"2024-11-06T16:12:59","date_gmt":"2024-11-06T15:12:59","guid":{"rendered":"http:\/\/osteoparisien.com\/?page_id=16618"},"modified":"2025-06-18T16:15:10","modified_gmt":"2025-06-18T14:15:10","slug":"osteopathie-et-nourrissons","status":"publish","type":"page","link":"https:\/\/osteoparisien.com\/es\/osteopathie-et-nourrissons\/","title":{"rendered":"Osteopat\u00eda y lactantes"},"content":{"rendered":"<div data-elementor-type=\"wp-page\" data-elementor-id=\"16618\" class=\"elementor elementor-16618\">\n\t\t\t\t\t\t<section class=\"elementor-section elementor-top-section elementor-element elementor-element-56f0ed9 elementor-section-full_width elementor-section-height-default elementor-section-height-default\" data-id=\"56f0ed9\" data-element_type=\"section\" data-settings=\"{&quot;background_background&quot;:&quot;classic&quot;}\">\n\t\t\t\t\t\t\t<div class=\"elementor-background-overlay\"><\/div>\n\t\t\t\t\t\t\t<div class=\"elementor-container elementor-column-gap-default\">\n\t\t\t\t\t<div class=\"elementor-column elementor-col-100 elementor-top-column elementor-element elementor-element-92c6042\" data-id=\"92c6042\" data-element_type=\"column\">\n\t\t\t<div class=\"elementor-widget-wrap elementor-element-populated\">\n\t\t\t\t\t\t<div class=\"elementor-element elementor-element-fa84308 elementor-widget elementor-widget-spacer\" data-id=\"fa84308\" data-element_type=\"widget\" data-widget_type=\"spacer.default\">\n\t\t\t\t<div class=\"elementor-widget-container\">\n\t\t\t\t\t\t\t<div class=\"elementor-spacer\">\n\t\t\t<div class=\"elementor-spacer-inner\"><\/div>\n\t\t<\/div>\n\t\t\t\t\t\t<\/div>\n\t\t\t\t<\/div>\n\t\t\t\t<div class=\"elementor-element elementor-element-5508177 elementor-widget elementor-widget-text-editor\" data-id=\"5508177\" data-element_type=\"widget\" data-widget_type=\"text-editor.default\">\n\t\t\t\t<div class=\"elementor-widget-container\">\n\t\t\t\t\t\t\t\t\t<p>Osteopat\u00eda y lactantes<\/p>\t\t\t\t\t\t\t\t<\/div>\n\t\t\t\t<\/div>\n\t\t\t\t<div class=\"elementor-element elementor-element-7b60e90 elementor-widget elementor-widget-spacer\" data-id=\"7b60e90\" data-element_type=\"widget\" data-widget_type=\"spacer.default\">\n\t\t\t\t<div class=\"elementor-widget-container\">\n\t\t\t\t\t\t\t<div class=\"elementor-spacer\">\n\t\t\t<div class=\"elementor-spacer-inner\"><\/div>\n\t\t<\/div>\n\t\t\t\t\t\t<\/div>\n\t\t\t\t<\/div>\n\t\t\t\t\t<\/div>\n\t\t<\/div>\n\t\t\t\t\t<\/div>\n\t\t<\/section>\n\t\t\t\t<section class=\"elementor-section elementor-top-section elementor-element elementor-element-30ff580 elementor-section-boxed elementor-section-height-default elementor-section-height-default\" data-id=\"30ff580\" data-element_type=\"section\" data-settings=\"{&quot;background_background&quot;:&quot;classic&quot;}\">\n\t\t\t\t\t\t\t<div class=\"elementor-background-overlay\"><\/div>\n\t\t\t\t\t\t\t<div class=\"elementor-container elementor-column-gap-default\">\n\t\t\t\t\t<div class=\"elementor-column elementor-col-100 elementor-top-column elementor-element elementor-element-3924183\" data-id=\"3924183\" data-element_type=\"column\">\n\t\t\t<div class=\"elementor-widget-wrap elementor-element-populated\">\n\t\t\t\t\t\t<div class=\"elementor-element elementor-element-a23cc1d elementor-widget elementor-widget-spacer\" data-id=\"a23cc1d\" data-element_type=\"widget\" data-widget_type=\"spacer.default\">\n\t\t\t\t<div class=\"elementor-widget-container\">\n\t\t\t\t\t\t\t<div class=\"elementor-spacer\">\n\t\t\t<div class=\"elementor-spacer-inner\"><\/div>\n\t\t<\/div>\n\t\t\t\t\t\t<\/div>\n\t\t\t\t<\/div>\n\t\t\t\t<div class=\"elementor-element elementor-element-0acfbfa elementor-widget elementor-widget-text-editor\" data-id=\"0acfbfa\" data-element_type=\"widget\" data-widget_type=\"text-editor.default\">\n\t\t\t\t<div class=\"elementor-widget-container\">\n\t\t\t\t\t\t\t\t\t<p style=\"font-weight: 400;\">En los reci\u00e9n nacidos, se reconoce que una sesi\u00f3n de osteopat\u00eda puede ayudar mucho al beb\u00e9 tras el nacimiento.<\/p>\t\t\t\t\t\t\t\t<\/div>\n\t\t\t\t<\/div>\n\t\t\t\t<div class=\"elementor-element elementor-element-7f3a61e elementor-widget elementor-widget-spacer\" data-id=\"7f3a61e\" data-element_type=\"widget\" data-widget_type=\"spacer.default\">\n\t\t\t\t<div class=\"elementor-widget-container\">\n\t\t\t\t\t\t\t<div class=\"elementor-spacer\">\n\t\t\t<div class=\"elementor-spacer-inner\"><\/div>\n\t\t<\/div>\n\t\t\t\t\t\t<\/div>\n\t\t\t\t<\/div>\n\t\t\t\t\t<\/div>\n\t\t<\/div>\n\t\t\t\t\t<\/div>\n\t\t<\/section>\n\t\t\t\t<section class=\"elementor-section elementor-top-section elementor-element elementor-element-90e308a elementor-section-boxed elementor-section-height-default elementor-section-height-default\" data-id=\"90e308a\" data-element_type=\"section\" data-settings=\"{&quot;background_background&quot;:&quot;classic&quot;}\">\n\t\t\t\t\t\t\t<div class=\"elementor-background-overlay\"><\/div>\n\t\t\t\t\t\t\t<div class=\"elementor-container elementor-column-gap-default\">\n\t\t\t\t\t<div class=\"elementor-column elementor-col-100 elementor-top-column elementor-element elementor-element-d8beaf1\" data-id=\"d8beaf1\" data-element_type=\"column\">\n\t\t\t<div class=\"elementor-widget-wrap elementor-element-populated\">\n\t\t\t\t\t\t<div class=\"elementor-element elementor-element-e125dc2 elementor-widget elementor-widget-text-editor\" data-id=\"e125dc2\" data-element_type=\"widget\" data-widget_type=\"text-editor.default\">\n\t\t\t\t<div class=\"elementor-widget-container\">\n\t\t\t\t\t\t\t\t\t<p style=\"font-weight: 400;\">Este paso normal y natural no debe considerarse sistem\u00e1ticamente como una fuente de problemas.<\/p><p style=\"font-weight: 400;\">Sin embargo, en determinados casos puede representar un trauma para el beb\u00e9: parto complicado, sufrimiento fetal, tiempo de permanencia en la pelvis demasiado largo, etc.<\/p>\t\t\t\t\t\t\t\t<\/div>\n\t\t\t\t<\/div>\n\t\t\t\t\t<\/div>\n\t\t<\/div>\n\t\t\t\t\t<\/div>\n\t\t<\/section>\n\t\t\t\t<section class=\"elementor-section elementor-top-section elementor-element elementor-element-815713c elementor-section-boxed elementor-section-height-default elementor-section-height-default\" data-id=\"815713c\" data-element_type=\"section\" data-settings=\"{&quot;background_background&quot;:&quot;classic&quot;}\">\n\t\t\t\t\t\t\t<div class=\"elementor-background-overlay\"><\/div>\n\t\t\t\t\t\t\t<div class=\"elementor-container elementor-column-gap-default\">\n\t\t\t\t\t<div class=\"elementor-column elementor-col-100 elementor-top-column elementor-element elementor-element-f834975\" data-id=\"f834975\" data-element_type=\"column\">\n\t\t\t<div class=\"elementor-widget-wrap elementor-element-populated\">\n\t\t\t\t\t\t<div class=\"elementor-element elementor-element-a07945c elementor-widget elementor-widget-spacer\" data-id=\"a07945c\" data-element_type=\"widget\" data-widget_type=\"spacer.default\">\n\t\t\t\t<div class=\"elementor-widget-container\">\n\t\t\t\t\t\t\t<div class=\"elementor-spacer\">\n\t\t\t<div class=\"elementor-spacer-inner\"><\/div>\n\t\t<\/div>\n\t\t\t\t\t\t<\/div>\n\t\t\t\t<\/div>\n\t\t\t\t<div class=\"elementor-element elementor-element-3ca324a elementor-widget elementor-widget-text-editor\" data-id=\"3ca324a\" data-element_type=\"widget\" data-widget_type=\"text-editor.default\">\n\t\t\t\t<div class=\"elementor-widget-container\">\n\t\t\t\t\t\t\t\t\t<p style=\"font-weight: 400;\">Todas estas condiciones pueden causar bloqueos, especialmente en el cuello, dolores digestivos y problemas de succi\u00f3n que impiden dormir bien.<\/p><p style=\"font-weight: 400;\">Son muchos los trastornos que la osteopat\u00eda ayuda a contrarrestar.<\/p>\t\t\t\t\t\t\t\t<\/div>\n\t\t\t\t<\/div>\n\t\t\t\t<div class=\"elementor-element elementor-element-a02353a elementor-widget elementor-widget-spacer\" data-id=\"a02353a\" data-element_type=\"widget\" data-widget_type=\"spacer.default\">\n\t\t\t\t<div class=\"elementor-widget-container\">\n\t\t\t\t\t\t\t<div class=\"elementor-spacer\">\n\t\t\t<div class=\"elementor-spacer-inner\"><\/div>\n\t\t<\/div>\n\t\t\t\t\t\t<\/div>\n\t\t\t\t<\/div>\n\t\t\t\t\t<\/div>\n\t\t<\/div>\n\t\t\t\t\t<\/div>\n\t\t<\/section>\n\t\t\t\t<section class=\"elementor-section elementor-top-section elementor-element elementor-element-6c40ca9 elementor-section-boxed elementor-section-height-default elementor-section-height-default\" data-id=\"6c40ca9\" data-element_type=\"section\" data-settings=\"{&quot;background_background&quot;:&quot;classic&quot;}\">\n\t\t\t\t\t\t\t<div class=\"elementor-background-overlay\"><\/div>\n\t\t\t\t\t\t\t<div class=\"elementor-container elementor-column-gap-default\">\n\t\t\t\t\t<div class=\"elementor-column elementor-col-100 elementor-top-column elementor-element elementor-element-8aadfef\" data-id=\"8aadfef\" data-element_type=\"column\">\n\t\t\t<div class=\"elementor-widget-wrap elementor-element-populated\">\n\t\t\t\t\t\t<div class=\"elementor-element elementor-element-a36661a elementor-widget elementor-widget-spacer\" data-id=\"a36661a\" data-element_type=\"widget\" data-widget_type=\"spacer.default\">\n\t\t\t\t<div class=\"elementor-widget-container\">\n\t\t\t\t\t\t\t<div class=\"elementor-spacer\">\n\t\t\t<div class=\"elementor-spacer-inner\"><\/div>\n\t\t<\/div>\n\t\t\t\t\t\t<\/div>\n\t\t\t\t<\/div>\n\t\t\t\t<div class=\"elementor-element elementor-element-9e69b1a elementor-widget elementor-widget-text-editor\" data-id=\"9e69b1a\" data-element_type=\"widget\" data-widget_type=\"text-editor.default\">\n\t\t\t\t<div class=\"elementor-widget-container\">\n\t\t\t\t\t\t\t\t\tOsteopat\u00eda y trastornos de la succi\u00f3n en lactantes: una cuesti\u00f3n fundamental\t\t\t\t\t\t\t\t<\/div>\n\t\t\t\t<\/div>\n\t\t\t\t<div class=\"elementor-element elementor-element-a5cef94 elementor-widget elementor-widget-spacer\" data-id=\"a5cef94\" data-element_type=\"widget\" data-widget_type=\"spacer.default\">\n\t\t\t\t<div class=\"elementor-widget-container\">\n\t\t\t\t\t\t\t<div class=\"elementor-spacer\">\n\t\t\t<div class=\"elementor-spacer-inner\"><\/div>\n\t\t<\/div>\n\t\t\t\t\t\t<\/div>\n\t\t\t\t<\/div>\n\t\t\t\t\t<\/div>\n\t\t<\/div>\n\t\t\t\t\t<\/div>\n\t\t<\/section>\n\t\t\t\t<section class=\"elementor-section elementor-top-section elementor-element elementor-element-a8c29a0 elementor-section-boxed elementor-section-height-default elementor-section-height-default\" data-id=\"a8c29a0\" data-element_type=\"section\" data-settings=\"{&quot;background_background&quot;:&quot;classic&quot;}\">\n\t\t\t\t\t\t\t<div class=\"elementor-background-overlay\"><\/div>\n\t\t\t\t\t\t\t<div class=\"elementor-container elementor-column-gap-default\">\n\t\t\t\t\t<div class=\"elementor-column elementor-col-100 elementor-top-column elementor-element elementor-element-081c426\" data-id=\"081c426\" data-element_type=\"column\">\n\t\t\t<div class=\"elementor-widget-wrap elementor-element-populated\">\n\t\t\t\t\t\t<div class=\"elementor-element elementor-element-45e1de2 elementor-widget elementor-widget-spacer\" data-id=\"45e1de2\" data-element_type=\"widget\" data-widget_type=\"spacer.default\">\n\t\t\t\t<div class=\"elementor-widget-container\">\n\t\t\t\t\t\t\t<div class=\"elementor-spacer\">\n\t\t\t<div class=\"elementor-spacer-inner\"><\/div>\n\t\t<\/div>\n\t\t\t\t\t\t<\/div>\n\t\t\t\t<\/div>\n\t\t\t\t<div class=\"elementor-element elementor-element-0e7dddf elementor-widget elementor-widget-text-editor\" data-id=\"0e7dddf\" data-element_type=\"widget\" data-widget_type=\"text-editor.default\">\n\t\t\t\t<div class=\"elementor-widget-container\">\n\t\t\t\t\t\t\t\t\t<p>La succi\u00f3n es un reflejo vital para los reci\u00e9n nacidos, esencial para una alimentaci\u00f3n eficaz, ya sea con pecho o biber\u00f3n. Una succi\u00f3n deficiente puede provocar dificultades para la lactancia, un aumento de peso deficiente, c\u00f3licos o dificultad para comer, lo que hace que la alimentaci\u00f3n sea estresante tanto para el ni\u00f1o como para sus padres.<\/p>\n<p><br>Estos trastornos pueden estar relacionados con tensiones mec\u00e1nicas en el cr\u00e1neo, el paladar, la mand\u00edbula o el suelo de la boca, a veces debido a la posici\u00f3n intrauterina, el parto o frenillos demasiado cortos (restrictivos). La osteopat\u00eda, mediante t\u00e9cnicas suaves y espec\u00edficas, puede liberar estas restricciones y restaurar la movilidad de las estructuras implicadas en la succi\u00f3n.<\/p>\n<p><br>Una buena succi\u00f3n promueve un desarrollo bucal armonioso, facilita una respiraci\u00f3n nasal eficaz y favorece un desarrollo craneofacial equilibrado. Por el contrario, una lengua en mala posici\u00f3n (baja, posterior o inm\u00f3vil) puede alterar el crecimiento maxilar, perturbar la erupci\u00f3n dental, reducir el volumen de las fosas nasales e incluso afectar la esfera ocular (\u00f3rbitas y coordinaci\u00f3n visual).<\/p>\n<p><br>A largo plazo, esto puede afectar la postura, la fonaci\u00f3n, la respiraci\u00f3n y la calidad de la masticaci\u00f3n. Una lengua no funcional se convierte en un factor de desorganizaci\u00f3n general de la esfera orofacial.<\/p>\n<p><br>La osteopat\u00eda tiene por tanto su lugar en la atenci\u00f3n precoz, complementaria a la de las matronas, los consultores de lactancia, los logopedas o los otorrinolaring\u00f3logos, para acompa\u00f1ar al beb\u00e9 hacia un desarrollo sano y confortable.<\/p>\t\t\t\t\t\t\t\t<\/div>\n\t\t\t\t<\/div>\n\t\t\t\t<div class=\"elementor-element elementor-element-3e3d07b elementor-widget elementor-widget-spacer\" data-id=\"3e3d07b\" data-element_type=\"widget\" data-widget_type=\"spacer.default\">\n\t\t\t\t<div class=\"elementor-widget-container\">\n\t\t\t\t\t\t\t<div class=\"elementor-spacer\">\n\t\t\t<div class=\"elementor-spacer-inner\"><\/div>\n\t\t<\/div>\n\t\t\t\t\t\t<\/div>\n\t\t\t\t<\/div>\n\t\t\t\t\t<\/div>\n\t\t<\/div>\n\t\t\t\t\t<\/div>\n\t\t<\/section>\n\t\t\t\t<section class=\"elementor-section elementor-top-section elementor-element elementor-element-62b7701 elementor-section-boxed elementor-section-height-default elementor-section-height-default\" data-id=\"62b7701\" data-element_type=\"section\" data-settings=\"{&quot;background_background&quot;:&quot;classic&quot;}\">\n\t\t\t\t\t\t\t<div class=\"elementor-background-overlay\"><\/div>\n\t\t\t\t\t\t\t<div class=\"elementor-container elementor-column-gap-default\">\n\t\t\t\t\t<div class=\"elementor-column elementor-col-100 elementor-top-column elementor-element elementor-element-63b07b8\" data-id=\"63b07b8\" data-element_type=\"column\">\n\t\t\t<div class=\"elementor-widget-wrap elementor-element-populated\">\n\t\t\t\t\t\t<div class=\"elementor-element elementor-element-aca6750 elementor-widget elementor-widget-spacer\" data-id=\"aca6750\" data-element_type=\"widget\" data-widget_type=\"spacer.default\">\n\t\t\t\t<div class=\"elementor-widget-container\">\n\t\t\t\t\t\t\t<div class=\"elementor-spacer\">\n\t\t\t<div class=\"elementor-spacer-inner\"><\/div>\n\t\t<\/div>\n\t\t\t\t\t\t<\/div>\n\t\t\t\t<\/div>\n\t\t\t\t<div class=\"elementor-element elementor-element-1bfd5a0 elementor-widget elementor-widget-text-editor\" data-id=\"1bfd5a0\" data-element_type=\"widget\" data-widget_type=\"text-editor.default\">\n\t\t\t\t<div class=\"elementor-widget-container\">\n\t\t\t\t\t\t\t\t\t<p style=\"font-weight: 400;\">El objetivo de la osteopat\u00eda es reequilibrar las zonas de disfunci\u00f3n para evitar que posteriormente provoquen trastornos funcionales establecidos.<\/p>\t\t\t\t\t\t\t\t<\/div>\n\t\t\t\t<\/div>\n\t\t\t\t<div class=\"elementor-element elementor-element-eed853e elementor-widget elementor-widget-spacer\" data-id=\"eed853e\" data-element_type=\"widget\" data-widget_type=\"spacer.default\">\n\t\t\t\t<div class=\"elementor-widget-container\">\n\t\t\t\t\t\t\t<div class=\"elementor-spacer\">\n\t\t\t<div class=\"elementor-spacer-inner\"><\/div>\n\t\t<\/div>\n\t\t\t\t\t\t<\/div>\n\t\t\t\t<\/div>\n\t\t\t\t\t<\/div>\n\t\t<\/div>\n\t\t\t\t\t<\/div>\n\t\t<\/section>\n\t\t\t\t<section class=\"elementor-section elementor-top-section elementor-element elementor-element-da73578 elementor-section-boxed elementor-section-height-default elementor-section-height-default\" data-id=\"da73578\" data-element_type=\"section\" data-settings=\"{&quot;background_background&quot;:&quot;classic&quot;}\">\n\t\t\t\t\t\t\t<div class=\"elementor-background-overlay\"><\/div>\n\t\t\t\t\t\t\t<div class=\"elementor-container elementor-column-gap-default\">\n\t\t\t\t\t<div class=\"elementor-column elementor-col-100 elementor-top-column elementor-element elementor-element-2d67bc3\" data-id=\"2d67bc3\" data-element_type=\"column\">\n\t\t\t<div class=\"elementor-widget-wrap elementor-element-populated\">\n\t\t\t\t\t\t<div class=\"elementor-element elementor-element-4e7a796 elementor-widget elementor-widget-spacer\" data-id=\"4e7a796\" data-element_type=\"widget\" data-widget_type=\"spacer.default\">\n\t\t\t\t<div class=\"elementor-widget-container\">\n\t\t\t\t\t\t\t<div class=\"elementor-spacer\">\n\t\t\t<div class=\"elementor-spacer-inner\"><\/div>\n\t\t<\/div>\n\t\t\t\t\t\t<\/div>\n\t\t\t\t<\/div>\n\t\t\t\t<div class=\"elementor-element elementor-element-9a297e4 elementor-widget elementor-widget-text-editor\" data-id=\"9a297e4\" data-element_type=\"widget\" data-widget_type=\"text-editor.default\">\n\t\t\t\t<div class=\"elementor-widget-container\">\n\t\t\t\t\t\t\t\t\t<p style=\"font-weight: 400;\">Este art\u00edculo fue escrito por Diane P\u00e9legrin-Bomel.<\/p>\t\t\t\t\t\t\t\t<\/div>\n\t\t\t\t<\/div>\n\t\t\t\t<div class=\"elementor-element elementor-element-83bea8c elementor-widget elementor-widget-spacer\" data-id=\"83bea8c\" data-element_type=\"widget\" data-widget_type=\"spacer.default\">\n\t\t\t\t<div class=\"elementor-widget-container\">\n\t\t\t\t\t\t\t<div class=\"elementor-spacer\">\n\t\t\t<div class=\"elementor-spacer-inner\"><\/div>\n\t\t<\/div>\n\t\t\t\t\t\t<\/div>\n\t\t\t\t<\/div>\n\t\t\t\t\t<\/div>\n\t\t<\/div>\n\t\t\t\t\t<\/div>\n\t\t<\/section>\n\t\t\t\t<\/div>","protected":false},"excerpt":{"rendered":"<p>Ost\u00e9opathie et nourrissons Chez le nouveau-n\u00e9, il est reconnu qu\u2019une s\u00e9ance d\u2019ost\u00e9opathie peut grandement aider b\u00e9b\u00e9 \u00e0 la suite de la naissance. Cette \u00e9tape normale et naturelle ne doit pas \u00eatre syst\u00e9matiquement consid\u00e9r\u00e9e comme une source de probl\u00e8me. Toutefois dans certains cas elle peut repr\u00e9senter un traumatisme pour le nourrisson\u00a0: accouchement compliqu\u00e9, souffrance f\u0153tale, temps [&hellip;]<\/p>","protected":false},"author":4,"featured_media":15424,"parent":0,"menu_order":0,"comment_status":"closed","ping_status":"closed","template":"","meta":{"footnotes":""},"class_list":["post-16618","page","type-page","status-publish","has-post-thumbnail","hentry","entry","has-media"],"jetpack_sharing_enabled":true,"_links":{"self":[{"href":"https:\/\/osteoparisien.com\/es\/wp-json\/wp\/v2\/pages\/16618","targetHints":{"allow":["GET"]}}],"collection":[{"href":"https:\/\/osteoparisien.com\/es\/wp-json\/wp\/v2\/pages"}],"about":[{"href":"https:\/\/osteoparisien.com\/es\/wp-json\/wp\/v2\/types\/page"}],"author":[{"embeddable":true,"href":"https:\/\/osteoparisien.com\/es\/wp-json\/wp\/v2\/users\/4"}],"replies":[{"embeddable":true,"href":"https:\/\/osteoparisien.com\/es\/wp-json\/wp\/v2\/comments?post=16618"}],"version-history":[{"count":0,"href":"https:\/\/osteoparisien.com\/es\/wp-json\/wp\/v2\/pages\/16618\/revisions"}],"wp:featuredmedia":[{"embeddable":true,"href":"https:\/\/osteoparisien.com\/es\/wp-json\/wp\/v2\/media\/15424"}],"wp:attachment":[{"href":"https:\/\/osteoparisien.com\/es\/wp-json\/wp\/v2\/media?parent=16618"}],"curies":[{"name":"wp","href":"https:\/\/api.w.org\/{rel}","templated":true}]}}