{"id":16608,"date":"2024-11-06T16:06:02","date_gmt":"2024-11-06T15:06:02","guid":{"rendered":"http:\/\/osteoparisien.com\/?page_id=16608"},"modified":"2024-11-22T16:00:59","modified_gmt":"2024-11-22T15:00:59","slug":"femmes-enceintes","status":"publish","type":"page","link":"https:\/\/osteoparisien.com\/es\/femmes-enceintes\/","title":{"rendered":"Mujeres embarazadas"},"content":{"rendered":"<div data-elementor-type=\"wp-page\" data-elementor-id=\"16608\" class=\"elementor elementor-16608\">\n\t\t\t\t\t\t<section class=\"elementor-section elementor-top-section elementor-element elementor-element-d989b0f elementor-section-full_width elementor-section-height-default elementor-section-height-default\" data-id=\"d989b0f\" data-element_type=\"section\" data-settings=\"{&quot;background_background&quot;:&quot;classic&quot;}\">\n\t\t\t\t\t\t\t<div class=\"elementor-background-overlay\"><\/div>\n\t\t\t\t\t\t\t<div class=\"elementor-container elementor-column-gap-default\">\n\t\t\t\t\t<div class=\"elementor-column elementor-col-100 elementor-top-column elementor-element elementor-element-b67d61f\" data-id=\"b67d61f\" data-element_type=\"column\">\n\t\t\t<div class=\"elementor-widget-wrap elementor-element-populated\">\n\t\t\t\t\t\t<div class=\"elementor-element elementor-element-566c5ca elementor-widget elementor-widget-spacer\" data-id=\"566c5ca\" data-element_type=\"widget\" data-widget_type=\"spacer.default\">\n\t\t\t\t<div class=\"elementor-widget-container\">\n\t\t\t\t\t\t\t<div class=\"elementor-spacer\">\n\t\t\t<div class=\"elementor-spacer-inner\"><\/div>\n\t\t<\/div>\n\t\t\t\t\t\t<\/div>\n\t\t\t\t<\/div>\n\t\t\t\t<div class=\"elementor-element elementor-element-57855a5 elementor-widget elementor-widget-text-editor\" data-id=\"57855a5\" data-element_type=\"widget\" data-widget_type=\"text-editor.default\">\n\t\t\t\t<div class=\"elementor-widget-container\">\n\t\t\t\t\t\t\t\t\t<p>Mujeres embarazadas<\/p>\t\t\t\t\t\t\t\t<\/div>\n\t\t\t\t<\/div>\n\t\t\t\t<div class=\"elementor-element elementor-element-1da7d3b elementor-widget elementor-widget-spacer\" data-id=\"1da7d3b\" data-element_type=\"widget\" data-widget_type=\"spacer.default\">\n\t\t\t\t<div class=\"elementor-widget-container\">\n\t\t\t\t\t\t\t<div class=\"elementor-spacer\">\n\t\t\t<div class=\"elementor-spacer-inner\"><\/div>\n\t\t<\/div>\n\t\t\t\t\t\t<\/div>\n\t\t\t\t<\/div>\n\t\t\t\t\t<\/div>\n\t\t<\/div>\n\t\t\t\t\t<\/div>\n\t\t<\/section>\n\t\t\t\t<section class=\"elementor-section elementor-top-section elementor-element elementor-element-bc57c57 elementor-section-boxed elementor-section-height-default elementor-section-height-default\" data-id=\"bc57c57\" data-element_type=\"section\" data-settings=\"{&quot;background_background&quot;:&quot;classic&quot;}\">\n\t\t\t\t\t\t\t<div class=\"elementor-background-overlay\"><\/div>\n\t\t\t\t\t\t\t<div class=\"elementor-container elementor-column-gap-default\">\n\t\t\t\t\t<div class=\"elementor-column elementor-col-100 elementor-top-column elementor-element elementor-element-c2c49cc\" data-id=\"c2c49cc\" data-element_type=\"column\">\n\t\t\t<div class=\"elementor-widget-wrap elementor-element-populated\">\n\t\t\t\t\t\t<div class=\"elementor-element elementor-element-47baadb elementor-widget elementor-widget-spacer\" data-id=\"47baadb\" data-element_type=\"widget\" data-widget_type=\"spacer.default\">\n\t\t\t\t<div class=\"elementor-widget-container\">\n\t\t\t\t\t\t\t<div class=\"elementor-spacer\">\n\t\t\t<div class=\"elementor-spacer-inner\"><\/div>\n\t\t<\/div>\n\t\t\t\t\t\t<\/div>\n\t\t\t\t<\/div>\n\t\t\t\t<div class=\"elementor-element elementor-element-e5c0720 elementor-widget elementor-widget-text-editor\" data-id=\"e5c0720\" data-element_type=\"widget\" data-widget_type=\"text-editor.default\">\n\t\t\t\t<div class=\"elementor-widget-container\">\n\t\t\t\t\t\t\t\t\t<p style=\"font-weight: 400;\">A veces las mujeres descubren la osteopat\u00eda durante el embarazo.<\/p><p style=\"font-weight: 400;\">Muchas de ellas toman una consulta con el oste\u00f3pata en ese momento porque tomar medicamentos fuertes est\u00e1 totalmente desaconsejado o incluso prohibido.<\/p>\t\t\t\t\t\t\t\t<\/div>\n\t\t\t\t<\/div>\n\t\t\t\t<div class=\"elementor-element elementor-element-eb8efc8 elementor-widget elementor-widget-spacer\" data-id=\"eb8efc8\" data-element_type=\"widget\" data-widget_type=\"spacer.default\">\n\t\t\t\t<div class=\"elementor-widget-container\">\n\t\t\t\t\t\t\t<div class=\"elementor-spacer\">\n\t\t\t<div class=\"elementor-spacer-inner\"><\/div>\n\t\t<\/div>\n\t\t\t\t\t\t<\/div>\n\t\t\t\t<\/div>\n\t\t\t\t\t<\/div>\n\t\t<\/div>\n\t\t\t\t\t<\/div>\n\t\t<\/section>\n\t\t\t\t<section class=\"elementor-section elementor-top-section elementor-element elementor-element-d056720 elementor-section-boxed elementor-section-height-default elementor-section-height-default\" data-id=\"d056720\" data-element_type=\"section\" data-settings=\"{&quot;background_background&quot;:&quot;classic&quot;}\">\n\t\t\t\t\t\t\t<div class=\"elementor-background-overlay\"><\/div>\n\t\t\t\t\t\t\t<div class=\"elementor-container elementor-column-gap-default\">\n\t\t\t\t\t<div class=\"elementor-column elementor-col-50 elementor-top-column elementor-element elementor-element-75ebf8a\" data-id=\"75ebf8a\" data-element_type=\"column\">\n\t\t\t<div class=\"elementor-widget-wrap elementor-element-populated\">\n\t\t\t\t\t\t<div class=\"elementor-element elementor-element-b62dfd5 elementor-widget elementor-widget-text-editor\" data-id=\"b62dfd5\" data-element_type=\"widget\" data-widget_type=\"text-editor.default\">\n\t\t\t\t<div class=\"elementor-widget-container\">\n\t\t\t\t\t\t\t\t\t<p style=\"font-weight: 400;\">El embarazo provoca muchos cambios en el cuerpo. El aumento de peso, los cambios bruscos de postura, los cambios hormonales y fisiol\u00f3gicos, como el flujo de sangre y el consiguiente cambio de presi\u00f3n, traer\u00e1n autom\u00e1ticamente su cuota de alegr\u00eda:<\/p><ul style=\"font-weight: 400;\"><li>Dolor de ligamentos en el abdomen inferior<\/li><li>Dolor lumbar que se irradia a la zona lumbar<\/li><li>Ci\u00e1tica en mujeres embarazadas, el nervio ci\u00e1tico queda atrapado y el dolor es agudo, paralizante, se irradia desde la parte superior del gl\u00fateo hasta la pierna<\/li><li>Insomnio asociado a dolor, mala postura, dificultad para respirar, bloqueo en el diafragma, ansiedad, etc.<\/li><li>Problemas circulatorios: el volumen de sangre aumenta, al igual que la presi\u00f3n arterial, lo que puede provocar, entre otras cosas, dolor en las piernas, retenci\u00f3n de l\u00edquidos y, por tanto, hinchaz\u00f3n<\/li><\/ul><ul style=\"font-weight: 400;\"><li>El reflujo puede ocurrir y ser muy desagradable<\/li><\/ul><p style=\"font-weight: 400;\">El tratamiento osteop\u00e1tico del dolor o molestias relacionadas con el embarazo da muy buenos resultados.<\/p>\t\t\t\t\t\t\t\t<\/div>\n\t\t\t\t<\/div>\n\t\t\t\t\t<\/div>\n\t\t<\/div>\n\t\t\t\t<div class=\"elementor-column elementor-col-50 elementor-top-column elementor-element elementor-element-5598d7a\" data-id=\"5598d7a\" data-element_type=\"column\">\n\t\t\t<div class=\"elementor-widget-wrap elementor-element-populated\">\n\t\t\t\t\t\t<div class=\"elementor-element elementor-element-c2ba982 elementor-widget elementor-widget-image\" data-id=\"c2ba982\" data-element_type=\"widget\" data-widget_type=\"image.default\">\n\t\t\t\t<div class=\"elementor-widget-container\">\n\t\t\t\t\t\t\t\t\t\t\t\t\t\t\t<img fetchpriority=\"high\" decoding=\"async\" width=\"1024\" height=\"819\" src=\"https:\/\/osteoparisien.com\/wp-content\/uploads\/2024\/11\/FEMME-ENCEINTE-1024x819.png\" class=\"attachment-large size-large wp-image-16959\" alt=\"\" srcset=\"https:\/\/osteoparisien.com\/wp-content\/uploads\/2024\/11\/FEMME-ENCEINTE-1024x819.png 1024w, https:\/\/osteoparisien.com\/wp-content\/uploads\/2024\/11\/FEMME-ENCEINTE-300x240.png 300w, https:\/\/osteoparisien.com\/wp-content\/uploads\/2024\/11\/FEMME-ENCEINTE-768x614.png 768w, https:\/\/osteoparisien.com\/wp-content\/uploads\/2024\/11\/FEMME-ENCEINTE-15x12.png 15w, https:\/\/osteoparisien.com\/wp-content\/uploads\/2024\/11\/FEMME-ENCEINTE.png 1280w\" sizes=\"(max-width: 1024px) 100vw, 1024px\" \/>\t\t\t\t\t\t\t\t\t\t\t\t\t\t\t<\/div>\n\t\t\t\t<\/div>\n\t\t\t\t\t<\/div>\n\t\t<\/div>\n\t\t\t\t\t<\/div>\n\t\t<\/section>\n\t\t\t\t<section class=\"elementor-section elementor-top-section elementor-element elementor-element-725df6d elementor-section-boxed elementor-section-height-default elementor-section-height-default\" data-id=\"725df6d\" data-element_type=\"section\" data-settings=\"{&quot;background_background&quot;:&quot;classic&quot;}\">\n\t\t\t\t\t\t\t<div class=\"elementor-background-overlay\"><\/div>\n\t\t\t\t\t\t\t<div class=\"elementor-container elementor-column-gap-default\">\n\t\t\t\t\t<div class=\"elementor-column elementor-col-100 elementor-top-column elementor-element elementor-element-f1f797e\" data-id=\"f1f797e\" data-element_type=\"column\">\n\t\t\t<div class=\"elementor-widget-wrap elementor-element-populated\">\n\t\t\t\t\t\t<div class=\"elementor-element elementor-element-096382f elementor-widget elementor-widget-spacer\" data-id=\"096382f\" data-element_type=\"widget\" data-widget_type=\"spacer.default\">\n\t\t\t\t<div class=\"elementor-widget-container\">\n\t\t\t\t\t\t\t<div class=\"elementor-spacer\">\n\t\t\t<div class=\"elementor-spacer-inner\"><\/div>\n\t\t<\/div>\n\t\t\t\t\t\t<\/div>\n\t\t\t\t<\/div>\n\t\t\t\t<div class=\"elementor-element elementor-element-f99faa5 elementor-widget elementor-widget-text-editor\" data-id=\"f99faa5\" data-element_type=\"widget\" data-widget_type=\"text-editor.default\">\n\t\t\t\t<div class=\"elementor-widget-container\">\n\t\t\t\t\t\t\t\t\t<p style=\"font-weight: 400;\">Durante la consulta, el oste\u00f3pata act\u00faa siempre sin coacci\u00f3n ni presi\u00f3n sobre el beb\u00e9; Por el contrario, el objetivo es muy a menudo darle un poco m\u00e1s de espacio y libertad devolviendo movilidad a las estructuras vecinas: pelvis \u00f3sea, sistema digestivo, diafragma, t\u00f3rax (costillas inferiores).<\/p><p style=\"font-weight: 400;\">Es importante recordar que estar embarazada no es una patolog\u00eda. Durante este per\u00edodo intervenimos para proporcionarle comodidad y a su beb\u00e9 y para permitirle crear todas las condiciones favorables para el mejor embarazo posible.<\/p>\t\t\t\t\t\t\t\t<\/div>\n\t\t\t\t<\/div>\n\t\t\t\t<div class=\"elementor-element elementor-element-6a1dec4 elementor-widget elementor-widget-spacer\" data-id=\"6a1dec4\" data-element_type=\"widget\" data-widget_type=\"spacer.default\">\n\t\t\t\t<div class=\"elementor-widget-container\">\n\t\t\t\t\t\t\t<div class=\"elementor-spacer\">\n\t\t\t<div class=\"elementor-spacer-inner\"><\/div>\n\t\t<\/div>\n\t\t\t\t\t\t<\/div>\n\t\t\t\t<\/div>\n\t\t\t\t\t<\/div>\n\t\t<\/div>\n\t\t\t\t\t<\/div>\n\t\t<\/section>\n\t\t\t\t<section class=\"elementor-section elementor-top-section elementor-element elementor-element-0aaf20d elementor-section-boxed elementor-section-height-default elementor-section-height-default\" data-id=\"0aaf20d\" data-element_type=\"section\" data-settings=\"{&quot;background_background&quot;:&quot;classic&quot;}\">\n\t\t\t\t\t\t\t<div class=\"elementor-background-overlay\"><\/div>\n\t\t\t\t\t\t\t<div class=\"elementor-container elementor-column-gap-default\">\n\t\t\t\t\t<div class=\"elementor-column elementor-col-100 elementor-top-column elementor-element elementor-element-a257eb9\" data-id=\"a257eb9\" data-element_type=\"column\">\n\t\t\t<div class=\"elementor-widget-wrap elementor-element-populated\">\n\t\t\t\t\t\t<div class=\"elementor-element elementor-element-7108313 elementor-widget elementor-widget-spacer\" data-id=\"7108313\" data-element_type=\"widget\" data-widget_type=\"spacer.default\">\n\t\t\t\t<div class=\"elementor-widget-container\">\n\t\t\t\t\t\t\t<div class=\"elementor-spacer\">\n\t\t\t<div class=\"elementor-spacer-inner\"><\/div>\n\t\t<\/div>\n\t\t\t\t\t\t<\/div>\n\t\t\t\t<\/div>\n\t\t\t\t<div class=\"elementor-element elementor-element-bb4761f elementor-widget elementor-widget-text-editor\" data-id=\"bb4761f\" data-element_type=\"widget\" data-widget_type=\"text-editor.default\">\n\t\t\t\t<div class=\"elementor-widget-container\">\n\t\t\t\t\t\t\t\t\t<p style=\"font-weight: 400;\">Para un buen seguimiento le recomiendo que realice al menos 3 sesiones de osteopat\u00eda durante este periodo, una cada tres meses y si es necesario con mayor frecuencia en funci\u00f3n de sus molestias.<\/p>\t\t\t\t\t\t\t\t<\/div>\n\t\t\t\t<\/div>\n\t\t\t\t<div class=\"elementor-element elementor-element-6ee1b7b elementor-widget elementor-widget-spacer\" data-id=\"6ee1b7b\" data-element_type=\"widget\" data-widget_type=\"spacer.default\">\n\t\t\t\t<div class=\"elementor-widget-container\">\n\t\t\t\t\t\t\t<div class=\"elementor-spacer\">\n\t\t\t<div class=\"elementor-spacer-inner\"><\/div>\n\t\t<\/div>\n\t\t\t\t\t\t<\/div>\n\t\t\t\t<\/div>\n\t\t\t\t\t<\/div>\n\t\t<\/div>\n\t\t\t\t\t<\/div>\n\t\t<\/section>\n\t\t\t\t<section class=\"elementor-section elementor-top-section elementor-element elementor-element-9ad3af8 elementor-section-boxed elementor-section-height-default elementor-section-height-default\" data-id=\"9ad3af8\" data-element_type=\"section\" data-settings=\"{&quot;background_background&quot;:&quot;classic&quot;}\">\n\t\t\t\t\t\t\t<div class=\"elementor-background-overlay\"><\/div>\n\t\t\t\t\t\t\t<div class=\"elementor-container elementor-column-gap-default\">\n\t\t\t\t\t<div class=\"elementor-column elementor-col-100 elementor-top-column elementor-element elementor-element-f623aac\" data-id=\"f623aac\" data-element_type=\"column\">\n\t\t\t<div class=\"elementor-widget-wrap elementor-element-populated\">\n\t\t\t\t\t\t<div class=\"elementor-element elementor-element-84f6d43 elementor-widget elementor-widget-spacer\" data-id=\"84f6d43\" data-element_type=\"widget\" data-widget_type=\"spacer.default\">\n\t\t\t\t<div class=\"elementor-widget-container\">\n\t\t\t\t\t\t\t<div class=\"elementor-spacer\">\n\t\t\t<div class=\"elementor-spacer-inner\"><\/div>\n\t\t<\/div>\n\t\t\t\t\t\t<\/div>\n\t\t\t\t<\/div>\n\t\t\t\t<div class=\"elementor-element elementor-element-f6ee9e1 elementor-widget elementor-widget-text-editor\" data-id=\"f6ee9e1\" data-element_type=\"widget\" data-widget_type=\"text-editor.default\">\n\t\t\t\t<div class=\"elementor-widget-container\">\n\t\t\t\t\t\t\t\t\t<p style=\"font-weight: 400;\">Este art\u00edculo fue escrito por Diane P\u00e9legrin-Bomel.<\/p>\t\t\t\t\t\t\t\t<\/div>\n\t\t\t\t<\/div>\n\t\t\t\t<div class=\"elementor-element elementor-element-50fcd5b elementor-widget elementor-widget-spacer\" data-id=\"50fcd5b\" data-element_type=\"widget\" data-widget_type=\"spacer.default\">\n\t\t\t\t<div class=\"elementor-widget-container\">\n\t\t\t\t\t\t\t<div class=\"elementor-spacer\">\n\t\t\t<div class=\"elementor-spacer-inner\"><\/div>\n\t\t<\/div>\n\t\t\t\t\t\t<\/div>\n\t\t\t\t<\/div>\n\t\t\t\t\t<\/div>\n\t\t<\/div>\n\t\t\t\t\t<\/div>\n\t\t<\/section>\n\t\t\t\t<\/div>","protected":false},"excerpt":{"rendered":"<p>Femmes enceintes Il arrive parfois que certaines femmes d\u00e9couvrent l\u2019ost\u00e9opathie lors de leur grossesse. Bon nombre d\u2019entre-elles passent la porte d\u2019un cabinet d\u2019ost\u00e9opathe \u00e0 ce moment car la prise de m\u00e9dicaments puissants est fortement d\u00e9conseill\u00e9e voire interdite. La grossesse entra\u00eene un chamboulement du corps. La prise de poids, le changement soudain de posture, les changements [&hellip;]<\/p>","protected":false},"author":4,"featured_media":0,"parent":0,"menu_order":0,"comment_status":"closed","ping_status":"closed","template":"","meta":{"footnotes":""},"class_list":["post-16608","page","type-page","status-publish","hentry","entry"],"jetpack_sharing_enabled":true,"_links":{"self":[{"href":"https:\/\/osteoparisien.com\/es\/wp-json\/wp\/v2\/pages\/16608","targetHints":{"allow":["GET"]}}],"collection":[{"href":"https:\/\/osteoparisien.com\/es\/wp-json\/wp\/v2\/pages"}],"about":[{"href":"https:\/\/osteoparisien.com\/es\/wp-json\/wp\/v2\/types\/page"}],"author":[{"embeddable":true,"href":"https:\/\/osteoparisien.com\/es\/wp-json\/wp\/v2\/users\/4"}],"replies":[{"embeddable":true,"href":"https:\/\/osteoparisien.com\/es\/wp-json\/wp\/v2\/comments?post=16608"}],"version-history":[{"count":0,"href":"https:\/\/osteoparisien.com\/es\/wp-json\/wp\/v2\/pages\/16608\/revisions"}],"wp:attachment":[{"href":"https:\/\/osteoparisien.com\/es\/wp-json\/wp\/v2\/media?parent=16608"}],"curies":[{"name":"wp","href":"https:\/\/api.w.org\/{rel}","templated":true}]}}