{"id":16516,"date":"2024-11-05T16:28:13","date_gmt":"2024-11-05T15:28:13","guid":{"rendered":"http:\/\/osteoparisien.com\/?page_id=16516"},"modified":"2024-11-21T10:19:51","modified_gmt":"2024-11-21T09:19:51","slug":"osteopathie-viscerale","status":"publish","type":"page","link":"https:\/\/osteoparisien.com\/es\/osteopathie-viscerale\/","title":{"rendered":"Osteopat\u00eda visceral"},"content":{"rendered":"<div data-elementor-type=\"wp-page\" data-elementor-id=\"16516\" class=\"elementor elementor-16516\">\n\t\t\t\t\t\t<section class=\"elementor-section elementor-top-section elementor-element elementor-element-af7a578 elementor-section-full_width elementor-section-height-default elementor-section-height-default\" data-id=\"af7a578\" data-element_type=\"section\" data-settings=\"{&quot;background_background&quot;:&quot;classic&quot;}\">\n\t\t\t\t\t\t\t<div class=\"elementor-background-overlay\"><\/div>\n\t\t\t\t\t\t\t<div class=\"elementor-container elementor-column-gap-default\">\n\t\t\t\t\t<div class=\"elementor-column elementor-col-100 elementor-top-column elementor-element elementor-element-98426c1\" data-id=\"98426c1\" data-element_type=\"column\">\n\t\t\t<div class=\"elementor-widget-wrap elementor-element-populated\">\n\t\t\t\t\t\t<div class=\"elementor-element elementor-element-0a966c5 elementor-widget elementor-widget-spacer\" data-id=\"0a966c5\" data-element_type=\"widget\" data-widget_type=\"spacer.default\">\n\t\t\t\t<div class=\"elementor-widget-container\">\n\t\t\t\t\t\t\t<div class=\"elementor-spacer\">\n\t\t\t<div class=\"elementor-spacer-inner\"><\/div>\n\t\t<\/div>\n\t\t\t\t\t\t<\/div>\n\t\t\t\t<\/div>\n\t\t\t\t<div class=\"elementor-element elementor-element-873041d elementor-widget elementor-widget-text-editor\" data-id=\"873041d\" data-element_type=\"widget\" data-widget_type=\"text-editor.default\">\n\t\t\t\t<div class=\"elementor-widget-container\">\n\t\t\t\t\t\t\t\t\t<p>Osteopat\u00eda visceral<\/p>\t\t\t\t\t\t\t\t<\/div>\n\t\t\t\t<\/div>\n\t\t\t\t<div class=\"elementor-element elementor-element-55d6265 elementor-widget elementor-widget-spacer\" data-id=\"55d6265\" data-element_type=\"widget\" data-widget_type=\"spacer.default\">\n\t\t\t\t<div class=\"elementor-widget-container\">\n\t\t\t\t\t\t\t<div class=\"elementor-spacer\">\n\t\t\t<div class=\"elementor-spacer-inner\"><\/div>\n\t\t<\/div>\n\t\t\t\t\t\t<\/div>\n\t\t\t\t<\/div>\n\t\t\t\t\t<\/div>\n\t\t<\/div>\n\t\t\t\t\t<\/div>\n\t\t<\/section>\n\t\t\t\t<section class=\"elementor-section elementor-top-section elementor-element elementor-element-3d63844 elementor-section-boxed elementor-section-height-default elementor-section-height-default\" data-id=\"3d63844\" data-element_type=\"section\" data-settings=\"{&quot;background_background&quot;:&quot;classic&quot;}\">\n\t\t\t\t\t\t\t<div class=\"elementor-background-overlay\"><\/div>\n\t\t\t\t\t\t\t<div class=\"elementor-container elementor-column-gap-default\">\n\t\t\t\t\t<div class=\"elementor-column elementor-col-100 elementor-top-column elementor-element elementor-element-387b706\" data-id=\"387b706\" data-element_type=\"column\">\n\t\t\t<div class=\"elementor-widget-wrap elementor-element-populated\">\n\t\t\t\t\t\t<div class=\"elementor-element elementor-element-5615e93 elementor-widget elementor-widget-spacer\" data-id=\"5615e93\" data-element_type=\"widget\" data-widget_type=\"spacer.default\">\n\t\t\t\t<div class=\"elementor-widget-container\">\n\t\t\t\t\t\t\t<div class=\"elementor-spacer\">\n\t\t\t<div class=\"elementor-spacer-inner\"><\/div>\n\t\t<\/div>\n\t\t\t\t\t\t<\/div>\n\t\t\t\t<\/div>\n\t\t\t\t<div class=\"elementor-element elementor-element-0b87192 elementor-widget elementor-widget-text-editor\" data-id=\"0b87192\" data-element_type=\"widget\" data-widget_type=\"text-editor.default\">\n\t\t\t\t<div class=\"elementor-widget-container\">\n\t\t\t\t\t\t\t\t\t<p style=\"font-weight: 400;\">Podemos pensar, sin embargo, que la osteopat\u00eda visceral es una rama de nuestra pr\u00e1ctica. Pero en realidad, las t\u00e9cnicas viscerales son parte integral del trabajo osteop\u00e1tico con vistas a brindar una atenci\u00f3n integral.\u00a0<\/p>\t\t\t\t\t\t\t\t<\/div>\n\t\t\t\t<\/div>\n\t\t\t\t<div class=\"elementor-element elementor-element-573f2ba elementor-widget elementor-widget-spacer\" data-id=\"573f2ba\" data-element_type=\"widget\" data-widget_type=\"spacer.default\">\n\t\t\t\t<div class=\"elementor-widget-container\">\n\t\t\t\t\t\t\t<div class=\"elementor-spacer\">\n\t\t\t<div class=\"elementor-spacer-inner\"><\/div>\n\t\t<\/div>\n\t\t\t\t\t\t<\/div>\n\t\t\t\t<\/div>\n\t\t\t\t\t<\/div>\n\t\t<\/div>\n\t\t\t\t\t<\/div>\n\t\t<\/section>\n\t\t\t\t<section class=\"elementor-section elementor-top-section elementor-element elementor-element-1f2f0e1 elementor-section-boxed elementor-section-height-default elementor-section-height-default\" data-id=\"1f2f0e1\" data-element_type=\"section\" data-settings=\"{&quot;background_background&quot;:&quot;classic&quot;}\">\n\t\t\t\t\t\t\t<div class=\"elementor-background-overlay\"><\/div>\n\t\t\t\t\t\t\t<div class=\"elementor-container elementor-column-gap-default\">\n\t\t\t\t\t<div class=\"elementor-column elementor-col-50 elementor-top-column elementor-element elementor-element-7d22001\" data-id=\"7d22001\" data-element_type=\"column\">\n\t\t\t<div class=\"elementor-widget-wrap elementor-element-populated\">\n\t\t\t\t\t\t<div class=\"elementor-element elementor-element-4435750 elementor-widget elementor-widget-text-editor\" data-id=\"4435750\" data-element_type=\"widget\" data-widget_type=\"text-editor.default\">\n\t\t\t\t<div class=\"elementor-widget-container\">\n\t\t\t\t\t\t\t\t\t<p style=\"font-weight: 400;\">La osteopat\u00eda visceral considera que los \u00f3rganos pueden acumular tensi\u00f3n, sufrir restricciones en su movimiento y en sus interacciones con los numerosos tejidos que los rodean. Es posible que se sientan \u201cestancados\u201d o irritados.<br \/>Es sorprendente ver que el sistema digestivo es en realidad un m\u00fasculo (hablamos de m\u00fasculo \u201cliso\u201d), y que como tal tambi\u00e9n puede sufrir trastornos musculares como cualquier m\u00fasculo de nuestro cuerpo!<\/p>\t\t\t\t\t\t\t\t<\/div>\n\t\t\t\t<\/div>\n\t\t\t\t\t<\/div>\n\t\t<\/div>\n\t\t\t\t<div class=\"elementor-column elementor-col-50 elementor-top-column elementor-element elementor-element-2ebc65a\" data-id=\"2ebc65a\" data-element_type=\"column\">\n\t\t\t<div class=\"elementor-widget-wrap elementor-element-populated\">\n\t\t\t\t\t\t<div class=\"elementor-element elementor-element-6716a7a elementor-widget elementor-widget-image\" data-id=\"6716a7a\" data-element_type=\"widget\" data-widget_type=\"image.default\">\n\t\t\t\t<div class=\"elementor-widget-container\">\n\t\t\t\t\t\t\t\t\t\t\t\t\t\t\t<img fetchpriority=\"high\" decoding=\"async\" width=\"1024\" height=\"819\" src=\"https:\/\/osteoparisien.com\/wp-content\/uploads\/2024\/11\/Plan-de-travail-1-4-1024x819.png\" class=\"attachment-large size-large wp-image-16982\" alt=\"Ost\u00e9opathie visc\u00e9rale\" srcset=\"https:\/\/osteoparisien.com\/wp-content\/uploads\/2024\/11\/Plan-de-travail-1-4-1024x819.png 1024w, https:\/\/osteoparisien.com\/wp-content\/uploads\/2024\/11\/Plan-de-travail-1-4-300x240.png 300w, https:\/\/osteoparisien.com\/wp-content\/uploads\/2024\/11\/Plan-de-travail-1-4-768x614.png 768w, https:\/\/osteoparisien.com\/wp-content\/uploads\/2024\/11\/Plan-de-travail-1-4-15x12.png 15w, https:\/\/osteoparisien.com\/wp-content\/uploads\/2024\/11\/Plan-de-travail-1-4.png 1280w\" sizes=\"(max-width: 1024px) 100vw, 1024px\" \/>\t\t\t\t\t\t\t\t\t\t\t\t\t\t\t<\/div>\n\t\t\t\t<\/div>\n\t\t\t\t\t<\/div>\n\t\t<\/div>\n\t\t\t\t\t<\/div>\n\t\t<\/section>\n\t\t\t\t<section class=\"elementor-section elementor-top-section elementor-element elementor-element-a420fa7 elementor-section-boxed elementor-section-height-default elementor-section-height-default\" data-id=\"a420fa7\" data-element_type=\"section\" data-settings=\"{&quot;background_background&quot;:&quot;classic&quot;}\">\n\t\t\t\t\t\t\t<div class=\"elementor-background-overlay\"><\/div>\n\t\t\t\t\t\t\t<div class=\"elementor-container elementor-column-gap-default\">\n\t\t\t\t\t<div class=\"elementor-column elementor-col-100 elementor-top-column elementor-element elementor-element-8325449\" data-id=\"8325449\" data-element_type=\"column\">\n\t\t\t<div class=\"elementor-widget-wrap elementor-element-populated\">\n\t\t\t\t\t\t<div class=\"elementor-element elementor-element-11e68ab elementor-widget elementor-widget-spacer\" data-id=\"11e68ab\" data-element_type=\"widget\" data-widget_type=\"spacer.default\">\n\t\t\t\t<div class=\"elementor-widget-container\">\n\t\t\t\t\t\t\t<div class=\"elementor-spacer\">\n\t\t\t<div class=\"elementor-spacer-inner\"><\/div>\n\t\t<\/div>\n\t\t\t\t\t\t<\/div>\n\t\t\t\t<\/div>\n\t\t\t\t<div class=\"elementor-element elementor-element-b6cc690 elementor-widget elementor-widget-text-editor\" data-id=\"b6cc690\" data-element_type=\"widget\" data-widget_type=\"text-editor.default\">\n\t\t\t\t<div class=\"elementor-widget-container\">\n\t\t\t\t\t\t\t\t\t<p style=\"font-weight: 400;\">Estos son algunos s\u00edntomas que puedes experimentar:<\/p><ul style=\"font-weight: 400;\"><li>Problemas asociados a la fertilidad<\/li><li>Dolor persistente en el coxis<\/li><li>Infecciones recurrentes del tracto urinario, necesidad frecuente de orinar<\/li><li>Dolor lumbar persistente que no se alivia con tratamientos musculoesquel\u00e9ticos<\/li><li>Estre\u00f1imiento y diarrea, especialmente cuando son cr\u00f3nicos<\/li><li>Calambres abdominales, hinchaz\u00f3n, flatulencia<\/li><li>Piernas pesadas<\/li><li>Reflujo g\u00e1strico en adultos y reflujo gastroesof\u00e1gico en lactantes<\/li><li>Dolor en la parte superior del om\u00f3plato que sube hacia el cuello<\/li><li>Sensaci\u00f3n de dolor en la espalda, debajo de los om\u00f3platos<\/li><li>Fatiga constante inexplicable<\/li><li>Opresi\u00f3n en el pecho<\/li><\/ul><p style=\"font-weight: 400;\">El tratamiento visceral en los intestinos ayuda a facilitar el tr\u00e1nsito. El resultado suele ser r\u00e1pido y proporciona una sensaci\u00f3n de ligereza y bienestar.<\/p><p style=\"font-weight: 400;\">Los intestinos son particularmente vulnerables al estr\u00e9s cr\u00f3nico y a la falta de descanso. Por ejemplo, es com\u00fan sufrir estre\u00f1imiento en casos de estr\u00e9s intenso.<\/p>\t\t\t\t\t\t\t\t<\/div>\n\t\t\t\t<\/div>\n\t\t\t\t<div class=\"elementor-element elementor-element-076a7d4 elementor-widget elementor-widget-spacer\" data-id=\"076a7d4\" data-element_type=\"widget\" data-widget_type=\"spacer.default\">\n\t\t\t\t<div class=\"elementor-widget-container\">\n\t\t\t\t\t\t\t<div class=\"elementor-spacer\">\n\t\t\t<div class=\"elementor-spacer-inner\"><\/div>\n\t\t<\/div>\n\t\t\t\t\t\t<\/div>\n\t\t\t\t<\/div>\n\t\t\t\t\t<\/div>\n\t\t<\/div>\n\t\t\t\t\t<\/div>\n\t\t<\/section>\n\t\t\t\t<section class=\"elementor-section elementor-top-section elementor-element elementor-element-c4e82ab elementor-section-boxed elementor-section-height-default elementor-section-height-default\" data-id=\"c4e82ab\" data-element_type=\"section\" data-settings=\"{&quot;background_background&quot;:&quot;classic&quot;}\">\n\t\t\t\t\t\t\t<div class=\"elementor-background-overlay\"><\/div>\n\t\t\t\t\t\t\t<div class=\"elementor-container elementor-column-gap-default\">\n\t\t\t\t\t<div class=\"elementor-column elementor-col-100 elementor-top-column elementor-element elementor-element-54d5182\" data-id=\"54d5182\" data-element_type=\"column\">\n\t\t\t<div class=\"elementor-widget-wrap elementor-element-populated\">\n\t\t\t\t\t\t<div class=\"elementor-element elementor-element-3053620 elementor-widget elementor-widget-spacer\" data-id=\"3053620\" data-element_type=\"widget\" data-widget_type=\"spacer.default\">\n\t\t\t\t<div class=\"elementor-widget-container\">\n\t\t\t\t\t\t\t<div class=\"elementor-spacer\">\n\t\t\t<div class=\"elementor-spacer-inner\"><\/div>\n\t\t<\/div>\n\t\t\t\t\t\t<\/div>\n\t\t\t\t<\/div>\n\t\t\t\t<div class=\"elementor-element elementor-element-0d731ec elementor-widget elementor-widget-text-editor\" data-id=\"0d731ec\" data-element_type=\"widget\" data-widget_type=\"text-editor.default\">\n\t\t\t\t<div class=\"elementor-widget-container\">\n\t\t\t\t\t\t\t\t\t<p style=\"font-weight: 400;\">No espere m\u00e1s para venir a hacer una revisi\u00f3n con el oste\u00f3pata.<\/p>\t\t\t\t\t\t\t\t<\/div>\n\t\t\t\t<\/div>\n\t\t\t\t<div class=\"elementor-element elementor-element-a1fd70f elementor-widget elementor-widget-spacer\" data-id=\"a1fd70f\" data-element_type=\"widget\" data-widget_type=\"spacer.default\">\n\t\t\t\t<div class=\"elementor-widget-container\">\n\t\t\t\t\t\t\t<div class=\"elementor-spacer\">\n\t\t\t<div class=\"elementor-spacer-inner\"><\/div>\n\t\t<\/div>\n\t\t\t\t\t\t<\/div>\n\t\t\t\t<\/div>\n\t\t\t\t\t<\/div>\n\t\t<\/div>\n\t\t\t\t\t<\/div>\n\t\t<\/section>\n\t\t\t\t<section class=\"elementor-section elementor-top-section elementor-element elementor-element-ed9f80d elementor-section-boxed elementor-section-height-default elementor-section-height-default\" data-id=\"ed9f80d\" data-element_type=\"section\" data-settings=\"{&quot;background_background&quot;:&quot;classic&quot;}\">\n\t\t\t\t\t\t\t<div class=\"elementor-background-overlay\"><\/div>\n\t\t\t\t\t\t\t<div class=\"elementor-container elementor-column-gap-default\">\n\t\t\t\t\t<div class=\"elementor-column elementor-col-100 elementor-top-column elementor-element elementor-element-8168ec8\" data-id=\"8168ec8\" data-element_type=\"column\">\n\t\t\t<div class=\"elementor-widget-wrap elementor-element-populated\">\n\t\t\t\t\t\t<div class=\"elementor-element elementor-element-2e62921 elementor-widget elementor-widget-spacer\" data-id=\"2e62921\" data-element_type=\"widget\" data-widget_type=\"spacer.default\">\n\t\t\t\t<div class=\"elementor-widget-container\">\n\t\t\t\t\t\t\t<div class=\"elementor-spacer\">\n\t\t\t<div class=\"elementor-spacer-inner\"><\/div>\n\t\t<\/div>\n\t\t\t\t\t\t<\/div>\n\t\t\t\t<\/div>\n\t\t\t\t<div class=\"elementor-element elementor-element-06f967f elementor-widget elementor-widget-text-editor\" data-id=\"06f967f\" data-element_type=\"widget\" data-widget_type=\"text-editor.default\">\n\t\t\t\t<div class=\"elementor-widget-container\">\n\t\t\t\t\t\t\t\t\t<p style=\"font-weight: 400;\">Este art\u00edculo fue escrito por Diane P\u00e9legrin-Bomel.<\/p>\t\t\t\t\t\t\t\t<\/div>\n\t\t\t\t<\/div>\n\t\t\t\t<div class=\"elementor-element elementor-element-11d0b87 elementor-widget elementor-widget-spacer\" data-id=\"11d0b87\" data-element_type=\"widget\" data-widget_type=\"spacer.default\">\n\t\t\t\t<div class=\"elementor-widget-container\">\n\t\t\t\t\t\t\t<div class=\"elementor-spacer\">\n\t\t\t<div class=\"elementor-spacer-inner\"><\/div>\n\t\t<\/div>\n\t\t\t\t\t\t<\/div>\n\t\t\t\t<\/div>\n\t\t\t\t\t<\/div>\n\t\t<\/div>\n\t\t\t\t\t<\/div>\n\t\t<\/section>\n\t\t\t\t<\/div>","protected":false},"excerpt":{"rendered":"<p>Ost\u00e9opathie visc\u00e9rale On peut penser \u00e0 d\u00e9faut que l\u2019ost\u00e9opathie visc\u00e9rale est une branche de notre pratique. Mais en r\u00e9alit\u00e9 les techniques visc\u00e9rales font enti\u00e8rement partie du travail ost\u00e9opathique dans l\u2019optique d\u2019une prise en charge globale.\u00a0 L\u2019ost\u00e9opathie visc\u00e9rale consid\u00e8re que les organes peuvent accumuler des tensions, souffrir de restrictions dans leur mouvement et dans leurs interactions [&hellip;]<\/p>","protected":false},"author":4,"featured_media":0,"parent":0,"menu_order":0,"comment_status":"closed","ping_status":"closed","template":"","meta":{"footnotes":""},"class_list":["post-16516","page","type-page","status-publish","hentry","entry"],"jetpack_sharing_enabled":true,"_links":{"self":[{"href":"https:\/\/osteoparisien.com\/es\/wp-json\/wp\/v2\/pages\/16516","targetHints":{"allow":["GET"]}}],"collection":[{"href":"https:\/\/osteoparisien.com\/es\/wp-json\/wp\/v2\/pages"}],"about":[{"href":"https:\/\/osteoparisien.com\/es\/wp-json\/wp\/v2\/types\/page"}],"author":[{"embeddable":true,"href":"https:\/\/osteoparisien.com\/es\/wp-json\/wp\/v2\/users\/4"}],"replies":[{"embeddable":true,"href":"https:\/\/osteoparisien.com\/es\/wp-json\/wp\/v2\/comments?post=16516"}],"version-history":[{"count":0,"href":"https:\/\/osteoparisien.com\/es\/wp-json\/wp\/v2\/pages\/16516\/revisions"}],"wp:attachment":[{"href":"https:\/\/osteoparisien.com\/es\/wp-json\/wp\/v2\/media?parent=16516"}],"curies":[{"name":"wp","href":"https:\/\/api.w.org\/{rel}","templated":true}]}}