{"id":15644,"date":"2024-10-16T11:47:44","date_gmt":"2024-10-16T09:47:44","guid":{"rendered":"http:\/\/osteoparisien.com\/?page_id=15644"},"modified":"2025-06-19T22:24:05","modified_gmt":"2025-06-19T20:24:05","slug":"articles","status":"publish","type":"page","link":"https:\/\/osteoparisien.com\/es\/articles\/","title":{"rendered":"Articulos"},"content":{"rendered":"<div data-elementor-type=\"wp-page\" data-elementor-id=\"15644\" class=\"elementor elementor-15644\">\n\t\t\t\t\t\t<section class=\"elementor-section elementor-top-section elementor-element elementor-element-c450116 elementor-section-full_width elementor-section-height-default elementor-section-height-default\" data-id=\"c450116\" data-element_type=\"section\" data-settings=\"{&quot;background_background&quot;:&quot;classic&quot;}\">\n\t\t\t\t\t\t\t<div class=\"elementor-background-overlay\"><\/div>\n\t\t\t\t\t\t\t<div class=\"elementor-container elementor-column-gap-default\">\n\t\t\t\t\t<div class=\"elementor-column elementor-col-100 elementor-top-column elementor-element elementor-element-1795a96\" data-id=\"1795a96\" data-element_type=\"column\">\n\t\t\t<div class=\"elementor-widget-wrap elementor-element-populated\">\n\t\t\t\t\t\t<div class=\"elementor-element elementor-element-ad4d279 elementor-widget elementor-widget-spacer\" data-id=\"ad4d279\" data-element_type=\"widget\" data-widget_type=\"spacer.default\">\n\t\t\t\t<div class=\"elementor-widget-container\">\n\t\t\t\t\t\t\t<div class=\"elementor-spacer\">\n\t\t\t<div class=\"elementor-spacer-inner\"><\/div>\n\t\t<\/div>\n\t\t\t\t\t\t<\/div>\n\t\t\t\t<\/div>\n\t\t\t\t<div class=\"elementor-element elementor-element-e48e505 elementor-widget elementor-widget-text-editor\" data-id=\"e48e505\" data-element_type=\"widget\" data-widget_type=\"text-editor.default\">\n\t\t\t\t<div class=\"elementor-widget-container\">\n\t\t\t\t\t\t\t\t\t<p>Articulos<\/p>\t\t\t\t\t\t\t\t<\/div>\n\t\t\t\t<\/div>\n\t\t\t\t<div class=\"elementor-element elementor-element-6deab18 elementor-widget elementor-widget-text-editor\" data-id=\"6deab18\" data-element_type=\"widget\" data-widget_type=\"text-editor.default\">\n\t\t\t\t<div class=\"elementor-widget-container\">\n\t\t\t\t\t\t\t\t\t<p>Para comprender mejor su cuerpo.<\/p>\t\t\t\t\t\t\t\t<\/div>\n\t\t\t\t<\/div>\n\t\t\t\t<div class=\"elementor-element elementor-element-87aa4bf elementor-widget elementor-widget-spacer\" data-id=\"87aa4bf\" data-element_type=\"widget\" data-widget_type=\"spacer.default\">\n\t\t\t\t<div class=\"elementor-widget-container\">\n\t\t\t\t\t\t\t<div class=\"elementor-spacer\">\n\t\t\t<div class=\"elementor-spacer-inner\"><\/div>\n\t\t<\/div>\n\t\t\t\t\t\t<\/div>\n\t\t\t\t<\/div>\n\t\t\t\t\t<\/div>\n\t\t<\/div>\n\t\t\t\t\t<\/div>\n\t\t<\/section>\n\t\t\t\t<section class=\"elementor-section elementor-top-section elementor-element elementor-element-afb4ee8 elementor-section-boxed elementor-section-height-default elementor-section-height-default\" data-id=\"afb4ee8\" data-element_type=\"section\">\n\t\t\t\t\t\t<div class=\"elementor-container elementor-column-gap-default\">\n\t\t\t\t\t<div class=\"elementor-column elementor-col-100 elementor-top-column elementor-element elementor-element-9ea6d30\" data-id=\"9ea6d30\" data-element_type=\"column\">\n\t\t\t<div class=\"elementor-widget-wrap elementor-element-populated\">\n\t\t\t\t\t\t<div class=\"elementor-element elementor-element-20fd17e elementor-widget elementor-widget-spacer\" data-id=\"20fd17e\" data-element_type=\"widget\" data-widget_type=\"spacer.default\">\n\t\t\t\t<div class=\"elementor-widget-container\">\n\t\t\t\t\t\t\t<div class=\"elementor-spacer\">\n\t\t\t<div class=\"elementor-spacer-inner\"><\/div>\n\t\t<\/div>\n\t\t\t\t\t\t<\/div>\n\t\t\t\t<\/div>\n\t\t\t\t\t<\/div>\n\t\t<\/div>\n\t\t\t\t\t<\/div>\n\t\t<\/section>\n\t\t\t\t<section class=\"elementor-section elementor-top-section elementor-element elementor-element-d728221 elementor-section-boxed elementor-section-height-default elementor-section-height-default\" data-id=\"d728221\" data-element_type=\"section\">\n\t\t\t\t\t\t\t<div class=\"elementor-background-overlay\"><\/div>\n\t\t\t\t\t\t\t<div class=\"elementor-container elementor-column-gap-default\">\n\t\t\t\t\t<div class=\"elementor-column elementor-col-33 elementor-top-column elementor-element elementor-element-3c28812\" data-id=\"3c28812\" data-element_type=\"column\" data-settings=\"{&quot;background_background&quot;:&quot;classic&quot;}\">\n\t\t\t<div class=\"elementor-widget-wrap elementor-element-populated\">\n\t\t\t\t\t\t<div class=\"elementor-element elementor-element-23d3410 elementor-widget__width-initial elementor-widget elementor-widget-image\" data-id=\"23d3410\" data-element_type=\"widget\" data-widget_type=\"image.default\">\n\t\t\t\t<div class=\"elementor-widget-container\">\n\t\t\t\t\t\t\t\t\t\t\t\t<figure class=\"wp-caption\">\n\t\t\t\t\t\t\t\t\t\t\t<a href=\"https:\/\/osteoparisien.com\/es\/le-nerf-vague\/\">\n\t\t\t\t\t\t\t<img fetchpriority=\"high\" decoding=\"async\" width=\"647\" height=\"415\" src=\"https:\/\/osteoparisien.com\/wp-content\/uploads\/2025\/06\/Nerf-vague_.png\" class=\"attachment-medium_large size-medium_large wp-image-17318\" alt=\"\" srcset=\"https:\/\/osteoparisien.com\/wp-content\/uploads\/2025\/06\/Nerf-vague_.png 647w, https:\/\/osteoparisien.com\/wp-content\/uploads\/2025\/06\/Nerf-vague_-300x192.png 300w, https:\/\/osteoparisien.com\/wp-content\/uploads\/2025\/06\/Nerf-vague_-18x12.png 18w\" sizes=\"(max-width: 647px) 100vw, 647px\" \/>\t\t\t\t\t\t\t\t<\/a>\n\t\t\t\t\t\t\t\t\t\t\t<figcaption class=\"widget-image-caption wp-caption-text\">El nervio vago<\/figcaption>\n\t\t\t\t\t\t\t\t\t\t<\/figure>\n\t\t\t\t\t\t\t\t\t<\/div>\n\t\t\t\t<\/div>\n\t\t\t\t\t<\/div>\n\t\t<\/div>\n\t\t\t\t<div class=\"elementor-column elementor-col-33 elementor-top-column elementor-element elementor-element-ec07b1d\" data-id=\"ec07b1d\" data-element_type=\"column\">\n\t\t\t<div class=\"elementor-widget-wrap\">\n\t\t\t\t\t\t\t<\/div>\n\t\t<\/div>\n\t\t\t\t<div class=\"elementor-column elementor-col-33 elementor-top-column elementor-element elementor-element-94b0100\" data-id=\"94b0100\" data-element_type=\"column\">\n\t\t\t<div class=\"elementor-widget-wrap\">\n\t\t\t\t\t\t\t<\/div>\n\t\t<\/div>\n\t\t\t\t\t<\/div>\n\t\t<\/section>\n\t\t\t\t<section class=\"elementor-section elementor-top-section elementor-element elementor-element-1046a45 elementor-section-boxed elementor-section-height-default elementor-section-height-default\" data-id=\"1046a45\" data-element_type=\"section\">\n\t\t\t\t\t\t\t<div class=\"elementor-background-overlay\"><\/div>\n\t\t\t\t\t\t\t<div class=\"elementor-container elementor-column-gap-default\">\n\t\t\t\t\t<div class=\"elementor-column elementor-col-33 elementor-top-column elementor-element elementor-element-6b7b0fe\" data-id=\"6b7b0fe\" data-element_type=\"column\" data-settings=\"{&quot;background_background&quot;:&quot;classic&quot;}\">\n\t\t\t<div class=\"elementor-widget-wrap elementor-element-populated\">\n\t\t\t\t\t\t<div class=\"elementor-element elementor-element-d1a30f4 elementor-widget__width-initial elementor-widget elementor-widget-image\" data-id=\"d1a30f4\" data-element_type=\"widget\" data-widget_type=\"image.default\">\n\t\t\t\t<div class=\"elementor-widget-container\">\n\t\t\t\t\t\t\t\t\t\t\t\t<figure class=\"wp-caption\">\n\t\t\t\t\t\t\t\t\t\t\t<a href=\"http:\/\/osteoparisien.com\/es\/douleurs-de-machoire\/\">\n\t\t\t\t\t\t\t<img decoding=\"async\" width=\"1024\" height=\"683\" src=\"https:\/\/osteoparisien.com\/wp-content\/uploads\/2024\/10\/pexels-olly-3808804-1024x683.jpg\" class=\"attachment-large size-large wp-image-16113\" alt=\"Douleurs m\u00e2choire\" srcset=\"https:\/\/osteoparisien.com\/wp-content\/uploads\/2024\/10\/pexels-olly-3808804-1024x683.jpg 1024w, https:\/\/osteoparisien.com\/wp-content\/uploads\/2024\/10\/pexels-olly-3808804-300x200.jpg 300w, https:\/\/osteoparisien.com\/wp-content\/uploads\/2024\/10\/pexels-olly-3808804-768x512.jpg 768w, https:\/\/osteoparisien.com\/wp-content\/uploads\/2024\/10\/pexels-olly-3808804-1536x1024.jpg 1536w, https:\/\/osteoparisien.com\/wp-content\/uploads\/2024\/10\/pexels-olly-3808804-2048x1365.jpg 2048w, https:\/\/osteoparisien.com\/wp-content\/uploads\/2024\/10\/pexels-olly-3808804-18x12.jpg 18w\" sizes=\"(max-width: 1024px) 100vw, 1024px\" \/>\t\t\t\t\t\t\t\t<\/a>\n\t\t\t\t\t\t\t\t\t\t\t<figcaption class=\"widget-image-caption wp-caption-text\">Dolores de mandibula<\/figcaption>\n\t\t\t\t\t\t\t\t\t\t<\/figure>\n\t\t\t\t\t\t\t\t\t<\/div>\n\t\t\t\t<\/div>\n\t\t\t\t\t<\/div>\n\t\t<\/div>\n\t\t\t\t<div class=\"elementor-column elementor-col-33 elementor-top-column elementor-element elementor-element-377d95b\" data-id=\"377d95b\" data-element_type=\"column\">\n\t\t\t<div class=\"elementor-widget-wrap elementor-element-populated\">\n\t\t\t\t\t\t<div class=\"elementor-element elementor-element-e0567ef elementor-widget__width-initial elementor-widget elementor-widget-image\" data-id=\"e0567ef\" data-element_type=\"widget\" data-widget_type=\"image.default\">\n\t\t\t\t<div class=\"elementor-widget-container\">\n\t\t\t\t\t\t\t\t\t\t\t\t<figure class=\"wp-caption\">\n\t\t\t\t\t\t\t\t\t\t\t<a href=\"http:\/\/osteoparisien.com\/es\/osteopathie-au-service-du-corps\/\">\n\t\t\t\t\t\t\t<img decoding=\"async\" width=\"1024\" height=\"683\" src=\"https:\/\/osteoparisien.com\/wp-content\/uploads\/2024\/10\/pexels-yankrukov-5793893-1024x683.jpg\" class=\"attachment-large size-large wp-image-15858\" alt=\"Ost\u00e9opathie - hanches\" srcset=\"https:\/\/osteoparisien.com\/wp-content\/uploads\/2024\/10\/pexels-yankrukov-5793893-1024x683.jpg 1024w, https:\/\/osteoparisien.com\/wp-content\/uploads\/2024\/10\/pexels-yankrukov-5793893-300x200.jpg 300w, https:\/\/osteoparisien.com\/wp-content\/uploads\/2024\/10\/pexels-yankrukov-5793893-768x512.jpg 768w\" sizes=\"(max-width: 1024px) 100vw, 1024px\" \/>\t\t\t\t\t\t\t\t<\/a>\n\t\t\t\t\t\t\t\t\t\t\t<figcaption class=\"widget-image-caption wp-caption-text\">La osteopat\u00eda al servicio del cuerpo<\/figcaption>\n\t\t\t\t\t\t\t\t\t\t<\/figure>\n\t\t\t\t\t\t\t\t\t<\/div>\n\t\t\t\t<\/div>\n\t\t\t\t\t<\/div>\n\t\t<\/div>\n\t\t\t\t<div class=\"elementor-column elementor-col-33 elementor-top-column elementor-element elementor-element-c18a355\" data-id=\"c18a355\" data-element_type=\"column\">\n\t\t\t<div class=\"elementor-widget-wrap elementor-element-populated\">\n\t\t\t\t\t\t<div class=\"elementor-element elementor-element-6702b20 elementor-widget__width-initial elementor-widget elementor-widget-image\" data-id=\"6702b20\" data-element_type=\"widget\" data-widget_type=\"image.default\">\n\t\t\t\t<div class=\"elementor-widget-container\">\n\t\t\t\t\t\t\t\t\t\t\t\t<figure class=\"wp-caption\">\n\t\t\t\t\t\t\t\t\t\t\t<a href=\"http:\/\/osteoparisien.com\/es\/douleurs-gynecologiques\/\">\n\t\t\t\t\t\t\t<img loading=\"lazy\" decoding=\"async\" width=\"1024\" height=\"684\" src=\"https:\/\/osteoparisien.com\/wp-content\/uploads\/2024\/11\/woman-3186730_1920-1024x684.jpg\" class=\"attachment-large size-large wp-image-16350\" alt=\"Douleurs gyn\u00e9cologiques\" srcset=\"https:\/\/osteoparisien.com\/wp-content\/uploads\/2024\/11\/woman-3186730_1920-1024x684.jpg 1024w, https:\/\/osteoparisien.com\/wp-content\/uploads\/2024\/11\/woman-3186730_1920-300x200.jpg 300w, https:\/\/osteoparisien.com\/wp-content\/uploads\/2024\/11\/woman-3186730_1920-768x513.jpg 768w, https:\/\/osteoparisien.com\/wp-content\/uploads\/2024\/11\/woman-3186730_1920-1536x1026.jpg 1536w, https:\/\/osteoparisien.com\/wp-content\/uploads\/2024\/11\/woman-3186730_1920-18x12.jpg 18w, https:\/\/osteoparisien.com\/wp-content\/uploads\/2024\/11\/woman-3186730_1920.jpg 1920w\" sizes=\"(max-width: 1024px) 100vw, 1024px\" \/>\t\t\t\t\t\t\t\t<\/a>\n\t\t\t\t\t\t\t\t\t\t\t<figcaption class=\"widget-image-caption wp-caption-text\">Dolores ginecol\u00f3gicos<\/figcaption>\n\t\t\t\t\t\t\t\t\t\t<\/figure>\n\t\t\t\t\t\t\t\t\t<\/div>\n\t\t\t\t<\/div>\n\t\t\t\t\t<\/div>\n\t\t<\/div>\n\t\t\t\t\t<\/div>\n\t\t<\/section>\n\t\t\t\t<section class=\"elementor-section elementor-top-section elementor-element elementor-element-4db10e3 elementor-section-boxed elementor-section-height-default elementor-section-height-default\" data-id=\"4db10e3\" data-element_type=\"section\">\n\t\t\t\t\t\t<div class=\"elementor-container elementor-column-gap-default\">\n\t\t\t\t\t<div class=\"elementor-column elementor-col-33 elementor-top-column elementor-element elementor-element-6d8fe93\" data-id=\"6d8fe93\" data-element_type=\"column\">\n\t\t\t<div class=\"elementor-widget-wrap elementor-element-populated\">\n\t\t\t\t\t\t<div class=\"elementor-element elementor-element-66960fa elementor-widget__width-initial elementor-widget elementor-widget-image\" data-id=\"66960fa\" data-element_type=\"widget\" data-widget_type=\"image.default\">\n\t\t\t\t<div class=\"elementor-widget-container\">\n\t\t\t\t\t\t\t\t\t\t\t\t<figure class=\"wp-caption\">\n\t\t\t\t\t\t\t\t\t\t\t<a href=\"http:\/\/osteoparisien.com\/es\/osteopathie-cranienne\/\">\n\t\t\t\t\t\t\t<img loading=\"lazy\" decoding=\"async\" width=\"1600\" height=\"1067\" src=\"https:\/\/osteoparisien.com\/wp-content\/uploads\/2024\/11\/DSC_1232-modif-article-ZOOM.png\" class=\"attachment-full size-full wp-image-17137\" alt=\"ost\u00e9opathie cr\u00e2nienne article\" srcset=\"https:\/\/osteoparisien.com\/wp-content\/uploads\/2024\/11\/DSC_1232-modif-article-ZOOM.png 1600w, https:\/\/osteoparisien.com\/wp-content\/uploads\/2024\/11\/DSC_1232-modif-article-ZOOM-300x200.png 300w, https:\/\/osteoparisien.com\/wp-content\/uploads\/2024\/11\/DSC_1232-modif-article-ZOOM-1024x683.png 1024w, https:\/\/osteoparisien.com\/wp-content\/uploads\/2024\/11\/DSC_1232-modif-article-ZOOM-768x512.png 768w, https:\/\/osteoparisien.com\/wp-content\/uploads\/2024\/11\/DSC_1232-modif-article-ZOOM-1536x1024.png 1536w, https:\/\/osteoparisien.com\/wp-content\/uploads\/2024\/11\/DSC_1232-modif-article-ZOOM-18x12.png 18w\" sizes=\"(max-width: 1600px) 100vw, 1600px\" \/>\t\t\t\t\t\t\t\t<\/a>\n\t\t\t\t\t\t\t\t\t\t\t<figcaption class=\"widget-image-caption wp-caption-text\">Osteopat\u00eda craneal<\/figcaption>\n\t\t\t\t\t\t\t\t\t\t<\/figure>\n\t\t\t\t\t\t\t\t\t<\/div>\n\t\t\t\t<\/div>\n\t\t\t\t\t<\/div>\n\t\t<\/div>\n\t\t\t\t<div class=\"elementor-column elementor-col-33 elementor-top-column elementor-element elementor-element-cdaef3e\" data-id=\"cdaef3e\" data-element_type=\"column\">\n\t\t\t<div class=\"elementor-widget-wrap elementor-element-populated\">\n\t\t\t\t\t\t<div class=\"elementor-element elementor-element-db6da96 elementor-widget__width-initial elementor-widget elementor-widget-image\" data-id=\"db6da96\" data-element_type=\"widget\" data-widget_type=\"image.default\">\n\t\t\t\t<div class=\"elementor-widget-container\">\n\t\t\t\t\t\t\t\t\t\t\t\t<figure class=\"wp-caption\">\n\t\t\t\t\t\t\t\t\t\t\t<a href=\"http:\/\/osteoparisien.com\/es\/osteopathie-viscerale\/\">\n\t\t\t\t\t\t\t<img loading=\"lazy\" decoding=\"async\" width=\"1620\" height=\"1080\" src=\"https:\/\/osteoparisien.com\/wp-content\/uploads\/2024\/11\/Osteopathie-viscerale-article.png\" class=\"attachment-full size-full wp-image-17138\" alt=\"\" srcset=\"https:\/\/osteoparisien.com\/wp-content\/uploads\/2024\/11\/Osteopathie-viscerale-article.png 1620w, https:\/\/osteoparisien.com\/wp-content\/uploads\/2024\/11\/Osteopathie-viscerale-article-300x200.png 300w, https:\/\/osteoparisien.com\/wp-content\/uploads\/2024\/11\/Osteopathie-viscerale-article-1024x683.png 1024w, https:\/\/osteoparisien.com\/wp-content\/uploads\/2024\/11\/Osteopathie-viscerale-article-768x512.png 768w, https:\/\/osteoparisien.com\/wp-content\/uploads\/2024\/11\/Osteopathie-viscerale-article-1536x1024.png 1536w, https:\/\/osteoparisien.com\/wp-content\/uploads\/2024\/11\/Osteopathie-viscerale-article-18x12.png 18w\" sizes=\"(max-width: 1620px) 100vw, 1620px\" \/>\t\t\t\t\t\t\t\t<\/a>\n\t\t\t\t\t\t\t\t\t\t\t<figcaption class=\"widget-image-caption wp-caption-text\">Osteopat\u00eda visceral<\/figcaption>\n\t\t\t\t\t\t\t\t\t\t<\/figure>\n\t\t\t\t\t\t\t\t\t<\/div>\n\t\t\t\t<\/div>\n\t\t\t\t\t<\/div>\n\t\t<\/div>\n\t\t\t\t<div class=\"elementor-column elementor-col-33 elementor-top-column elementor-element elementor-element-652f6b2\" data-id=\"652f6b2\" data-element_type=\"column\">\n\t\t\t<div class=\"elementor-widget-wrap elementor-element-populated\">\n\t\t\t\t\t\t<div class=\"elementor-element elementor-element-fe5d319 elementor-widget__width-initial elementor-widget elementor-widget-image\" data-id=\"fe5d319\" data-element_type=\"widget\" data-widget_type=\"image.default\">\n\t\t\t\t<div class=\"elementor-widget-container\">\n\t\t\t\t\t\t\t\t\t\t\t\t<figure class=\"wp-caption\">\n\t\t\t\t\t\t\t\t\t\t\t<a href=\"http:\/\/osteoparisien.com\/es\/femmes-enceintes\/\">\n\t\t\t\t\t\t\t<img loading=\"lazy\" decoding=\"async\" width=\"777\" height=\"518\" src=\"https:\/\/osteoparisien.com\/wp-content\/uploads\/2024\/11\/woman-6785370_1280-2.jpg\" class=\"attachment-large size-large wp-image-17139\" alt=\"Femme enceinte article\" srcset=\"https:\/\/osteoparisien.com\/wp-content\/uploads\/2024\/11\/woman-6785370_1280-2.jpg 777w, https:\/\/osteoparisien.com\/wp-content\/uploads\/2024\/11\/woman-6785370_1280-2-300x200.jpg 300w, https:\/\/osteoparisien.com\/wp-content\/uploads\/2024\/11\/woman-6785370_1280-2-768x512.jpg 768w, https:\/\/osteoparisien.com\/wp-content\/uploads\/2024\/11\/woman-6785370_1280-2-18x12.jpg 18w\" sizes=\"(max-width: 777px) 100vw, 777px\" \/>\t\t\t\t\t\t\t\t<\/a>\n\t\t\t\t\t\t\t\t\t\t\t<figcaption class=\"widget-image-caption wp-caption-text\">Mujeres embarazadas<\/figcaption>\n\t\t\t\t\t\t\t\t\t\t<\/figure>\n\t\t\t\t\t\t\t\t\t<\/div>\n\t\t\t\t<\/div>\n\t\t\t\t\t<\/div>\n\t\t<\/div>\n\t\t\t\t\t<\/div>\n\t\t<\/section>\n\t\t\t\t<section class=\"elementor-section elementor-top-section elementor-element elementor-element-5609df6 elementor-section-boxed elementor-section-height-default elementor-section-height-default\" data-id=\"5609df6\" data-element_type=\"section\">\n\t\t\t\t\t\t<div class=\"elementor-container elementor-column-gap-default\">\n\t\t\t\t\t<div class=\"elementor-column elementor-col-33 elementor-top-column elementor-element elementor-element-1003f81\" data-id=\"1003f81\" data-element_type=\"column\">\n\t\t\t<div class=\"elementor-widget-wrap elementor-element-populated\">\n\t\t\t\t\t\t<div class=\"elementor-element elementor-element-3af3b5f elementor-widget__width-initial elementor-widget elementor-widget-image\" data-id=\"3af3b5f\" data-element_type=\"widget\" data-widget_type=\"image.default\">\n\t\t\t\t<div class=\"elementor-widget-container\">\n\t\t\t\t\t\t\t\t\t\t\t\t<figure class=\"wp-caption\">\n\t\t\t\t\t\t\t\t\t\t\t<a href=\"http:\/\/osteoparisien.com\/es\/osteopathie-et-handicap\/\">\n\t\t\t\t\t\t\t<img loading=\"lazy\" decoding=\"async\" width=\"1024\" height=\"683\" src=\"https:\/\/osteoparisien.com\/wp-content\/uploads\/2024\/11\/pexels-yankrukov-5794024-1024x683.jpg\" class=\"attachment-large size-large wp-image-16876\" alt=\"Ost\u00e9opathie et handicap\" srcset=\"https:\/\/osteoparisien.com\/wp-content\/uploads\/2024\/11\/pexels-yankrukov-5794024-1024x683.jpg 1024w, https:\/\/osteoparisien.com\/wp-content\/uploads\/2024\/11\/pexels-yankrukov-5794024-300x200.jpg 300w, https:\/\/osteoparisien.com\/wp-content\/uploads\/2024\/11\/pexels-yankrukov-5794024-768x512.jpg 768w, https:\/\/osteoparisien.com\/wp-content\/uploads\/2024\/11\/pexels-yankrukov-5794024-1536x1024.jpg 1536w, https:\/\/osteoparisien.com\/wp-content\/uploads\/2024\/11\/pexels-yankrukov-5794024-2048x1365.jpg 2048w, https:\/\/osteoparisien.com\/wp-content\/uploads\/2024\/11\/pexels-yankrukov-5794024-18x12.jpg 18w\" sizes=\"(max-width: 1024px) 100vw, 1024px\" \/>\t\t\t\t\t\t\t\t<\/a>\n\t\t\t\t\t\t\t\t\t\t\t<figcaption class=\"widget-image-caption wp-caption-text\">Osteopat\u00eda y discapacidad<\/figcaption>\n\t\t\t\t\t\t\t\t\t\t<\/figure>\n\t\t\t\t\t\t\t\t\t<\/div>\n\t\t\t\t<\/div>\n\t\t\t\t\t<\/div>\n\t\t<\/div>\n\t\t\t\t<div class=\"elementor-column elementor-col-33 elementor-top-column elementor-element elementor-element-23d559a\" data-id=\"23d559a\" data-element_type=\"column\">\n\t\t\t<div class=\"elementor-widget-wrap elementor-element-populated\">\n\t\t\t\t\t\t<div class=\"elementor-element elementor-element-ea9f1be elementor-widget__width-initial elementor-widget elementor-widget-image\" data-id=\"ea9f1be\" data-element_type=\"widget\" data-widget_type=\"image.default\">\n\t\t\t\t<div class=\"elementor-widget-container\">\n\t\t\t\t\t\t\t\t\t\t\t\t<figure class=\"wp-caption\">\n\t\t\t\t\t\t\t\t\t\t\t<a href=\"http:\/\/osteoparisien.com\/es\/osteopathie-et-nourrissons\/\">\n\t\t\t\t\t\t\t<img loading=\"lazy\" decoding=\"async\" width=\"1024\" height=\"682\" src=\"https:\/\/osteoparisien.com\/wp-content\/uploads\/2017\/01\/Osteopatia-bebes--1024x682.jpg\" class=\"attachment-large size-large wp-image-15426\" alt=\"Ost\u00e9opathie et nourrissons\" srcset=\"https:\/\/osteoparisien.com\/wp-content\/uploads\/2017\/01\/Osteopatia-bebes--1024x682.jpg 1024w, https:\/\/osteoparisien.com\/wp-content\/uploads\/2017\/01\/Osteopatia-bebes--300x200.jpg 300w, https:\/\/osteoparisien.com\/wp-content\/uploads\/2017\/01\/Osteopatia-bebes--768x511.jpg 768w, https:\/\/osteoparisien.com\/wp-content\/uploads\/2017\/01\/Osteopatia-bebes-.jpg 1202w\" sizes=\"(max-width: 1024px) 100vw, 1024px\" \/>\t\t\t\t\t\t\t\t<\/a>\n\t\t\t\t\t\t\t\t\t\t\t<figcaption class=\"widget-image-caption wp-caption-text\">Osteopat\u00eda y lactantes<\/figcaption>\n\t\t\t\t\t\t\t\t\t\t<\/figure>\n\t\t\t\t\t\t\t\t\t<\/div>\n\t\t\t\t<\/div>\n\t\t\t\t\t<\/div>\n\t\t<\/div>\n\t\t\t\t<div class=\"elementor-column elementor-col-33 elementor-top-column elementor-element elementor-element-b339dd7\" data-id=\"b339dd7\" data-element_type=\"column\">\n\t\t\t<div class=\"elementor-widget-wrap elementor-element-populated\">\n\t\t\t\t\t\t<div class=\"elementor-element elementor-element-efe8407 elementor-widget__width-initial elementor-widget elementor-widget-image\" data-id=\"efe8407\" data-element_type=\"widget\" data-widget_type=\"image.default\">\n\t\t\t\t<div class=\"elementor-widget-container\">\n\t\t\t\t\t\t\t\t\t\t\t\t<figure class=\"wp-caption\">\n\t\t\t\t\t\t\t\t\t\t\t<a href=\"http:\/\/osteoparisien.com\/es\/suivi-gyneco-osteopathique\/\">\n\t\t\t\t\t\t\t<img loading=\"lazy\" decoding=\"async\" width=\"1024\" height=\"684\" src=\"https:\/\/osteoparisien.com\/wp-content\/uploads\/2024\/11\/woman-3186730_1920-1024x684.jpg\" class=\"attachment-large size-large wp-image-16350\" alt=\"Douleurs gyn\u00e9cologiques\" srcset=\"https:\/\/osteoparisien.com\/wp-content\/uploads\/2024\/11\/woman-3186730_1920-1024x684.jpg 1024w, https:\/\/osteoparisien.com\/wp-content\/uploads\/2024\/11\/woman-3186730_1920-300x200.jpg 300w, https:\/\/osteoparisien.com\/wp-content\/uploads\/2024\/11\/woman-3186730_1920-768x513.jpg 768w, https:\/\/osteoparisien.com\/wp-content\/uploads\/2024\/11\/woman-3186730_1920-1536x1026.jpg 1536w, https:\/\/osteoparisien.com\/wp-content\/uploads\/2024\/11\/woman-3186730_1920-18x12.jpg 18w, https:\/\/osteoparisien.com\/wp-content\/uploads\/2024\/11\/woman-3186730_1920.jpg 1920w\" sizes=\"(max-width: 1024px) 100vw, 1024px\" \/>\t\t\t\t\t\t\t\t<\/a>\n\t\t\t\t\t\t\t\t\t\t\t<figcaption class=\"widget-image-caption wp-caption-text\">Monitoreo gineco-osteop\u00e1tico<\/figcaption>\n\t\t\t\t\t\t\t\t\t\t<\/figure>\n\t\t\t\t\t\t\t\t\t<\/div>\n\t\t\t\t<\/div>\n\t\t\t\t\t<\/div>\n\t\t<\/div>\n\t\t\t\t\t<\/div>\n\t\t<\/section>\n\t\t\t\t<section class=\"elementor-section elementor-top-section elementor-element elementor-element-3a1a57a elementor-section-boxed elementor-section-height-default elementor-section-height-default\" data-id=\"3a1a57a\" data-element_type=\"section\">\n\t\t\t\t\t\t<div class=\"elementor-container elementor-column-gap-default\">\n\t\t\t\t\t<div class=\"elementor-column elementor-col-100 elementor-top-column elementor-element elementor-element-ffd8587\" data-id=\"ffd8587\" data-element_type=\"column\">\n\t\t\t<div class=\"elementor-widget-wrap elementor-element-populated\">\n\t\t\t\t\t\t<div class=\"elementor-element elementor-element-1b328dc elementor-widget elementor-widget-spacer\" data-id=\"1b328dc\" data-element_type=\"widget\" data-widget_type=\"spacer.default\">\n\t\t\t\t<div class=\"elementor-widget-container\">\n\t\t\t\t\t\t\t<div class=\"elementor-spacer\">\n\t\t\t<div class=\"elementor-spacer-inner\"><\/div>\n\t\t<\/div>\n\t\t\t\t\t\t<\/div>\n\t\t\t\t<\/div>\n\t\t\t\t\t<\/div>\n\t\t<\/div>\n\t\t\t\t\t<\/div>\n\t\t<\/section>\n\t\t\t\t<\/div>","protected":false},"excerpt":{"rendered":"<p>Les articles Pour mieux comprendre votre corps. Le Nerf Vague Douleurs de m\u00e2choire Ost\u00e9opathie au service du corps Douleurs gyn\u00e9cologiques Ost\u00e9opathie cr\u00e2nienne Ost\u00e9opathie visc\u00e9rale Femmes enceintes Ost\u00e9opathie et handicap Ost\u00e9opathie et nourrissons Suivi gyn\u00e9co-ost\u00e9opathique<\/p>","protected":false},"author":4,"featured_media":15855,"parent":0,"menu_order":0,"comment_status":"closed","ping_status":"closed","template":"","meta":{"footnotes":""},"class_list":["post-15644","page","type-page","status-publish","has-post-thumbnail","hentry","entry","has-media"],"jetpack_sharing_enabled":true,"_links":{"self":[{"href":"https:\/\/osteoparisien.com\/es\/wp-json\/wp\/v2\/pages\/15644","targetHints":{"allow":["GET"]}}],"collection":[{"href":"https:\/\/osteoparisien.com\/es\/wp-json\/wp\/v2\/pages"}],"about":[{"href":"https:\/\/osteoparisien.com\/es\/wp-json\/wp\/v2\/types\/page"}],"author":[{"embeddable":true,"href":"https:\/\/osteoparisien.com\/es\/wp-json\/wp\/v2\/users\/4"}],"replies":[{"embeddable":true,"href":"https:\/\/osteoparisien.com\/es\/wp-json\/wp\/v2\/comments?post=15644"}],"version-history":[{"count":0,"href":"https:\/\/osteoparisien.com\/es\/wp-json\/wp\/v2\/pages\/15644\/revisions"}],"wp:featuredmedia":[{"embeddable":true,"href":"https:\/\/osteoparisien.com\/es\/wp-json\/wp\/v2\/media\/15855"}],"wp:attachment":[{"href":"https:\/\/osteoparisien.com\/es\/wp-json\/wp\/v2\/media?parent=15644"}],"curies":[{"name":"wp","href":"https:\/\/api.w.org\/{rel}","templated":true}]}}