{"id":15640,"date":"2024-10-16T11:47:13","date_gmt":"2024-10-16T09:47:13","guid":{"rendered":"http:\/\/osteoparisien.com\/?page_id=15640"},"modified":"2025-07-03T14:34:06","modified_gmt":"2025-07-03T12:34:06","slug":"mon-parcours","status":"publish","type":"page","link":"https:\/\/osteoparisien.com\/es\/mon-parcours\/","title":{"rendered":"Mi recorrido"},"content":{"rendered":"<div data-elementor-type=\"wp-page\" data-elementor-id=\"15640\" class=\"elementor elementor-15640\">\n\t\t\t\t\t\t<section class=\"elementor-section elementor-top-section elementor-element elementor-element-556605e elementor-section-full_width elementor-section-height-default elementor-section-height-default\" data-id=\"556605e\" data-element_type=\"section\" data-settings=\"{&quot;background_background&quot;:&quot;classic&quot;}\">\n\t\t\t\t\t\t\t<div class=\"elementor-background-overlay\"><\/div>\n\t\t\t\t\t\t\t<div class=\"elementor-container elementor-column-gap-default\">\n\t\t\t\t\t<div class=\"elementor-column elementor-col-100 elementor-top-column elementor-element elementor-element-1c0f84a\" data-id=\"1c0f84a\" data-element_type=\"column\">\n\t\t\t<div class=\"elementor-widget-wrap elementor-element-populated\">\n\t\t\t\t\t\t<div class=\"elementor-element elementor-element-d1696e6 elementor-widget elementor-widget-spacer\" data-id=\"d1696e6\" data-element_type=\"widget\" data-widget_type=\"spacer.default\">\n\t\t\t\t<div class=\"elementor-widget-container\">\n\t\t\t\t\t\t\t<div class=\"elementor-spacer\">\n\t\t\t<div class=\"elementor-spacer-inner\"><\/div>\n\t\t<\/div>\n\t\t\t\t\t\t<\/div>\n\t\t\t\t<\/div>\n\t\t\t\t<div class=\"elementor-element elementor-element-b8ae9f8 elementor-widget elementor-widget-text-editor\" data-id=\"b8ae9f8\" data-element_type=\"widget\" data-widget_type=\"text-editor.default\">\n\t\t\t\t<div class=\"elementor-widget-container\">\n\t\t\t\t\t\t\t\t\t<p>Mi recorrido<\/p>\t\t\t\t\t\t\t\t<\/div>\n\t\t\t\t<\/div>\n\t\t\t\t<div class=\"elementor-element elementor-element-35a6fc9 elementor-widget elementor-widget-spacer\" data-id=\"35a6fc9\" data-element_type=\"widget\" data-widget_type=\"spacer.default\">\n\t\t\t\t<div class=\"elementor-widget-container\">\n\t\t\t\t\t\t\t<div class=\"elementor-spacer\">\n\t\t\t<div class=\"elementor-spacer-inner\"><\/div>\n\t\t<\/div>\n\t\t\t\t\t\t<\/div>\n\t\t\t\t<\/div>\n\t\t\t\t\t<\/div>\n\t\t<\/div>\n\t\t\t\t\t<\/div>\n\t\t<\/section>\n\t\t\t\t<section class=\"elementor-section elementor-top-section elementor-element elementor-element-1cb6134 elementor-section-boxed elementor-section-height-default elementor-section-height-default\" data-id=\"1cb6134\" data-element_type=\"section\" data-settings=\"{&quot;background_background&quot;:&quot;classic&quot;}\">\n\t\t\t\t\t\t\t<div class=\"elementor-background-overlay\"><\/div>\n\t\t\t\t\t\t\t<div class=\"elementor-container elementor-column-gap-default\">\n\t\t\t\t\t<div class=\"elementor-column elementor-col-50 elementor-top-column elementor-element elementor-element-2fea6fb\" data-id=\"2fea6fb\" data-element_type=\"column\">\n\t\t\t<div class=\"elementor-widget-wrap elementor-element-populated\">\n\t\t\t\t\t\t<div class=\"elementor-element elementor-element-4771dd5 elementor-widget elementor-widget-text-editor\" data-id=\"4771dd5\" data-element_type=\"widget\" data-widget_type=\"text-editor.default\">\n\t\t\t\t<div class=\"elementor-widget-container\">\n\t\t\t\t\t\t\t\t\t<p><span style=\"font-weight: 400;\">Me llamo Diane P\u00e9legrin-Bomel, he aprendido a conocer el humano y el cuero humano atr\u00e1s de mis estudios de osteopat\u00eda.\u00a0<\/span><\/p><p><span style=\"font-weight: 400;\">\u00a0<\/span><\/p><p><span style=\"font-weight: 400;\">Desde el fin de 2013, ayudo a las personas a comprender las se\u00f1ales que expresa su cuerpo, a calmar sus miedos y a eliminar las limitaciones f\u00edsicas que sienten para lograr un mejor bienestar f\u00edsico que pueda conducir al bienestar general.\u00a0<\/span><\/p><p><span style=\"font-weight: 400;\">\u00a0<\/span><\/p><p><span style=\"font-weight: 400;\">Complet\u00e9 un curso de estudio de 5 a\u00f1os en el antiguo College Ost\u00e9opathique Sutherland de Par\u00eds, que ahora se ha convertido en el<a href=\"https:\/\/www.ecole-osteopathie-paris.fr\">Ecole d\u2019Ost\u00e9opathie de Paris<\/a>. Esto me ha permitido llenar mi caja de herramientas osteop\u00e1tica con pr\u00e1cticas : estructurales, viscerales y craneales, con el objetivo de adaptarme siempre lo mejor posible a la persona que me consulta para recibir tratamiento.\u00a0<\/span><\/p>\t\t\t\t\t\t\t\t<\/div>\n\t\t\t\t<\/div>\n\t\t\t\t\t<\/div>\n\t\t<\/div>\n\t\t\t\t<div class=\"elementor-column elementor-col-50 elementor-top-column elementor-element elementor-element-95f3379\" data-id=\"95f3379\" data-element_type=\"column\">\n\t\t\t<div class=\"elementor-widget-wrap elementor-element-populated\">\n\t\t\t\t\t\t<div class=\"elementor-element elementor-element-438fbfe elementor-widget__width-initial elementor-widget elementor-widget-image\" data-id=\"438fbfe\" data-element_type=\"widget\" data-widget_type=\"image.default\">\n\t\t\t\t<div class=\"elementor-widget-container\">\n\t\t\t\t\t\t\t\t\t\t\t\t\t\t\t<img fetchpriority=\"high\" decoding=\"async\" width=\"2733\" height=\"3416\" src=\"https:\/\/osteoparisien.com\/wp-content\/uploads\/2024\/11\/DSC_1292.png\" class=\"attachment-full size-full wp-image-17188\" alt=\"Portrait Diane P\u00e9legrin-Bomel\" srcset=\"https:\/\/osteoparisien.com\/wp-content\/uploads\/2024\/11\/DSC_1292.png 2733w, https:\/\/osteoparisien.com\/wp-content\/uploads\/2024\/11\/DSC_1292-240x300.png 240w, https:\/\/osteoparisien.com\/wp-content\/uploads\/2024\/11\/DSC_1292-819x1024.png 819w, https:\/\/osteoparisien.com\/wp-content\/uploads\/2024\/11\/DSC_1292-768x960.png 768w, https:\/\/osteoparisien.com\/wp-content\/uploads\/2024\/11\/DSC_1292-1229x1536.png 1229w, https:\/\/osteoparisien.com\/wp-content\/uploads\/2024\/11\/DSC_1292-1639x2048.png 1639w, https:\/\/osteoparisien.com\/wp-content\/uploads\/2024\/11\/DSC_1292-10x12.png 10w\" sizes=\"(max-width: 2733px) 100vw, 2733px\" \/>\t\t\t\t\t\t\t\t\t\t\t\t\t\t\t<\/div>\n\t\t\t\t<\/div>\n\t\t\t\t\t<\/div>\n\t\t<\/div>\n\t\t\t\t\t<\/div>\n\t\t<\/section>\n\t\t\t\t<section class=\"elementor-section elementor-top-section elementor-element elementor-element-ae36fb8 elementor-section-boxed elementor-section-height-default elementor-section-height-default\" data-id=\"ae36fb8\" data-element_type=\"section\" data-settings=\"{&quot;background_background&quot;:&quot;classic&quot;}\">\n\t\t\t\t\t\t<div class=\"elementor-container elementor-column-gap-default\">\n\t\t\t\t\t<div class=\"elementor-column elementor-col-100 elementor-top-column elementor-element elementor-element-499c296\" data-id=\"499c296\" data-element_type=\"column\">\n\t\t\t<div class=\"elementor-widget-wrap elementor-element-populated\">\n\t\t\t\t\t\t<div class=\"elementor-element elementor-element-bea7149 elementor-widget elementor-widget-text-editor\" data-id=\"bea7149\" data-element_type=\"widget\" data-widget_type=\"text-editor.default\">\n\t\t\t\t<div class=\"elementor-widget-container\">\n\t\t\t\t\t\t\t\t\t<p><span style=\"font-weight: 400;\">En mi visi\u00f3n osteop\u00e1tica hay una cosa esencial.<\/span><\/p><p><span style=\"font-weight: 400;\">El oste\u00f3pata es un punto de apoyo que permite a otros liberarse de sus bloqueos. En ning\u00fan momento soy yo quien cura a las personas, son ellas quienes utilizan mi apoyo para reiniciar su mecanismo de autocuraci\u00f3n. \nEn mi opini\u00f3n, ah\u00ed reside la precisi\u00f3n de mi pr\u00e1ctica: percibir las zonas de constre\u00f1imiento corporal, responder a su necesidad de soporte, de condensaci\u00f3n para que se liberen restableciendo el movimiento a nivel de los diferentes tejidos del cuerpo (\u00f3rganos, huesos, fascia, piel, articulaciones, sistema nervioso).&nbsp;<\/span><\/p>\n<p><span style=\"font-weight: 400;\">Doy una gran importancia al cuidado de los seres humanos en cualquier etapa de su desarrollo. La osteopat\u00eda es una medicina manual que se adapta a las necesidades de cada persona potenciando su capacidad natural de autocuraci\u00f3n.&nbsp;<\/span><\/p>\t\t\t\t\t\t\t\t<\/div>\n\t\t\t\t<\/div>\n\t\t\t\t\t<\/div>\n\t\t<\/div>\n\t\t\t\t\t<\/div>\n\t\t<\/section>\n\t\t\t\t<section class=\"elementor-section elementor-top-section elementor-element elementor-element-f4f30b1 elementor-section-boxed elementor-section-height-default elementor-section-height-default\" data-id=\"f4f30b1\" data-element_type=\"section\" data-settings=\"{&quot;background_background&quot;:&quot;classic&quot;}\">\n\t\t\t\t\t\t\t<div class=\"elementor-background-overlay\"><\/div>\n\t\t\t\t\t\t\t<div class=\"elementor-container elementor-column-gap-default\">\n\t\t\t\t\t<div class=\"elementor-column elementor-col-50 elementor-top-column elementor-element elementor-element-4c720d9\" data-id=\"4c720d9\" data-element_type=\"column\">\n\t\t\t<div class=\"elementor-widget-wrap elementor-element-populated\">\n\t\t\t\t\t\t<div class=\"elementor-element elementor-element-af67ee6 elementor-widget elementor-widget-image\" data-id=\"af67ee6\" data-element_type=\"widget\" data-widget_type=\"image.default\">\n\t\t\t\t<div class=\"elementor-widget-container\">\n\t\t\t\t\t\t\t\t\t\t\t\t\t\t\t<img decoding=\"async\" width=\"1024\" height=\"683\" src=\"https:\/\/osteoparisien.com\/wp-content\/uploads\/2024\/10\/pexels-yankrukov-5793893-1024x683.jpg\" class=\"attachment-large size-large wp-image-15858\" alt=\"Ost\u00e9opathie - hanches\" srcset=\"https:\/\/osteoparisien.com\/wp-content\/uploads\/2024\/10\/pexels-yankrukov-5793893-1024x683.jpg 1024w, https:\/\/osteoparisien.com\/wp-content\/uploads\/2024\/10\/pexels-yankrukov-5793893-300x200.jpg 300w, https:\/\/osteoparisien.com\/wp-content\/uploads\/2024\/10\/pexels-yankrukov-5793893-768x512.jpg 768w\" sizes=\"(max-width: 1024px) 100vw, 1024px\" \/>\t\t\t\t\t\t\t\t\t\t\t\t\t\t\t<\/div>\n\t\t\t\t<\/div>\n\t\t\t\t\t<\/div>\n\t\t<\/div>\n\t\t\t\t<div class=\"elementor-column elementor-col-50 elementor-top-column elementor-element elementor-element-be43be1\" data-id=\"be43be1\" data-element_type=\"column\">\n\t\t\t<div class=\"elementor-widget-wrap elementor-element-populated\">\n\t\t\t\t\t\t<div class=\"elementor-element elementor-element-3b32c1e elementor-widget elementor-widget-text-editor\" data-id=\"3b32c1e\" data-element_type=\"widget\" data-widget_type=\"text-editor.default\">\n\t\t\t\t<div class=\"elementor-widget-container\">\n\t\t\t\t\t\t\t\t\t<p>He elegido perfeccionar mis competencias en diversos \u00e1mbitos: articulaci\u00f3n temporomandibular (mand\u00edbula), mujer embarazada, lactante, osteopat\u00eda ginecol\u00f3gica y perinatal, apoyo al funcionamiento del ciclo femenino, infertilidad, trastornos del sistema nervioso aut\u00f3nomo gracias al nuevo enfoque del nervio vago y al enfoque tisular osteop\u00e1tico.<\/p>\n<p><span style=\"font-size: 16px;\">Mi recorrido me ha puesto en contacto con ni\u00f1os con trastornos autistas, deportistas aficionados con discapacidades y deportistas sin discapacidades (<\/span><a href=\"https:\/\/www.facebook.com\/freehandisetrophy\/\" style=\"font-size: 16px;\">association Freehandisetrophy<\/a><span style=\"font-size: 16px;\">), jugadores de baloncesto, mujeres con dolor que no tienen acceso a la osteopat\u00eda (voluntaria en <\/span><a href=\"https:\/\/www.associationygy.com\" style=\"font-size: 16px;\">l\u2019association YGY<\/a><span style=\"font-size: 16px;\"> y por \u00faltimo, pero no menos importante, la gente de mi oficina.&nbsp;<\/span><br><\/p>\t\t\t\t\t\t\t\t<\/div>\n\t\t\t\t<\/div>\n\t\t\t\t\t<\/div>\n\t\t<\/div>\n\t\t\t\t\t<\/div>\n\t\t<\/section>\n\t\t\t\t<section class=\"elementor-section elementor-top-section elementor-element elementor-element-93508c6 elementor-section-boxed elementor-section-height-default elementor-section-height-default\" data-id=\"93508c6\" data-element_type=\"section\" data-settings=\"{&quot;background_background&quot;:&quot;classic&quot;}\">\n\t\t\t\t\t\t<div class=\"elementor-container elementor-column-gap-default\">\n\t\t\t\t\t<div class=\"elementor-column elementor-col-100 elementor-top-column elementor-element elementor-element-a627c3c\" data-id=\"a627c3c\" data-element_type=\"column\">\n\t\t\t<div class=\"elementor-widget-wrap elementor-element-populated\">\n\t\t\t\t\t\t<div class=\"elementor-element elementor-element-c751c53 elementor-widget elementor-widget-text-editor\" data-id=\"c751c53\" data-element_type=\"widget\" data-widget_type=\"text-editor.default\">\n\t\t\t\t<div class=\"elementor-widget-container\">\n\t\t\t\t\t\t\t\t\t<p><span style=\"font-weight: 400;\">Me complace recibir a personas que desean mejorar su salud y ayudarles a liberarse de las limitaciones que los habitan y adaptar mejor sus actitudes diarias para aliviar su dolor y sufrimiento.&nbsp;&nbsp;<\/span><\/p><p><span style=\"font-weight: 400;\">Ahora muchos de ustedes son conscientes de que la osteopat\u00eda puede ayudaros a prevenir bloqueos corporales para mantener la salud. <\/span><\/p>\t\t\t\t\t\t\t\t<\/div>\n\t\t\t\t<\/div>\n\t\t\t\t\t<\/div>\n\t\t<\/div>\n\t\t\t\t\t<\/div>\n\t\t<\/section>\n\t\t\t\t<\/div>","protected":false},"excerpt":{"rendered":"<p>Mon parcours Je m\u2019appelle Diane P\u00e9legrin-Bomel, j\u2019ai appris \u00e0 conna\u00eetre l\u2019humain et le corps humain notamment au cours de mes \u00e9tudes d\u2019ost\u00e9opathie.\u00a0 \u00a0 Depuis fin 2013 j\u2019accompagne les personnes \u00e0 mieux comprendre les signaux que leur corps expriment, apaiser leurs craintes, lever les contraintes physiques qu\u2019ils ressentent pour obtenir un mieux-\u00eatre corporel qui peut d\u00e9boucher [&hellip;]<\/p>","protected":false},"author":4,"featured_media":0,"parent":0,"menu_order":0,"comment_status":"closed","ping_status":"closed","template":"","meta":{"footnotes":""},"class_list":["post-15640","page","type-page","status-publish","hentry","entry"],"jetpack_sharing_enabled":true,"_links":{"self":[{"href":"https:\/\/osteoparisien.com\/es\/wp-json\/wp\/v2\/pages\/15640","targetHints":{"allow":["GET"]}}],"collection":[{"href":"https:\/\/osteoparisien.com\/es\/wp-json\/wp\/v2\/pages"}],"about":[{"href":"https:\/\/osteoparisien.com\/es\/wp-json\/wp\/v2\/types\/page"}],"author":[{"embeddable":true,"href":"https:\/\/osteoparisien.com\/es\/wp-json\/wp\/v2\/users\/4"}],"replies":[{"embeddable":true,"href":"https:\/\/osteoparisien.com\/es\/wp-json\/wp\/v2\/comments?post=15640"}],"version-history":[{"count":0,"href":"https:\/\/osteoparisien.com\/es\/wp-json\/wp\/v2\/pages\/15640\/revisions"}],"wp:attachment":[{"href":"https:\/\/osteoparisien.com\/es\/wp-json\/wp\/v2\/media?parent=15640"}],"curies":[{"name":"wp","href":"https:\/\/api.w.org\/{rel}","templated":true}]}}