{"id":15339,"date":"2018-08-08T09:41:46","date_gmt":"2018-08-08T07:41:46","guid":{"rendered":"http:\/\/osteoparisien.com\/?page_id=15339"},"modified":"2024-11-06T16:56:58","modified_gmt":"2024-11-06T15:56:58","slug":"losteopathie","status":"publish","type":"page","link":"https:\/\/osteoparisien.com\/es\/losteopathie\/","title":{"rendered":"Osteopat\u00eda"},"content":{"rendered":"<div data-elementor-type=\"wp-page\" data-elementor-id=\"15339\" class=\"elementor elementor-15339\">\n\t\t\t\t\t\t<section class=\"elementor-section elementor-top-section elementor-element elementor-element-0cdca30 elementor-section-full_width elementor-section-height-default elementor-section-height-default\" data-id=\"0cdca30\" data-element_type=\"section\" data-settings=\"{&quot;background_background&quot;:&quot;classic&quot;}\">\n\t\t\t\t\t\t\t<div class=\"elementor-background-overlay\"><\/div>\n\t\t\t\t\t\t\t<div class=\"elementor-container elementor-column-gap-default\">\n\t\t\t\t\t<div class=\"elementor-column elementor-col-100 elementor-top-column elementor-element elementor-element-ce547c9\" data-id=\"ce547c9\" data-element_type=\"column\">\n\t\t\t<div class=\"elementor-widget-wrap elementor-element-populated\">\n\t\t\t\t\t\t<div class=\"elementor-element elementor-element-e95f7e9 elementor-widget elementor-widget-spacer\" data-id=\"e95f7e9\" data-element_type=\"widget\" data-widget_type=\"spacer.default\">\n\t\t\t\t<div class=\"elementor-widget-container\">\n\t\t\t\t\t\t\t<div class=\"elementor-spacer\">\n\t\t\t<div class=\"elementor-spacer-inner\"><\/div>\n\t\t<\/div>\n\t\t\t\t\t\t<\/div>\n\t\t\t\t<\/div>\n\t\t\t\t<div class=\"elementor-element elementor-element-ca59a71 elementor-widget elementor-widget-text-editor\" data-id=\"ca59a71\" data-element_type=\"widget\" data-widget_type=\"text-editor.default\">\n\t\t\t\t<div class=\"elementor-widget-container\">\n\t\t\t\t\t\t\t\t\t<p>Osteopat\u00eda<\/p>\t\t\t\t\t\t\t\t<\/div>\n\t\t\t\t<\/div>\n\t\t\t\t<div class=\"elementor-element elementor-element-f7367d9 elementor-widget elementor-widget-spacer\" data-id=\"f7367d9\" data-element_type=\"widget\" data-widget_type=\"spacer.default\">\n\t\t\t\t<div class=\"elementor-widget-container\">\n\t\t\t\t\t\t\t<div class=\"elementor-spacer\">\n\t\t\t<div class=\"elementor-spacer-inner\"><\/div>\n\t\t<\/div>\n\t\t\t\t\t\t<\/div>\n\t\t\t\t<\/div>\n\t\t\t\t\t<\/div>\n\t\t<\/div>\n\t\t\t\t\t<\/div>\n\t\t<\/section>\n\t\t\t\t<section class=\"elementor-section elementor-top-section elementor-element elementor-element-595d663 elementor-section-boxed elementor-section-height-default elementor-section-height-default\" data-id=\"595d663\" data-element_type=\"section\" data-settings=\"{&quot;background_background&quot;:&quot;classic&quot;}\">\n\t\t\t\t\t\t\t<div class=\"elementor-background-overlay\"><\/div>\n\t\t\t\t\t\t\t<div class=\"elementor-container elementor-column-gap-default\">\n\t\t\t\t\t<div class=\"elementor-column elementor-col-100 elementor-top-column elementor-element elementor-element-19816ce\" data-id=\"19816ce\" data-element_type=\"column\">\n\t\t\t<div class=\"elementor-widget-wrap elementor-element-populated\">\n\t\t\t\t\t\t<div class=\"elementor-element elementor-element-fb65a18 elementor-widget elementor-widget-spacer\" data-id=\"fb65a18\" data-element_type=\"widget\" data-widget_type=\"spacer.default\">\n\t\t\t\t<div class=\"elementor-widget-container\">\n\t\t\t\t\t\t\t<div class=\"elementor-spacer\">\n\t\t\t<div class=\"elementor-spacer-inner\"><\/div>\n\t\t<\/div>\n\t\t\t\t\t\t<\/div>\n\t\t\t\t<\/div>\n\t\t\t\t<div class=\"elementor-element elementor-element-64e0a56 elementor-widget elementor-widget-text-editor\" data-id=\"64e0a56\" data-element_type=\"widget\" data-widget_type=\"text-editor.default\">\n\t\t\t\t<div class=\"elementor-widget-container\">\n\t\t\t\t\t\t\t\t\tLa osteopat\u00eda es una medicina manual catalogada por la Organizaci\u00f3n Mundial de la Salud, practicada por profesionales cualificados, consistente en prevenir, diagnosticar y tratar las disfunciones de movilidad de las diferentes estructuras del cuerpo: musculoesquel\u00e9tica, visceral y craneal.\t\t\t\t\t\t\t\t<\/div>\n\t\t\t\t<\/div>\n\t\t\t\t<div class=\"elementor-element elementor-element-2a9ba5e elementor-widget elementor-widget-spacer\" data-id=\"2a9ba5e\" data-element_type=\"widget\" data-widget_type=\"spacer.default\">\n\t\t\t\t<div class=\"elementor-widget-container\">\n\t\t\t\t\t\t\t<div class=\"elementor-spacer\">\n\t\t\t<div class=\"elementor-spacer-inner\"><\/div>\n\t\t<\/div>\n\t\t\t\t\t\t<\/div>\n\t\t\t\t<\/div>\n\t\t\t\t\t<\/div>\n\t\t<\/div>\n\t\t\t\t\t<\/div>\n\t\t<\/section>\n\t\t\t\t<section class=\"elementor-section elementor-top-section elementor-element elementor-element-9d47cbc elementor-section-boxed elementor-section-height-default elementor-section-height-default\" data-id=\"9d47cbc\" data-element_type=\"section\" data-settings=\"{&quot;background_background&quot;:&quot;classic&quot;}\">\n\t\t\t\t\t\t<div class=\"elementor-container elementor-column-gap-default\">\n\t\t\t\t\t<div class=\"elementor-column elementor-col-100 elementor-top-column elementor-element elementor-element-a5c657b\" data-id=\"a5c657b\" data-element_type=\"column\">\n\t\t\t<div class=\"elementor-widget-wrap elementor-element-populated\">\n\t\t\t\t\t\t<div class=\"elementor-element elementor-element-0eca5ed elementor-widget elementor-widget-text-editor\" data-id=\"0eca5ed\" data-element_type=\"widget\" data-widget_type=\"text-editor.default\">\n\t\t\t\t<div class=\"elementor-widget-container\">\n\t\t\t\t\t\t\t\t\t<p>Su enfoque global ayuda a aliviar muchos problemas de salud que a veces la medicina tradicional no comprende bien.<\/p><p>Proporciona una mayor comodidad de vida al paciente y acompa\u00f1a a muchos tratamientos o procedimientos m\u00e9dicos:<\/p><ul><li>Durante la infancia (cuidados de ortodoncia, ortopedia, logopedia),<\/li><li>Al prepararse para el embarazo, durante y despu\u00e9s del parto,<\/li><li>Antes o despu\u00e9s de la cirug\u00eda y muchas otras situaciones.<\/li><\/ul><p>Su complementariedad tambi\u00e9n es reconocida en el deporte y cada vez m\u00e1s en el \u00e1mbito laboral para la gesti\u00f3n del estr\u00e9s y las malas posturas, entre otros.<\/p><p>La osteopat\u00eda considera que las distintas partes del cuerpo son interdependientes y que un mal funcionamiento o una mala vascularizaci\u00f3n de una de ellas puede afectar a las dem\u00e1s y provocar una p\u00e9rdida de movilidad.<\/p><p>Una restricci\u00f3n de movilidad, en algunos casos, no genera dolor inmediatamente sino que aparece una vez que el cuerpo pierde la capacidad de compensar y adaptarse. Por tanto, es aconsejable consultar a un oste\u00f3pata antes de que aparezcan los s\u00edntomas para prevenir obstrucciones.<\/p><p>Mediante el uso de diversas t\u00e9cnicas manuales, el practicante ayudar\u00e1 a su cuerpo a recuperar el equilibrio y restaurar sus capacidades curativas y el poder de defenderse.<\/p>\t\t\t\t\t\t\t\t<\/div>\n\t\t\t\t<\/div>\n\t\t\t\t\t<\/div>\n\t\t<\/div>\n\t\t\t\t\t<\/div>\n\t\t<\/section>\n\t\t\t\t<section class=\"elementor-section elementor-top-section elementor-element elementor-element-090138a elementor-section-boxed elementor-section-height-default elementor-section-height-default\" data-id=\"090138a\" data-element_type=\"section\" data-settings=\"{&quot;background_background&quot;:&quot;classic&quot;}\">\n\t\t\t\t\t\t\t<div class=\"elementor-background-overlay\"><\/div>\n\t\t\t\t\t\t\t<div class=\"elementor-container elementor-column-gap-default\">\n\t\t\t\t\t<div class=\"elementor-column elementor-col-100 elementor-top-column elementor-element elementor-element-0e33535\" data-id=\"0e33535\" data-element_type=\"column\">\n\t\t\t<div class=\"elementor-widget-wrap elementor-element-populated\">\n\t\t\t\t\t\t<div class=\"elementor-element elementor-element-a78acef elementor-widget elementor-widget-spacer\" data-id=\"a78acef\" data-element_type=\"widget\" data-widget_type=\"spacer.default\">\n\t\t\t\t<div class=\"elementor-widget-container\">\n\t\t\t\t\t\t\t<div class=\"elementor-spacer\">\n\t\t\t<div class=\"elementor-spacer-inner\"><\/div>\n\t\t<\/div>\n\t\t\t\t\t\t<\/div>\n\t\t\t\t<\/div>\n\t\t\t\t<div class=\"elementor-element elementor-element-cf0edcf elementor-widget elementor-widget-text-editor\" data-id=\"cf0edcf\" data-element_type=\"widget\" data-widget_type=\"text-editor.default\">\n\t\t\t\t<div class=\"elementor-widget-container\">\n\t\t\t\t\t\t\t\t\t<p>Piensa en la prevenci\u00f3n y consulta de 2 a 3 veces al a\u00f1o aparte de cualquier dolor o problema molesto.<\/p>\t\t\t\t\t\t\t\t<\/div>\n\t\t\t\t<\/div>\n\t\t\t\t<div class=\"elementor-element elementor-element-ad445d4 elementor-widget elementor-widget-spacer\" data-id=\"ad445d4\" data-element_type=\"widget\" data-widget_type=\"spacer.default\">\n\t\t\t\t<div class=\"elementor-widget-container\">\n\t\t\t\t\t\t\t<div class=\"elementor-spacer\">\n\t\t\t<div class=\"elementor-spacer-inner\"><\/div>\n\t\t<\/div>\n\t\t\t\t\t\t<\/div>\n\t\t\t\t<\/div>\n\t\t\t\t\t<\/div>\n\t\t<\/div>\n\t\t\t\t\t<\/div>\n\t\t<\/section>\n\t\t\t\t<\/div>","protected":false},"excerpt":{"rendered":"<p>L&rsquo;Ost\u00e9opathie L\u2019ost\u00e9opathie est une m\u00e9decine manuelle r\u00e9pertori\u00e9e par l\u2019Organisation Mondiale de la Sant\u00e9, exerc\u00e9e par des praticiens dipl\u00f4m\u00e9s, consistant \u00e0 pr\u00e9venir, diagnostiquer et traiter les dysfonctions de la mobilit\u00e9 des diff\u00e9rentes structures du corps : musculo-squelettique, visc\u00e9rale et cr\u00e2nienne. Son approche globale permet de soulager de nombreux troubles de sant\u00e9 parfois peu appr\u00e9hend\u00e9s par la [&hellip;]<\/p>","protected":false},"author":4,"featured_media":0,"parent":0,"menu_order":0,"comment_status":"closed","ping_status":"closed","template":"","meta":{"footnotes":""},"class_list":["post-15339","page","type-page","status-publish","hentry","entry"],"jetpack_sharing_enabled":true,"_links":{"self":[{"href":"https:\/\/osteoparisien.com\/es\/wp-json\/wp\/v2\/pages\/15339","targetHints":{"allow":["GET"]}}],"collection":[{"href":"https:\/\/osteoparisien.com\/es\/wp-json\/wp\/v2\/pages"}],"about":[{"href":"https:\/\/osteoparisien.com\/es\/wp-json\/wp\/v2\/types\/page"}],"author":[{"embeddable":true,"href":"https:\/\/osteoparisien.com\/es\/wp-json\/wp\/v2\/users\/4"}],"replies":[{"embeddable":true,"href":"https:\/\/osteoparisien.com\/es\/wp-json\/wp\/v2\/comments?post=15339"}],"version-history":[{"count":0,"href":"https:\/\/osteoparisien.com\/es\/wp-json\/wp\/v2\/pages\/15339\/revisions"}],"wp:attachment":[{"href":"https:\/\/osteoparisien.com\/es\/wp-json\/wp\/v2\/media?parent=15339"}],"curies":[{"name":"wp","href":"https:\/\/api.w.org\/{rel}","templated":true}]}}