{"id":15337,"date":"2018-08-08T09:34:21","date_gmt":"2018-08-08T07:34:21","guid":{"rendered":"http:\/\/osteoparisien.com\/?page_id=15337"},"modified":"2025-07-03T15:28:42","modified_gmt":"2025-07-03T13:28:42","slug":"douleurs-de-machoire","status":"publish","type":"page","link":"https:\/\/osteoparisien.com\/es\/douleurs-de-machoire\/","title":{"rendered":"Dolores de mandibula"},"content":{"rendered":"<div data-elementor-type=\"wp-page\" data-elementor-id=\"15337\" class=\"elementor elementor-15337\">\n\t\t\t\t\t\t<section class=\"elementor-section elementor-top-section elementor-element elementor-element-06b78ea elementor-section-full_width elementor-section-height-default elementor-section-height-default\" data-id=\"06b78ea\" data-element_type=\"section\" data-settings=\"{&quot;background_background&quot;:&quot;classic&quot;}\">\n\t\t\t\t\t\t\t<div class=\"elementor-background-overlay\"><\/div>\n\t\t\t\t\t\t\t<div class=\"elementor-container elementor-column-gap-default\">\n\t\t\t\t\t<div class=\"elementor-column elementor-col-100 elementor-top-column elementor-element elementor-element-3ea56fa\" data-id=\"3ea56fa\" data-element_type=\"column\">\n\t\t\t<div class=\"elementor-widget-wrap elementor-element-populated\">\n\t\t\t\t\t\t<div class=\"elementor-element elementor-element-112cfcf elementor-widget elementor-widget-spacer\" data-id=\"112cfcf\" data-element_type=\"widget\" data-widget_type=\"spacer.default\">\n\t\t\t\t<div class=\"elementor-widget-container\">\n\t\t\t\t\t\t\t<div class=\"elementor-spacer\">\n\t\t\t<div class=\"elementor-spacer-inner\"><\/div>\n\t\t<\/div>\n\t\t\t\t\t\t<\/div>\n\t\t\t\t<\/div>\n\t\t\t\t<div class=\"elementor-element elementor-element-83b4014 elementor-widget elementor-widget-text-editor\" data-id=\"83b4014\" data-element_type=\"widget\" data-widget_type=\"text-editor.default\">\n\t\t\t\t<div class=\"elementor-widget-container\">\n\t\t\t\t\t\t\t\t\t<p>Dolores de mandibula<\/p>\t\t\t\t\t\t\t\t<\/div>\n\t\t\t\t<\/div>\n\t\t\t\t<div class=\"elementor-element elementor-element-4154696 elementor-widget elementor-widget-spacer\" data-id=\"4154696\" data-element_type=\"widget\" data-widget_type=\"spacer.default\">\n\t\t\t\t<div class=\"elementor-widget-container\">\n\t\t\t\t\t\t\t<div class=\"elementor-spacer\">\n\t\t\t<div class=\"elementor-spacer-inner\"><\/div>\n\t\t<\/div>\n\t\t\t\t\t\t<\/div>\n\t\t\t\t<\/div>\n\t\t\t\t\t<\/div>\n\t\t<\/div>\n\t\t\t\t\t<\/div>\n\t\t<\/section>\n\t\t\t\t<section class=\"elementor-section elementor-top-section elementor-element elementor-element-cbfc647 elementor-section-boxed elementor-section-height-default elementor-section-height-default\" data-id=\"cbfc647\" data-element_type=\"section\" data-settings=\"{&quot;background_background&quot;:&quot;classic&quot;}\">\n\t\t\t\t\t\t\t<div class=\"elementor-background-overlay\"><\/div>\n\t\t\t\t\t\t\t<div class=\"elementor-container elementor-column-gap-default\">\n\t\t\t\t\t<div class=\"elementor-column elementor-col-100 elementor-top-column elementor-element elementor-element-467f656\" data-id=\"467f656\" data-element_type=\"column\">\n\t\t\t<div class=\"elementor-widget-wrap elementor-element-populated\">\n\t\t\t\t\t\t<div class=\"elementor-element elementor-element-e2f4e9a elementor-widget elementor-widget-spacer\" data-id=\"e2f4e9a\" data-element_type=\"widget\" data-widget_type=\"spacer.default\">\n\t\t\t\t<div class=\"elementor-widget-container\">\n\t\t\t\t\t\t\t<div class=\"elementor-spacer\">\n\t\t\t<div class=\"elementor-spacer-inner\"><\/div>\n\t\t<\/div>\n\t\t\t\t\t\t<\/div>\n\t\t\t\t<\/div>\n\t\t\t\t<div class=\"elementor-element elementor-element-bb8fe2e elementor-widget elementor-widget-text-editor\" data-id=\"bb8fe2e\" data-element_type=\"widget\" data-widget_type=\"text-editor.default\">\n\t\t\t\t<div class=\"elementor-widget-container\">\n\t\t\t\t\t\t\t\t\t<p>La articulaci\u00f3n temporomandibular (ATM) es poco conocida.<\/p><p>Su anatom\u00eda, biomec\u00e1nica y patolog\u00edas han sido poco estudiadas.\u00a0<\/p><p><span style=\"font-size: 20px;\">La osteopat\u00eda es uno de los tratamientos para esta articulaci\u00f3n, la terapia manual puede dar excelentes resultados.<\/span><\/p>\t\t\t\t\t\t\t\t<\/div>\n\t\t\t\t<\/div>\n\t\t\t\t<div class=\"elementor-element elementor-element-7c75e31 elementor-widget elementor-widget-spacer\" data-id=\"7c75e31\" data-element_type=\"widget\" data-widget_type=\"spacer.default\">\n\t\t\t\t<div class=\"elementor-widget-container\">\n\t\t\t\t\t\t\t<div class=\"elementor-spacer\">\n\t\t\t<div class=\"elementor-spacer-inner\"><\/div>\n\t\t<\/div>\n\t\t\t\t\t\t<\/div>\n\t\t\t\t<\/div>\n\t\t\t\t\t<\/div>\n\t\t<\/div>\n\t\t\t\t\t<\/div>\n\t\t<\/section>\n\t\t\t\t<section class=\"elementor-section elementor-top-section elementor-element elementor-element-9355b6c elementor-section-boxed elementor-section-height-default elementor-section-height-default\" data-id=\"9355b6c\" data-element_type=\"section\" data-settings=\"{&quot;background_background&quot;:&quot;classic&quot;}\">\n\t\t\t\t\t\t\t<div class=\"elementor-background-overlay\"><\/div>\n\t\t\t\t\t\t\t<div class=\"elementor-container elementor-column-gap-default\">\n\t\t\t\t\t<div class=\"elementor-column elementor-col-50 elementor-top-column elementor-element elementor-element-d9c3644\" data-id=\"d9c3644\" data-element_type=\"column\">\n\t\t\t<div class=\"elementor-widget-wrap elementor-element-populated\">\n\t\t\t\t\t\t<div class=\"elementor-element elementor-element-e8e5ff1 elementor-widget elementor-widget-text-editor\" data-id=\"e8e5ff1\" data-element_type=\"widget\" data-widget_type=\"text-editor.default\">\n\t\t\t\t<div class=\"elementor-widget-container\">\n\t\t\t\t\t\t\t\t\t<p>La oclusi\u00f3n dentaria corresponde a la superposici\u00f3n de los dientes y al correcto posicionamiento de la mand\u00edbula. La maloclusi\u00f3n dental provoca espasmos o contracturas musculares, desequilibrios mec\u00e1nicos y dolor. Estos pueden tener repercusiones en todo el cuerpo, ya que pueden alterar la postura general.<\/p><p>Una maloclusi\u00f3n dental ser\u00e1 responsable de una trayectoria desviada durante el cierre o apertura de la mand\u00edbula, presiones articulares anormalmente altas. Sin embargo, sabemos que la posici\u00f3n de los dientes depende de la fuerza de empuje de la lengua. Por lo tanto, es importante desde la infancia y antes de iniciar el trabajo de correcci\u00f3n de ortodoncia, comprobar la estabilidad de la mand\u00edbula y la posici\u00f3n de la lengua en la boca.<\/p>\t\t\t\t\t\t\t\t<\/div>\n\t\t\t\t<\/div>\n\t\t\t\t\t<\/div>\n\t\t<\/div>\n\t\t\t\t<div class=\"elementor-column elementor-col-50 elementor-top-column elementor-element elementor-element-fd3d5b1\" data-id=\"fd3d5b1\" data-element_type=\"column\">\n\t\t\t<div class=\"elementor-widget-wrap elementor-element-populated\">\n\t\t\t\t\t\t<div class=\"elementor-element elementor-element-b57ed8e elementor-widget elementor-widget-image\" data-id=\"b57ed8e\" data-element_type=\"widget\" data-widget_type=\"image.default\">\n\t\t\t\t<div class=\"elementor-widget-container\">\n\t\t\t\t\t\t\t\t\t\t\t\t\t\t\t<img fetchpriority=\"high\" decoding=\"async\" width=\"1024\" height=\"819\" src=\"https:\/\/osteoparisien.com\/wp-content\/uploads\/2024\/11\/Plan-de-travail-1-2-1024x819.png\" class=\"attachment-large size-large wp-image-16710\" alt=\"Douleurs m\u00e2choire\" srcset=\"https:\/\/osteoparisien.com\/wp-content\/uploads\/2024\/11\/Plan-de-travail-1-2-1024x819.png 1024w, https:\/\/osteoparisien.com\/wp-content\/uploads\/2024\/11\/Plan-de-travail-1-2-300x240.png 300w, https:\/\/osteoparisien.com\/wp-content\/uploads\/2024\/11\/Plan-de-travail-1-2-768x614.png 768w, https:\/\/osteoparisien.com\/wp-content\/uploads\/2024\/11\/Plan-de-travail-1-2-15x12.png 15w, https:\/\/osteoparisien.com\/wp-content\/uploads\/2024\/11\/Plan-de-travail-1-2.png 1280w\" sizes=\"(max-width: 1024px) 100vw, 1024px\" \/>\t\t\t\t\t\t\t\t\t\t\t\t\t\t\t<\/div>\n\t\t\t\t<\/div>\n\t\t\t\t\t<\/div>\n\t\t<\/div>\n\t\t\t\t\t<\/div>\n\t\t<\/section>\n\t\t\t\t<section class=\"elementor-section elementor-top-section elementor-element elementor-element-19cbe20 elementor-section-boxed elementor-section-height-default elementor-section-height-default\" data-id=\"19cbe20\" data-element_type=\"section\" data-settings=\"{&quot;background_background&quot;:&quot;classic&quot;}\">\n\t\t\t\t\t\t\t<div class=\"elementor-background-overlay\"><\/div>\n\t\t\t\t\t\t\t<div class=\"elementor-container elementor-column-gap-default\">\n\t\t\t\t\t<div class=\"elementor-column elementor-col-100 elementor-top-column elementor-element elementor-element-ac80103\" data-id=\"ac80103\" data-element_type=\"column\">\n\t\t\t<div class=\"elementor-widget-wrap elementor-element-populated\">\n\t\t\t\t\t\t<div class=\"elementor-element elementor-element-81fd0cb elementor-widget elementor-widget-spacer\" data-id=\"81fd0cb\" data-element_type=\"widget\" data-widget_type=\"spacer.default\">\n\t\t\t\t<div class=\"elementor-widget-container\">\n\t\t\t\t\t\t\t<div class=\"elementor-spacer\">\n\t\t\t<div class=\"elementor-spacer-inner\"><\/div>\n\t\t<\/div>\n\t\t\t\t\t\t<\/div>\n\t\t\t\t<\/div>\n\t\t\t\t<div class=\"elementor-element elementor-element-2bc91eb elementor-widget elementor-widget-text-editor\" data-id=\"2bc91eb\" data-element_type=\"widget\" data-widget_type=\"text-editor.default\">\n\t\t\t\t<div class=\"elementor-widget-container\">\n\t\t\t\t\t\t\t\t\t<p>Existen varios signos o s\u00edntomas asociados con el desequilibrio de la mand\u00edbula, aqu\u00ed se enumeran algunos:<\/p><ul><li>Dolor de o\u00eddo y ATM,<\/li><li>Desviaci\u00f3n de la mand\u00edbula durante la apertura,<\/li><li>Disminuci\u00f3n de la apertura,<\/li><li>Zumbido y mareos,<\/li><li>Dolores de cabeza,<\/li><li>Dolor de cuello.<\/li><\/ul><p>\u00a0<\/p><p>El dolor de cuello es uno de los signos cl\u00ednicos del s\u00edndrome craneomandibular o s\u00edndrome de Costen. El equilibrio de las ATM tiene un papel importante en el equilibrio de la columna cervical. Los m\u00fasculos cervicales son parte integral del sistema craneomandibular. En muchos casos, el tratamiento del sistema masticatorio es uno de los puntos importantes a la hora de abordar el dolor de la columna cervical.<\/p>\t\t\t\t\t\t\t\t<\/div>\n\t\t\t\t<\/div>\n\t\t\t\t<div class=\"elementor-element elementor-element-b790664 elementor-widget elementor-widget-spacer\" data-id=\"b790664\" data-element_type=\"widget\" data-widget_type=\"spacer.default\">\n\t\t\t\t<div class=\"elementor-widget-container\">\n\t\t\t\t\t\t\t<div class=\"elementor-spacer\">\n\t\t\t<div class=\"elementor-spacer-inner\"><\/div>\n\t\t<\/div>\n\t\t\t\t\t\t<\/div>\n\t\t\t\t<\/div>\n\t\t\t\t\t<\/div>\n\t\t<\/div>\n\t\t\t\t\t<\/div>\n\t\t<\/section>\n\t\t\t\t<section class=\"elementor-section elementor-top-section elementor-element elementor-element-521692a elementor-section-boxed elementor-section-height-default elementor-section-height-default\" data-id=\"521692a\" data-element_type=\"section\" data-settings=\"{&quot;background_background&quot;:&quot;classic&quot;}\">\n\t\t\t\t\t\t\t<div class=\"elementor-background-overlay\"><\/div>\n\t\t\t\t\t\t\t<div class=\"elementor-container elementor-column-gap-default\">\n\t\t\t\t\t<div class=\"elementor-column elementor-col-100 elementor-top-column elementor-element elementor-element-5e86ad6\" data-id=\"5e86ad6\" data-element_type=\"column\">\n\t\t\t<div class=\"elementor-widget-wrap elementor-element-populated\">\n\t\t\t\t\t\t<div class=\"elementor-element elementor-element-3872693 elementor-widget elementor-widget-spacer\" data-id=\"3872693\" data-element_type=\"widget\" data-widget_type=\"spacer.default\">\n\t\t\t\t<div class=\"elementor-widget-container\">\n\t\t\t\t\t\t\t<div class=\"elementor-spacer\">\n\t\t\t<div class=\"elementor-spacer-inner\"><\/div>\n\t\t<\/div>\n\t\t\t\t\t\t<\/div>\n\t\t\t\t<\/div>\n\t\t\t\t<div class=\"elementor-element elementor-element-aa4ffd7 elementor-widget elementor-widget-text-editor\" data-id=\"aa4ffd7\" data-element_type=\"widget\" data-widget_type=\"text-editor.default\">\n\t\t\t\t<div class=\"elementor-widget-container\">\n\t\t\t\t\t\t\t\t\t<p>Escucha su mand\u00edbula, es una articulaci\u00f3n que usamos todos los d\u00edas al hablar, masticar, tragar y bostezar.<\/p>\t\t\t\t\t\t\t\t<\/div>\n\t\t\t\t<\/div>\n\t\t\t\t<div class=\"elementor-element elementor-element-7b65abb elementor-widget elementor-widget-spacer\" data-id=\"7b65abb\" data-element_type=\"widget\" data-widget_type=\"spacer.default\">\n\t\t\t\t<div class=\"elementor-widget-container\">\n\t\t\t\t\t\t\t<div class=\"elementor-spacer\">\n\t\t\t<div class=\"elementor-spacer-inner\"><\/div>\n\t\t<\/div>\n\t\t\t\t\t\t<\/div>\n\t\t\t\t<\/div>\n\t\t\t\t\t<\/div>\n\t\t<\/div>\n\t\t\t\t\t<\/div>\n\t\t<\/section>\n\t\t\t\t<section class=\"elementor-section elementor-top-section elementor-element elementor-element-02370f2 elementor-section-boxed elementor-section-height-default elementor-section-height-default\" data-id=\"02370f2\" data-element_type=\"section\" data-settings=\"{&quot;background_background&quot;:&quot;classic&quot;}\">\n\t\t\t\t\t\t\t<div class=\"elementor-background-overlay\"><\/div>\n\t\t\t\t\t\t\t<div class=\"elementor-container elementor-column-gap-default\">\n\t\t\t\t\t<div class=\"elementor-column elementor-col-100 elementor-top-column elementor-element elementor-element-f950b08\" data-id=\"f950b08\" data-element_type=\"column\">\n\t\t\t<div class=\"elementor-widget-wrap elementor-element-populated\">\n\t\t\t\t\t\t<div class=\"elementor-element elementor-element-864eec0 elementor-widget elementor-widget-spacer\" data-id=\"864eec0\" data-element_type=\"widget\" data-widget_type=\"spacer.default\">\n\t\t\t\t<div class=\"elementor-widget-container\">\n\t\t\t\t\t\t\t<div class=\"elementor-spacer\">\n\t\t\t<div class=\"elementor-spacer-inner\"><\/div>\n\t\t<\/div>\n\t\t\t\t\t\t<\/div>\n\t\t\t\t<\/div>\n\t\t\t\t<div class=\"elementor-element elementor-element-471001d elementor-widget elementor-widget-text-editor\" data-id=\"471001d\" data-element_type=\"widget\" data-widget_type=\"text-editor.default\">\n\t\t\t\t<div class=\"elementor-widget-container\">\n\t\t\t\t\t\t\t\t\t<p style=\"font-weight: 400;\">Este art\u00edculo fue escrito por Diane P\u00e9legrin-Bomel.<\/p>\t\t\t\t\t\t\t\t<\/div>\n\t\t\t\t<\/div>\n\t\t\t\t<div class=\"elementor-element elementor-element-39a4e86 elementor-widget elementor-widget-spacer\" data-id=\"39a4e86\" data-element_type=\"widget\" data-widget_type=\"spacer.default\">\n\t\t\t\t<div class=\"elementor-widget-container\">\n\t\t\t\t\t\t\t<div class=\"elementor-spacer\">\n\t\t\t<div class=\"elementor-spacer-inner\"><\/div>\n\t\t<\/div>\n\t\t\t\t\t\t<\/div>\n\t\t\t\t<\/div>\n\t\t\t\t\t<\/div>\n\t\t<\/div>\n\t\t\t\t\t<\/div>\n\t\t<\/section>\n\t\t\t\t<\/div>","protected":false},"excerpt":{"rendered":"<p>Douleurs de m\u00e2choire L\u2019articulation temporo-mandibulaire (ATM) est peu connue. Son anatomie, sa biom\u00e9canique et ses pathologies ont \u00e9t\u00e9 peu \u00e9tudi\u00e9es.\u00a0 L\u2019ost\u00e9opathie est un des traitements de cette articulation, la th\u00e9rapie manuelle peut donner d\u2019excellents r\u00e9sultats. L\u2019occlusion dentaire correspond \u00e0 la superposition des dents et le bon positionnement de la mandibule. Une malocclusion dentaire est g\u00e9n\u00e9ratrice [&hellip;]<\/p>","protected":false},"author":4,"featured_media":0,"parent":0,"menu_order":0,"comment_status":"closed","ping_status":"closed","template":"","meta":{"footnotes":""},"class_list":["post-15337","page","type-page","status-publish","hentry","entry"],"jetpack_sharing_enabled":true,"_links":{"self":[{"href":"https:\/\/osteoparisien.com\/es\/wp-json\/wp\/v2\/pages\/15337","targetHints":{"allow":["GET"]}}],"collection":[{"href":"https:\/\/osteoparisien.com\/es\/wp-json\/wp\/v2\/pages"}],"about":[{"href":"https:\/\/osteoparisien.com\/es\/wp-json\/wp\/v2\/types\/page"}],"author":[{"embeddable":true,"href":"https:\/\/osteoparisien.com\/es\/wp-json\/wp\/v2\/users\/4"}],"replies":[{"embeddable":true,"href":"https:\/\/osteoparisien.com\/es\/wp-json\/wp\/v2\/comments?post=15337"}],"version-history":[{"count":0,"href":"https:\/\/osteoparisien.com\/es\/wp-json\/wp\/v2\/pages\/15337\/revisions"}],"wp:attachment":[{"href":"https:\/\/osteoparisien.com\/es\/wp-json\/wp\/v2\/media?parent=15337"}],"curies":[{"name":"wp","href":"https:\/\/api.w.org\/{rel}","templated":true}]}}