{"id":15332,"date":"2018-08-08T09:15:41","date_gmt":"2018-08-08T07:15:41","guid":{"rendered":"http:\/\/osteoparisien.com\/?page_id=15332"},"modified":"2024-11-13T17:11:11","modified_gmt":"2024-11-13T16:11:11","slug":"osteopathie-au-service-du-corps","status":"publish","type":"page","link":"https:\/\/osteoparisien.com\/es\/osteopathie-au-service-du-corps\/","title":{"rendered":"La osteopat\u00eda al servicio del cuerpo"},"content":{"rendered":"<div data-elementor-type=\"wp-page\" data-elementor-id=\"15332\" class=\"elementor elementor-15332\">\n\t\t\t\t\t\t<section class=\"elementor-section elementor-top-section elementor-element elementor-element-43eb3f3 elementor-section-full_width elementor-section-height-default elementor-section-height-default\" data-id=\"43eb3f3\" data-element_type=\"section\" data-settings=\"{&quot;background_background&quot;:&quot;classic&quot;}\">\n\t\t\t\t\t\t\t<div class=\"elementor-background-overlay\"><\/div>\n\t\t\t\t\t\t\t<div class=\"elementor-container elementor-column-gap-default\">\n\t\t\t\t\t<div class=\"elementor-column elementor-col-100 elementor-top-column elementor-element elementor-element-b755470\" data-id=\"b755470\" data-element_type=\"column\">\n\t\t\t<div class=\"elementor-widget-wrap elementor-element-populated\">\n\t\t\t\t\t\t<div class=\"elementor-element elementor-element-cc0cc04 elementor-widget elementor-widget-spacer\" data-id=\"cc0cc04\" data-element_type=\"widget\" data-widget_type=\"spacer.default\">\n\t\t\t\t<div class=\"elementor-widget-container\">\n\t\t\t\t\t\t\t<div class=\"elementor-spacer\">\n\t\t\t<div class=\"elementor-spacer-inner\"><\/div>\n\t\t<\/div>\n\t\t\t\t\t\t<\/div>\n\t\t\t\t<\/div>\n\t\t\t\t<div class=\"elementor-element elementor-element-57bca28 elementor-widget elementor-widget-text-editor\" data-id=\"57bca28\" data-element_type=\"widget\" data-widget_type=\"text-editor.default\">\n\t\t\t\t<div class=\"elementor-widget-container\">\n\t\t\t\t\t\t\t\t\t<p>La osteopat\u00eda al servicio del cuerpo<\/p>\t\t\t\t\t\t\t\t<\/div>\n\t\t\t\t<\/div>\n\t\t\t\t<div class=\"elementor-element elementor-element-c1cfe96 elementor-widget elementor-widget-spacer\" data-id=\"c1cfe96\" data-element_type=\"widget\" data-widget_type=\"spacer.default\">\n\t\t\t\t<div class=\"elementor-widget-container\">\n\t\t\t\t\t\t\t<div class=\"elementor-spacer\">\n\t\t\t<div class=\"elementor-spacer-inner\"><\/div>\n\t\t<\/div>\n\t\t\t\t\t\t<\/div>\n\t\t\t\t<\/div>\n\t\t\t\t\t<\/div>\n\t\t<\/div>\n\t\t\t\t\t<\/div>\n\t\t<\/section>\n\t\t\t\t<section class=\"elementor-section elementor-top-section elementor-element elementor-element-4685c7e elementor-section-boxed elementor-section-height-default elementor-section-height-default\" data-id=\"4685c7e\" data-element_type=\"section\" data-settings=\"{&quot;background_background&quot;:&quot;classic&quot;}\">\n\t\t\t\t\t\t\t<div class=\"elementor-background-overlay\"><\/div>\n\t\t\t\t\t\t\t<div class=\"elementor-container elementor-column-gap-default\">\n\t\t\t\t\t<div class=\"elementor-column elementor-col-100 elementor-top-column elementor-element elementor-element-065eccf\" data-id=\"065eccf\" data-element_type=\"column\">\n\t\t\t<div class=\"elementor-widget-wrap elementor-element-populated\">\n\t\t\t\t\t\t<div class=\"elementor-element elementor-element-55a7b8c elementor-widget elementor-widget-spacer\" data-id=\"55a7b8c\" data-element_type=\"widget\" data-widget_type=\"spacer.default\">\n\t\t\t\t<div class=\"elementor-widget-container\">\n\t\t\t\t\t\t\t<div class=\"elementor-spacer\">\n\t\t\t<div class=\"elementor-spacer-inner\"><\/div>\n\t\t<\/div>\n\t\t\t\t\t\t<\/div>\n\t\t\t\t<\/div>\n\t\t\t\t<div class=\"elementor-element elementor-element-ba99b05 elementor-widget elementor-widget-text-editor\" data-id=\"ba99b05\" data-element_type=\"widget\" data-widget_type=\"text-editor.default\">\n\t\t\t\t<div class=\"elementor-widget-container\">\n\t\t\t\t\t\t\t\t\t<p><span style=\"font-size: 20px;\">El dolor de espalda afecta actualmente al 10% de la poblaci\u00f3n mundial.<\/span><\/p>\t\t\t\t\t\t\t\t<\/div>\n\t\t\t\t<\/div>\n\t\t\t\t<div class=\"elementor-element elementor-element-bdff280 elementor-widget elementor-widget-spacer\" data-id=\"bdff280\" data-element_type=\"widget\" data-widget_type=\"spacer.default\">\n\t\t\t\t<div class=\"elementor-widget-container\">\n\t\t\t\t\t\t\t<div class=\"elementor-spacer\">\n\t\t\t<div class=\"elementor-spacer-inner\"><\/div>\n\t\t<\/div>\n\t\t\t\t\t\t<\/div>\n\t\t\t\t<\/div>\n\t\t\t\t\t<\/div>\n\t\t<\/div>\n\t\t\t\t\t<\/div>\n\t\t<\/section>\n\t\t\t\t<section class=\"elementor-section elementor-top-section elementor-element elementor-element-ab19cbf elementor-section-boxed elementor-section-height-default elementor-section-height-default\" data-id=\"ab19cbf\" data-element_type=\"section\" data-settings=\"{&quot;background_background&quot;:&quot;classic&quot;}\">\n\t\t\t\t\t\t\t<div class=\"elementor-background-overlay\"><\/div>\n\t\t\t\t\t\t\t<div class=\"elementor-container elementor-column-gap-default\">\n\t\t\t\t\t<div class=\"elementor-column elementor-col-50 elementor-top-column elementor-element elementor-element-2a143d6\" data-id=\"2a143d6\" data-element_type=\"column\">\n\t\t\t<div class=\"elementor-widget-wrap elementor-element-populated\">\n\t\t\t\t\t\t<div class=\"elementor-element elementor-element-810671b elementor-widget elementor-widget-text-editor\" data-id=\"810671b\" data-element_type=\"widget\" data-widget_type=\"text-editor.default\">\n\t\t\t\t<div class=\"elementor-widget-container\">\n\t\t\t\t\t\t\t\t\t<p>Nuestro estilo de vida cada vez m\u00e1s sedentario, el estr\u00e9s, la mala postura y el uso de tel\u00e9fonos y computadoras contribuyen a la aparici\u00f3n de los s\u00edntomas.<\/p><p>Este problema a veces puede resultar muy incapacitante. En este caso, es importante identificar la(s) causa(s) que contribuyeron a la aparici\u00f3n del dolor. Algunos ejemplos son: dolor de espalda por llevar cargas pesadas, llevar el bolso en un lado, tacones demasiado altos, posturas inadecuadas en el trabajo, articulaciones cada vez menos eficientes debido al envejecimiento o a viejos traumatismos.<\/p><p>El 61% de los franceses sit\u00faa el dolor de espalda en el primer puesto de sus preocupaciones de salud.<\/p><p>Rigidez en el cuello por la ma\u00f1ana al despertarse, ci\u00e1tica en la oficina o incluso dolor de espalda despu\u00e9s de un movimiento en falso: todos hemos experimentado este tipo de experiencia desagradable.<\/p><p>La osteopat\u00eda se est\u00e1 volviendo imprescindible en nuestra vida diaria para hacer frente a estos problemas.<\/p>\t\t\t\t\t\t\t\t<\/div>\n\t\t\t\t<\/div>\n\t\t\t\t\t<\/div>\n\t\t<\/div>\n\t\t\t\t<div class=\"elementor-column elementor-col-50 elementor-top-column elementor-element elementor-element-07cc181\" data-id=\"07cc181\" data-element_type=\"column\">\n\t\t\t<div class=\"elementor-widget-wrap elementor-element-populated\">\n\t\t\t\t\t\t<div class=\"elementor-element elementor-element-6f5f52b elementor-widget elementor-widget-image\" data-id=\"6f5f52b\" data-element_type=\"widget\" data-widget_type=\"image.default\">\n\t\t\t\t<div class=\"elementor-widget-container\">\n\t\t\t\t\t\t\t\t\t\t\t\t\t\t\t<img fetchpriority=\"high\" decoding=\"async\" width=\"769\" height=\"1024\" src=\"https:\/\/osteoparisien.com\/wp-content\/uploads\/2024\/11\/DSC_1224-scaled-e1731511426776-769x1024.jpg\" class=\"attachment-large size-large wp-image-16714\" alt=\"Ost\u00e9opathie diaphragme\" srcset=\"https:\/\/osteoparisien.com\/wp-content\/uploads\/2024\/11\/DSC_1224-scaled-e1731511426776-769x1024.jpg 769w, https:\/\/osteoparisien.com\/wp-content\/uploads\/2024\/11\/DSC_1224-scaled-e1731511426776-225x300.jpg 225w, https:\/\/osteoparisien.com\/wp-content\/uploads\/2024\/11\/DSC_1224-scaled-e1731511426776-768x1023.jpg 768w, https:\/\/osteoparisien.com\/wp-content\/uploads\/2024\/11\/DSC_1224-scaled-e1731511426776-9x12.jpg 9w, https:\/\/osteoparisien.com\/wp-content\/uploads\/2024\/11\/DSC_1224-scaled-e1731511426776.jpg 1105w\" sizes=\"(max-width: 769px) 100vw, 769px\" \/>\t\t\t\t\t\t\t\t\t\t\t\t\t\t\t<\/div>\n\t\t\t\t<\/div>\n\t\t\t\t\t<\/div>\n\t\t<\/div>\n\t\t\t\t\t<\/div>\n\t\t<\/section>\n\t\t\t\t<section class=\"elementor-section elementor-top-section elementor-element elementor-element-b4acdaf elementor-section-boxed elementor-section-height-default elementor-section-height-default\" data-id=\"b4acdaf\" data-element_type=\"section\" data-settings=\"{&quot;background_background&quot;:&quot;classic&quot;}\">\n\t\t\t\t\t\t\t<div class=\"elementor-background-overlay\"><\/div>\n\t\t\t\t\t\t\t<div class=\"elementor-container elementor-column-gap-default\">\n\t\t\t\t\t<div class=\"elementor-column elementor-col-100 elementor-top-column elementor-element elementor-element-60d8014\" data-id=\"60d8014\" data-element_type=\"column\">\n\t\t\t<div class=\"elementor-widget-wrap elementor-element-populated\">\n\t\t\t\t\t\t<div class=\"elementor-element elementor-element-b1d623e elementor-widget elementor-widget-spacer\" data-id=\"b1d623e\" data-element_type=\"widget\" data-widget_type=\"spacer.default\">\n\t\t\t\t<div class=\"elementor-widget-container\">\n\t\t\t\t\t\t\t<div class=\"elementor-spacer\">\n\t\t\t<div class=\"elementor-spacer-inner\"><\/div>\n\t\t<\/div>\n\t\t\t\t\t\t<\/div>\n\t\t\t\t<\/div>\n\t\t\t\t<div class=\"elementor-element elementor-element-b54d071 elementor-widget elementor-widget-text-editor\" data-id=\"b54d071\" data-element_type=\"widget\" data-widget_type=\"text-editor.default\">\n\t\t\t\t<div class=\"elementor-widget-container\">\n\t\t\t\t\t\t\t\t\tOsteopat\u00eda: un m\u00e9todo eficaz para combatir el dolor de espalda.\n\nUtilizando t\u00e9cnicas manuales basadas en la movilidad de los tejidos (m\u00fasculos, huesos, fascia, \u00f3rganos), identificamos y luego tratamos los puntos de tensi\u00f3n.\n\nEl oste\u00f3pata puede determinar los diferentes or\u00edgenes del dolor para tratar mejor el dolor de espalda.\nEl origen del dolor de espalda a veces puede ser sorprendente. Congesti\u00f3n de un \u00f3rgano, un m\u00fasculo espasmado, desequilibrio postural, adherencia de una cicatriz, etc.\n\nPodemos entonces encontrar el origen de sus dolencias tratando su h\u00edgado, su diafragma, su tobillo o su cicatriz de ces\u00e1rea por ejemplo. \u00a1Esto no es sorprendente cuando sabemos que todo en nuestro cuerpo est\u00e1 conectado! \u00c9ste es el principio de globalidad tan querido por el oste\u00f3pata.\t\t\t\t\t\t\t\t<\/div>\n\t\t\t\t<\/div>\n\t\t\t\t<div class=\"elementor-element elementor-element-1218f55 elementor-widget elementor-widget-spacer\" data-id=\"1218f55\" data-element_type=\"widget\" data-widget_type=\"spacer.default\">\n\t\t\t\t<div class=\"elementor-widget-container\">\n\t\t\t\t\t\t\t<div class=\"elementor-spacer\">\n\t\t\t<div class=\"elementor-spacer-inner\"><\/div>\n\t\t<\/div>\n\t\t\t\t\t\t<\/div>\n\t\t\t\t<\/div>\n\t\t\t\t\t<\/div>\n\t\t<\/div>\n\t\t\t\t\t<\/div>\n\t\t<\/section>\n\t\t\t\t<section class=\"elementor-section elementor-top-section elementor-element elementor-element-5dd61c6 elementor-section-boxed elementor-section-height-default elementor-section-height-default\" data-id=\"5dd61c6\" data-element_type=\"section\" data-settings=\"{&quot;background_background&quot;:&quot;classic&quot;}\">\n\t\t\t\t\t\t\t<div class=\"elementor-background-overlay\"><\/div>\n\t\t\t\t\t\t\t<div class=\"elementor-container elementor-column-gap-default\">\n\t\t\t\t\t<div class=\"elementor-column elementor-col-100 elementor-top-column elementor-element elementor-element-2ffae0a\" data-id=\"2ffae0a\" data-element_type=\"column\">\n\t\t\t<div class=\"elementor-widget-wrap elementor-element-populated\">\n\t\t\t\t\t\t<div class=\"elementor-element elementor-element-db7dceb elementor-widget elementor-widget-spacer\" data-id=\"db7dceb\" data-element_type=\"widget\" data-widget_type=\"spacer.default\">\n\t\t\t\t<div class=\"elementor-widget-container\">\n\t\t\t\t\t\t\t<div class=\"elementor-spacer\">\n\t\t\t<div class=\"elementor-spacer-inner\"><\/div>\n\t\t<\/div>\n\t\t\t\t\t\t<\/div>\n\t\t\t\t<\/div>\n\t\t\t\t<div class=\"elementor-element elementor-element-fab8a15 elementor-widget elementor-widget-text-editor\" data-id=\"fab8a15\" data-element_type=\"widget\" data-widget_type=\"text-editor.default\">\n\t\t\t\t<div class=\"elementor-widget-container\">\n\t\t\t\t\t\t\t\t\t<p>Tambi\u00e9n podemos asesorarle sobre el manejo del estr\u00e9s, la ergonom\u00eda de sus muebles y su alimentaci\u00f3n, que pueden ser factores que agraven su dolor de espalda.<\/p><p>Recuerde que la osteopat\u00eda no s\u00f3lo interviene en urgencias, sino que tambi\u00e9n es recomendable consultar fuera de las fases dolorosas para poder actuar en\u00a0<strong>prevenci\u00f3n<\/strong>.<\/p><p>El enfoque osteop\u00e1tico no excluye en ning\u00fan caso la realizaci\u00f3n de ex\u00e1menes o controles peri\u00f3dicos por parte del m\u00e9dico. Si es necesario, su oste\u00f3pata puede derivarlo a otro profesional de la salud.<\/p>\t\t\t\t\t\t\t\t<\/div>\n\t\t\t\t<\/div>\n\t\t\t\t<div class=\"elementor-element elementor-element-3dfa354 elementor-widget elementor-widget-spacer\" data-id=\"3dfa354\" data-element_type=\"widget\" data-widget_type=\"spacer.default\">\n\t\t\t\t<div class=\"elementor-widget-container\">\n\t\t\t\t\t\t\t<div class=\"elementor-spacer\">\n\t\t\t<div class=\"elementor-spacer-inner\"><\/div>\n\t\t<\/div>\n\t\t\t\t\t\t<\/div>\n\t\t\t\t<\/div>\n\t\t\t\t\t<\/div>\n\t\t<\/div>\n\t\t\t\t\t<\/div>\n\t\t<\/section>\n\t\t\t\t<section class=\"elementor-section elementor-top-section elementor-element elementor-element-7587bf9 elementor-section-boxed elementor-section-height-default elementor-section-height-default\" data-id=\"7587bf9\" data-element_type=\"section\" data-settings=\"{&quot;background_background&quot;:&quot;classic&quot;}\">\n\t\t\t\t\t\t\t<div class=\"elementor-background-overlay\"><\/div>\n\t\t\t\t\t\t\t<div class=\"elementor-container elementor-column-gap-default\">\n\t\t\t\t\t<div class=\"elementor-column elementor-col-100 elementor-top-column elementor-element elementor-element-d3355f5\" data-id=\"d3355f5\" data-element_type=\"column\">\n\t\t\t<div class=\"elementor-widget-wrap elementor-element-populated\">\n\t\t\t\t\t\t<div class=\"elementor-element elementor-element-3204008 elementor-widget elementor-widget-spacer\" data-id=\"3204008\" data-element_type=\"widget\" data-widget_type=\"spacer.default\">\n\t\t\t\t<div class=\"elementor-widget-container\">\n\t\t\t\t\t\t\t<div class=\"elementor-spacer\">\n\t\t\t<div class=\"elementor-spacer-inner\"><\/div>\n\t\t<\/div>\n\t\t\t\t\t\t<\/div>\n\t\t\t\t<\/div>\n\t\t\t\t<div class=\"elementor-element elementor-element-100acb3 elementor-widget elementor-widget-text-editor\" data-id=\"100acb3\" data-element_type=\"widget\" data-widget_type=\"text-editor.default\">\n\t\t\t\t<div class=\"elementor-widget-container\">\n\t\t\t\t\t\t\t\t\t<p style=\"font-weight: 400;\">Este art\u00edculo fue escrito por Diane P\u00e9legrin-Bomel.<\/p>\t\t\t\t\t\t\t\t<\/div>\n\t\t\t\t<\/div>\n\t\t\t\t<div class=\"elementor-element elementor-element-9888903 elementor-widget elementor-widget-spacer\" data-id=\"9888903\" data-element_type=\"widget\" data-widget_type=\"spacer.default\">\n\t\t\t\t<div class=\"elementor-widget-container\">\n\t\t\t\t\t\t\t<div class=\"elementor-spacer\">\n\t\t\t<div class=\"elementor-spacer-inner\"><\/div>\n\t\t<\/div>\n\t\t\t\t\t\t<\/div>\n\t\t\t\t<\/div>\n\t\t\t\t\t<\/div>\n\t\t<\/div>\n\t\t\t\t\t<\/div>\n\t\t<\/section>\n\t\t\t\t<\/div>","protected":false},"excerpt":{"rendered":"<p>Ost\u00e9opathie au service du corps Le mal de dos touche aujourd&rsquo;hui 10% de la population mondiale. Notre mode de vie de plus en plus s\u00e9dentaire, le stress, les mauvaises postures, l\u2019utilisation de smartphone et d\u2019ordinateurs favorisent l\u2019apparition des sympt\u00f4mes. Ce probl\u00e8me peut parfois \u00eatre tr\u00e8s invalidant. Il est important dans ce cas d\u2019identifier la ou [&hellip;]<\/p>","protected":false},"author":4,"featured_media":0,"parent":0,"menu_order":0,"comment_status":"closed","ping_status":"closed","template":"","meta":{"footnotes":""},"class_list":["post-15332","page","type-page","status-publish","hentry","entry"],"jetpack_sharing_enabled":true,"_links":{"self":[{"href":"https:\/\/osteoparisien.com\/es\/wp-json\/wp\/v2\/pages\/15332","targetHints":{"allow":["GET"]}}],"collection":[{"href":"https:\/\/osteoparisien.com\/es\/wp-json\/wp\/v2\/pages"}],"about":[{"href":"https:\/\/osteoparisien.com\/es\/wp-json\/wp\/v2\/types\/page"}],"author":[{"embeddable":true,"href":"https:\/\/osteoparisien.com\/es\/wp-json\/wp\/v2\/users\/4"}],"replies":[{"embeddable":true,"href":"https:\/\/osteoparisien.com\/es\/wp-json\/wp\/v2\/comments?post=15332"}],"version-history":[{"count":0,"href":"https:\/\/osteoparisien.com\/es\/wp-json\/wp\/v2\/pages\/15332\/revisions"}],"wp:attachment":[{"href":"https:\/\/osteoparisien.com\/es\/wp-json\/wp\/v2\/media?parent=15332"}],"curies":[{"name":"wp","href":"https:\/\/api.w.org\/{rel}","templated":true}]}}