{"id":12607,"date":"2017-01-10T09:28:46","date_gmt":"2017-01-10T09:28:46","guid":{"rendered":"http:\/\/anahata.mikado-themes.com\/?page_id=12607"},"modified":"2024-10-21T17:08:17","modified_gmt":"2024-10-21T15:08:17","slug":"diane-cv","status":"publish","type":"page","link":"https:\/\/osteoparisien.com\/es\/diane-cv\/","title":{"rendered":"Parcours"},"content":{"rendered":"<p><span style=\"color: #ffffff;\">[vc_row row_type=\u00a0\u00bbparallax\u00a0\u00bb content_width=\u00a0\u00bbgrid\u00a0\u00bb full_screen_section_height=\u00a0\u00bbyes\u00a0\u00bb vertically_align_content_in_middle=\u00a0\u00bbyes\u00a0\u00bb parallax_background_image=\u00a0\u00bb15529&Prime; parallax_speed=\u00a0\u00bb0&Prime; css=\u00a0\u00bb.vc_custom_1562367937274{margin-right: 0px !important;margin-left: 0px !important;}\u00a0\u00bb][vc_column][vc_row_inner][vc_column_inner width=\u00a0\u00bb1\/2&Prime;][mkd_elements_holder][mkd_elements_holder_item item_padding=\u00a0\u00bb35.3% 0 20% 0&Prime; animation_name=\u00a0\u00bbfade-in-left\u00a0\u00bb animation_delay=\u00a0\u00bb50&Prime;][vc_column_text]<\/span><\/p>\n<h1><span style=\"color: #ffffff;\"><strong>OSTH\u00c9OPATHE<\/strong><\/span><\/h1>\n<p><span style=\"color: #ffffff;\">[\/vc_column_text][vc_empty_space height=\u00a0\u00bb10px\u00a0\u00bb][mkd_section_title title=\u00a0\u00bbDIANE P\u00c9LEGRIN-BOMEL\u00a0\u00bb title_color=\u00a0\u00bb#ffffff\u00a0\u00bb title_text_transform=\u00a0\u00bbnone\u00a0\u00bb title_text_align=\u00a0\u00bbleft\u00a0\u00bb margin_bottom=\u00a0\u00bb\u00a0\u00bb title_size=\u00a0\u00bb\u00a0\u00bb][mkd_section_subtitle color=\u00a0\u00bb#ffffff\u00a0\u00bb text_align=\u00a0\u00bbleft\u00a0\u00bb text=\u00a0\u00bb\u00a0\u00bb width=\u00a0\u00bb80&Prime;][vc_empty_space height=\u00a0\u00bb14px\u00a0\u00bb][mkd_button size=\u00a0\u00bb\u00a0\u00bb type=\u00a0\u00bbtransparent\u00a0\u00bb target=\u00a0\u00bb_self\u00a0\u00bb icon_pack=\u00a0\u00bbfont_awesome\u00a0\u00bb fa_icon=\u00a0\u00bbfa-caret-right\u00a0\u00bb font_weight=\u00a0\u00bb\u00a0\u00bb text=\u00a0\u00bbPRENEZ RENDEZ-VOUS\u00a0\u00bb link=\u00a0\u00bbhttps:\/\/www.doctolib.fr\/osteopathe\/paris\/diane-pelegrin-bomel\u00a0\u00bb color=\u00a0\u00bb#ffffff\u00a0\u00bb font_size=\u00a0\u00bb13&Prime; padding=\u00a0\u00bb0px 0px 0px 0px\u00a0\u00bb][vc_empty_space height=\u00a0\u00bb50px\u00a0\u00bb][vc_column_text][\/vc_column_text]<\/span><\/p>\n<h1><span style=\"color: #ffffff;\">COMP\u00c9TENCES<\/span><\/h1>\n<p><span style=\"color: #ffffff;\">&gt;Ost\u00e9opathie appliqu\u00e9e \u00e0 la Th\u00e9orie Polyvagale<\/span><\/p>\n<p><span style=\"font-weight: 400; color: #ffffff;\">&gt;Ost\u00e9opathie musculosquelettique<\/span><\/p>\n<p><span style=\"font-weight: 400; color: #ffffff;\">&gt;Ost\u00e9opathie visc\u00e9rale<\/span><\/p>\n<p><span style=\"font-weight: 400; color: #ffffff;\">&gt;Ost\u00e9opathie cr\u00e2nienne<\/span><\/p>\n<p><span style=\"color: #ffffff;\">&gt;Ost\u00e9opathie Gyn\u00e9cologique, infertilit\u00e9, accompagnement de la grossesse, suivi post partum, troubles du p\u00e9rin\u00e9e, ost\u00e9opathie p\u00e9rinatale, nourissons et enfants.<\/span><\/p>\n<p><span style=\"color: #ffffff;\">&gt;Accompagnement des douleurs g\u00e9nitales chez l&rsquo;homme<\/span><\/p>\n<p><span style=\"font-weight: 400; color: #ffffff;\">&gt;Troubles de la m\u00e2choire, Bruxisme, Craquements, Serrage de dents<br \/><\/span><\/p>\n<h1><span style=\"font-weight: 400; color: #ffffff;\"><strong>EXP\u00c9RIENCES<\/strong><\/span><\/h1>\n<p><span style=\"color: #ffffff;\">&gt;Travail \u00e9troit avec les \u00e9quipes du Dr A. Seban, chirurgien maxillo-facial directeur du Dipl\u00f4me Universitaire (D.U.) de greffe osseuse et implantologie dentaire en place dans la Fondation Rotschild Paris 19\u00e8me (<a style=\"color: #ffffff;\" href=\"https:\/\/www.fo-rothschild.fr\/patient\/departements-et-services\/unite-de-chirurgie-orale-et-dimplantologie-dentaire\">https:\/\/www.fo-rothschild.fr\/patient\/departements-et-services\/unite-de-chirurgie-orale-et-dimplantologie-dentaire<\/a>). Les chirurgiens dentistes m&rsquo;envoie r\u00e9guli\u00e8rement des personnes souffrant de douloureux troubles de l&rsquo;ATM (Articulation Temporo Mandibulaire)<\/span><\/p>\n<p><span style=\"color: #ffffff;\"><span style=\"font-weight: 400;\">&gt;J&rsquo;ai suivi les formations d&rsquo;ost\u00e9opathie gyn\u00e9cologique et p\u00e9rinatalit\u00e9 de Catherine Rybus, Ost\u00e9opathe D.O., au sein du Centre YGY for You (<a style=\"color: #ffffff;\" href=\"https:\/\/www.ygyforyou.com\/\">https:\/\/www.ygyforyou.com\/<\/a>). <\/span><\/span><\/p>\n<p><span style=\"color: #ffffff;\">Depuis 2017 je fais partie des ost\u00e9opathes b\u00e9n\u00e9voles de l&rsquo;Association YGY. Chaque jeudi nous recevons les femmes souffrants de douleurs gyn\u00e9cologiques, avant, pendant ou apr\u00e8s leur grossesse, ainsi que les nourrissons et enfants jusqu&rsquo;\u00e0 5 ans. Voici le lien vers le site de l&rsquo;association YGY : <a style=\"color: #ffffff;\" href=\"https:\/\/www.ygyforyou.com\/lassociation-ygy\/\">https:\/\/www.ygyforyou.com\/lassociation-ygy\/<\/a>Vous y trouverez plus d&rsquo;informations.<\/span><\/p>\n<p><span style=\"color: #ffffff;\">&gt;Depuis 2014 participation aux \u00e9ditions du Free Handi\u2019se Trophy, raid sportif interentreprise handi-valide. Je suis la r\u00e9f\u00e9rante ost\u00e9opathe sur le raid depuis la 3\u00e8me \u00e9dition et apporte mon soutien aux concurrents pour la moiti\u00e9 atteint de handicap (moteur, sensitif, psychologique) qui chaque jour parcourent 100km en cyclo tandem ou cano\u00eb durant une semaine pour relier 2 villes de France. <a style=\"color: #ffffff;\" href=\"https:\/\/news.freehandise.com\/\">https:\/\/news.freehandise.com\/<\/a><\/span><\/p>\n<p><span style=\"font-weight: 400; color: #ffffff;\">&gt;Prise en charge des \u00e9quipes du club Val de Seine Basket \u00e0 Boulogne-Billancourt<\/span><\/p>\n<p><span style=\"font-weight: 400; color: #ffffff;\">&gt;Encadrement et suivi ost\u00e9opathique de 12 enfants atteints de troubles autistiques au sein de l&rsquo;Institut M\u00e9dico Educatif de Suresnes.<\/span><\/p>\n<p><span style=\"font-weight: 400; color: #ffffff;\">&gt;Depuis 2015 exercice en cabinet lib\u00e9ral dans Paris et Boulogne-Billancourt.\u00a0<\/span><\/p>\n<h1><span style=\"color: #ffffff;\">FORMATIONS<\/span><\/h1>\n<p><span style=\"color: #ffffff;\">&gt;2022 Nouvelle Approche du Nerf Vague et du Syst\u00e8me Nerveux Autonome : Applications th\u00e9rapeutiques de la Th\u00e9orie Polyvagale &#8211; Eric Marlien Ost\u00e9opathe D.O. (<a style=\"color: #ffffff;\" href=\"https:\/\/marlien.fr\/\">https:\/\/marlien.fr\/<\/a>)<br \/><\/span><\/p>\n<p><span style=\"color: #ffffff;\">&gt;2021 Acqu\u00e9rir l&rsquo;expertise de la prise en charge de la physiologie du cycle f\u00e9minin en cabinet d&rsquo;ost\u00e9opathie &#8211; OPYA Institut<\/span><\/p>\n<p><span style=\"color: #ffffff;\"><span style=\"font-weight: 400;\">&gt;<\/span><span style=\"font-weight: 400;\">2018 Ost\u00e9opathie p\u00e9rinatale aupr\u00e8s de Catherine Rybus, Ost\u00e9opathe D.O.<\/span><\/span><\/p>\n<p><span style=\"font-weight: 400; color: #ffffff;\">&gt;2017 Ost\u00e9opathie uro-gyn\u00e9cologique niveau I et niveau II aupr\u00e8s de Catherine Rybus, Ost\u00e9opathe D.O.<\/span><\/p>\n<p><span style=\"color: #ffffff;\"><span style=\"font-weight: 400;\">&gt;2015 Clinicat d\u2019Ost\u00e9opathie : <\/span><span style=\"font-weight: 400;\">Validation des 5 ann\u00e9es de formation d&rsquo;ost\u00e9opathie<\/span><\/span><\/p>\n<p><span style=\"color: #ffffff;\"><span style=\"font-weight: 400;\">&gt;2014 Kin\u00e9sio Taping Fundamentals and Advanced (KT1 &amp; KT2) <\/span><span style=\"font-weight: 400;\">Formation suppl\u00e9mentaire en Taping afin de prendre en charge au mieux les douleurs\u00a0<\/span><span style=\"font-weight: 400;\">de mes patients et l\u2019accompagnement des sportifs.<\/span><\/span><\/p>\n<p><span style=\"font-weight: 400; color: #ffffff;\">&gt;2013 Dipl\u00f4me d\u2019Ost\u00e9opathie &#8211; Coll\u00e8ge Ost\u00e9opathique Sutherland<br \/><\/span><\/p>\n<p><span style=\"color: #ffffff;\"><span style=\"font-weight: 400;\">Enregistrement aupr\u00e8s de l\u2019ARS depuis d\u00e9cembre 2013, num\u00e9ro ADELI 750016644.<\/span>[\/vc_column_text][vc_empty_space height=\u00a0\u00bb42px\u00a0\u00bb][vc_column_text]<\/span><\/p>\n<h3><span style=\"color: #ffffff;\"><strong>CONTACT<\/strong><\/span><\/h3>\n<p><span style=\"color: #ffffff;\">[\/vc_column_text][mkd_icon_list_item icon_pack=\u00a0\u00bbfont_elegant\u00a0\u00bb fe_icon=\u00a0\u00bbicon_phone\u00a0\u00bb title_font_family=\u00a0\u00bbdefault-font-family\u00a0\u00bb icon_size=\u00a0\u00bb17&Prime; icon_color=\u00a0\u00bb#f7972f\u00a0\u00bb title=\u00a0\u00bb06 98 89 18 74&Prime; title_color=\u00a0\u00bb#ffffff\u00a0\u00bb space_title_and_icon=\u00a0\u00bb10&Prime; margin_bottom=\u00a0\u00bb\u00a0\u00bb][vc_column_text]<\/span><\/p>\n<p><span style=\"color: #ffffff;\">[\/vc_column_text][mkd_icon_list_item icon_pack=\u00a0\u00bbfont_elegant\u00a0\u00bb fe_icon=\u00a0\u00bbicon_pin\u00a0\u00bb title_font_family=\u00a0\u00bbdefault-font-family\u00a0\u00bb icon_size=\u00a0\u00bb17&Prime; icon_color=\u00a0\u00bb#f7972f\u00a0\u00bb title=\u00a0\u00bb172, rue de Courcelles 75017 Paris\u00a0\u00bb title_color=\u00a0\u00bb#ffffff\u00a0\u00bb space_title_and_icon=\u00a0\u00bb10&Prime; margin_bottom=\u00a0\u00bb\u00a0\u00bb][mkd_icon_list_item icon_pack=\u00a0\u00bbfont_elegant\u00a0\u00bb fe_icon=\u00a0\u00bbicon_pin\u00a0\u00bb title_font_family=\u00a0\u00bbdefault-font-family\u00a0\u00bb icon_size=\u00a0\u00bb17&Prime; icon_color=\u00a0\u00bb#f7972f\u00a0\u00bb title=\u00a0\u00bbTransport \u00e0 proximit\u00e9 : RER C Pereire &#8211; L3 Pereire &#8211; L2 Courcelles &#8211; L3 Wagram &#8211; L2 Ternes et de nombreux bus\u00a0\u00bb title_color=\u00a0\u00bb#ffffff\u00a0\u00bb space_title_and_icon=\u00a0\u00bb10&Prime; margin_bottom=\u00a0\u00bb\u00a0\u00bb][vc_empty_space height=\u00a0\u00bb33px\u00a0\u00bb][vc_column_text]<\/span><\/p>\n<h3><span style=\"color: #ffffff;\"><a style=\"color: #ffffff;\" href=\"mailto:dianepelegrin.osteopathe@gmail.com\">dianepelegrin.osteopathe@gmail.com<\/a><\/span><\/h3>\n<p><span style=\"color: #ffffff;\">[\/vc_column_text][vc_empty_space height=\u00a0\u00bb20px\u00a0\u00bb][mkd_icon icon_pack=\u00a0\u00bbfont_elegant\u00a0\u00bb fe_icon=\u00a0\u00bbsocial_facebook\u00a0\u00bb size=\u00a0\u00bbmkd-icon-tiny\u00a0\u00bb custom_size=\u00a0\u00bb19&Prime; type=\u00a0\u00bbnormal\u00a0\u00bb icon_animation=\u00a0\u00bblink=\u00a0\u00bbhttps:\/\/www.facebook.com\/osteopathedpelegrinbomel\u00a0\u00bb \/?hc_ref=ARTS2ZEmlMh71VuQh2wzl1vnSw3SjCoeUh0swdWfGhR0Gtc3VxjKyRml7JYNZtoNZpw&amp;__xts__`{`0`}`=68.ARDnDKNeN5Mpo_kQfaXui3mWHzT-J2NktXzAMBDbpQb1VztG_1zhN1EkJP_OxRLb4s4hE9uj0UsCX6HqFHqRfHIhP1tU-JO8Z_oHZvNfYQCO13KM8Szrt7hLbqAwLvBrtYyEPoj7yNXaW8UBElSaGATVf5aeMYPYGeSrQrMVsPGswF_V5bUqZw&amp;__tn__=kC-R\u00a0\u00bb target=\u00a0\u00bb_blank\u00a0\u00bb icon_color=\u00a0\u00bb#ffffff\u00a0\u00bb hover_icon_color=\u00a0\u00bb#f7972f\u00a0\u00bb margin=\u00a0\u00bb0 20px 0 0&Prime;][\/mkd_elements_holder_item][\/mkd_elements_holder][\/vc_column_inner][vc_column_inner width=\u00a0\u00bb1\/2&Prime;][\/vc_column_inner][\/vc_row_inner][\/vc_column][\/vc_row]<\/span><\/p>\n\n\n<p><\/p>","protected":false},"excerpt":{"rendered":"<p>[vc_row row_type=\u00a0\u00bbparallax\u00a0\u00bb content_width=\u00a0\u00bbgrid\u00a0\u00bb full_screen_section_height=\u00a0\u00bbyes\u00a0\u00bb vertically_align_content_in_middle=\u00a0\u00bbyes\u00a0\u00bb parallax_background_image=\u00a0\u00bb15529&Prime; parallax_speed=\u00a0\u00bb0&Prime; css=\u00a0\u00bb.vc_custom_1562367937274{margin-right: 0px !important;margin-left: 0px !important;}\u00a0\u00bb][vc_column][vc_row_inner][vc_column_inner width=\u00a0\u00bb1\/2&Prime;][mkd_elements_holder][mkd_elements_holder_item item_padding=\u00a0\u00bb35.3% 0 20% 0&Prime; animation_name=\u00a0\u00bbfade-in-left\u00a0\u00bb animation_delay=\u00a0\u00bb50&Prime;][vc_column_text] OSTH\u00c9OPATHE [\/vc_column_text][vc_empty_space height=\u00a0\u00bb10px\u00a0\u00bb][mkd_section_title title=\u00a0\u00bbDIANE P\u00c9LEGRIN-BOMEL\u00a0\u00bb title_color=\u00a0\u00bb#ffffff\u00a0\u00bb title_text_transform=\u00a0\u00bbnone\u00a0\u00bb title_text_align=\u00a0\u00bbleft\u00a0\u00bb margin_bottom=\u00a0\u00bb\u00a0\u00bb title_size=\u00a0\u00bb\u00a0\u00bb][mkd_section_subtitle color=\u00a0\u00bb#ffffff\u00a0\u00bb text_align=\u00a0\u00bbleft\u00a0\u00bb text=\u00a0\u00bb\u00a0\u00bb width=\u00a0\u00bb80&Prime;][vc_empty_space height=\u00a0\u00bb14px\u00a0\u00bb][mkd_button size=\u00a0\u00bb\u00a0\u00bb type=\u00a0\u00bbtransparent\u00a0\u00bb target=\u00a0\u00bb_self\u00a0\u00bb icon_pack=\u00a0\u00bbfont_awesome\u00a0\u00bb fa_icon=\u00a0\u00bbfa-caret-right\u00a0\u00bb font_weight=\u00a0\u00bb\u00a0\u00bb text=\u00a0\u00bbPRENEZ RENDEZ-VOUS\u00a0\u00bb link=\u00a0\u00bbhttps:\/\/www.doctolib.fr\/osteopathe\/paris\/diane-pelegrin-bomel\u00a0\u00bb color=\u00a0\u00bb#ffffff\u00a0\u00bb font_size=\u00a0\u00bb13&Prime; padding=\u00a0\u00bb0px 0px 0px 0px\u00a0\u00bb][vc_empty_space height=\u00a0\u00bb50px\u00a0\u00bb][vc_column_text][\/vc_column_text] COMP\u00c9TENCES &gt;Ost\u00e9opathie appliqu\u00e9e \u00e0 la [&hellip;]<\/p>","protected":false},"author":4,"featured_media":0,"parent":0,"menu_order":0,"comment_status":"closed","ping_status":"closed","template":"","meta":{"footnotes":""},"class_list":["post-12607","page","type-page","status-publish","hentry","entry"],"jetpack_sharing_enabled":true,"_links":{"self":[{"href":"https:\/\/osteoparisien.com\/es\/wp-json\/wp\/v2\/pages\/12607","targetHints":{"allow":["GET"]}}],"collection":[{"href":"https:\/\/osteoparisien.com\/es\/wp-json\/wp\/v2\/pages"}],"about":[{"href":"https:\/\/osteoparisien.com\/es\/wp-json\/wp\/v2\/types\/page"}],"author":[{"embeddable":true,"href":"https:\/\/osteoparisien.com\/es\/wp-json\/wp\/v2\/users\/4"}],"replies":[{"embeddable":true,"href":"https:\/\/osteoparisien.com\/es\/wp-json\/wp\/v2\/comments?post=12607"}],"version-history":[{"count":0,"href":"https:\/\/osteoparisien.com\/es\/wp-json\/wp\/v2\/pages\/12607\/revisions"}],"wp:attachment":[{"href":"https:\/\/osteoparisien.com\/es\/wp-json\/wp\/v2\/media?parent=12607"}],"curies":[{"name":"wp","href":"https:\/\/api.w.org\/{rel}","templated":true}]}}