{"id":15505,"date":"2018-11-29T06:38:56","date_gmt":"2018-11-29T05:38:56","guid":{"rendered":"http:\/\/osteoparisien.com\/?page_id=15505"},"modified":"2024-11-08T14:30:36","modified_gmt":"2024-11-08T13:30:36","slug":"mentions-legales","status":"publish","type":"page","link":"http:\/\/osteoparisien.com\/es\/mentions-legales\/","title":{"rendered":"Mentions l\u00e9gales"},"content":{"rendered":"<div data-elementor-type=\"wp-page\" data-elementor-id=\"15505\" class=\"elementor elementor-15505\">\n\t\t\t\t\t\t<section class=\"elementor-section elementor-top-section elementor-element elementor-element-537fdee elementor-section-full_width elementor-section-height-default elementor-section-height-default\" data-id=\"537fdee\" data-element_type=\"section\" data-settings=\"{&quot;background_background&quot;:&quot;classic&quot;}\">\n\t\t\t\t\t\t\t<div class=\"elementor-background-overlay\"><\/div>\n\t\t\t\t\t\t\t<div class=\"elementor-container elementor-column-gap-default\">\n\t\t\t\t\t<div class=\"elementor-column elementor-col-100 elementor-top-column elementor-element elementor-element-9ba565d\" data-id=\"9ba565d\" data-element_type=\"column\">\n\t\t\t<div class=\"elementor-widget-wrap elementor-element-populated\">\n\t\t\t\t\t\t<div class=\"elementor-element elementor-element-0195921 elementor-widget elementor-widget-spacer\" data-id=\"0195921\" data-element_type=\"widget\" data-widget_type=\"spacer.default\">\n\t\t\t\t<div class=\"elementor-widget-container\">\n\t\t\t\t\t\t\t<div class=\"elementor-spacer\">\n\t\t\t<div class=\"elementor-spacer-inner\"><\/div>\n\t\t<\/div>\n\t\t\t\t\t\t<\/div>\n\t\t\t\t<\/div>\n\t\t\t\t<div class=\"elementor-element elementor-element-ba0cca1 elementor-widget elementor-widget-text-editor\" data-id=\"ba0cca1\" data-element_type=\"widget\" data-widget_type=\"text-editor.default\">\n\t\t\t\t<div class=\"elementor-widget-container\">\n\t\t\t\t\t\t\t\t\t<p>Mentions l\u00e9gales<\/p>\t\t\t\t\t\t\t\t<\/div>\n\t\t\t\t<\/div>\n\t\t\t\t\t<\/div>\n\t\t<\/div>\n\t\t\t\t\t<\/div>\n\t\t<\/section>\n\t\t\t\t<section class=\"elementor-section elementor-top-section elementor-element elementor-element-4692be8d elementor-section-boxed elementor-section-height-default elementor-section-height-default\" data-id=\"4692be8d\" data-element_type=\"section\">\n\t\t\t\t\t\t<div class=\"elementor-container elementor-column-gap-default\">\n\t\t\t\t\t<div class=\"elementor-column elementor-col-100 elementor-top-column elementor-element elementor-element-2aa92b56\" data-id=\"2aa92b56\" data-element_type=\"column\">\n\t\t\t<div class=\"elementor-widget-wrap elementor-element-populated\">\n\t\t\t\t\t\t<div class=\"elementor-element elementor-element-4fb41e77 elementor-widget elementor-widget-text-editor\" data-id=\"4fb41e77\" data-element_type=\"widget\" data-widget_type=\"text-editor.default\">\n\t\t\t\t<div class=\"elementor-widget-container\">\n\t\t\t\t\t\t\t\t\t<ol>\n<li style=\"font-weight: 400;\"><strong> \u00c9diteur du site<\/strong><\/li>\n<\/ol>\n<p style=\"font-weight: 400;\">Diane P\u00e9legrin-Bomel &#8211; Issy-les-Moulineaux &#8211; 92130 &#8211; France<br>N\u00b0 SIRET : 812101103<br>Contact : dianepelegrin.osteopathe@gmail.com<br>Web :&nbsp;<a href=\"https:\/\/www.site-internet-qualite.fr\/\">http:\/\/osteoparisien.com\/<\/a><\/p>\n<p style=\"font-weight: 400;\"><strong>Directeur de publication<\/strong>&nbsp;: Diane P\u00e9legrin-Bomel<\/p>\n<p style=\"font-weight: 400;\"><strong>Webdesign et D\u00e9veloppement&nbsp;:<\/strong><br>Charlotte Delarue &#8211; Graphiste freelance &#8211; Entreprise individuelle<br>N\u00b0 SIRET : 931992051<br>Contact : delarue.charlotte@gmail.com<br>Web :&nbsp;<a href=\"http:\/\/www.charlottedelarue.fr\/\">www.charlottedelarue.fr<\/a><\/p>\n<ol start=\"2\">\n<li style=\"font-weight: 400;\"><strong> H\u00e9bergement du site<\/strong><\/li>\n<\/ol>\n<p style=\"font-weight: 400;\">OVH<br>SAS au capital de 190 540 425 \u20ac<br>RCS Lille M\u00e9tropole 537 407 926<br>Code APE 2620Z<br>N\u00b0 TVA : FR 22 424 761 419<br>Si\u00e8ge social : 2 rue Kellermann &#8211; 59100 Roubaix \u2013 France<\/p>\n<ol start=\"3\">\n<li style=\"font-weight: 400;\"><strong> Propri\u00e9t\u00e9 intellectuelle<\/strong><\/li>\n<\/ol>\n<p style=\"font-weight: 400;\">Le site <a href=\"https:\/\/www.site-internet-qualite.fr\/\">http:\/\/osteoparisien.com\/<\/a> et tous ses \u00e9l\u00e9ments (textes, images, graphismes, logo, ic\u00f4nes, etc.) sont la propri\u00e9t\u00e9 exclusive de Diane P\u00e9legrin-Bomel ou de ses partenaires, qui en d\u00e9tiennent les droits d&rsquo;usage. Toute reproduction, distribution, modification, adaptation, retransmission ou publication, m\u00eame partielle, de ces diff\u00e9rents \u00e9l\u00e9ments est strictement interdite sans l\u2019accord \u00e9crit de Diane P\u00e9legrin-Bomel.<\/p>\n<p style=\"font-weight: 400;\">Les photos pr\u00e9sentes sur le site peuvent provenir de banques d\u2019images libres de droits. Pour toute question concernant leur utilisation, veuillez contacter l\u2019\u00e9diteur du site.<\/p>\n<ol start=\"4\">\n<li style=\"font-weight: 400;\"><strong> Limitation de responsabilit\u00e9<\/strong><\/li>\n<\/ol>\n<p style=\"font-weight: 400;\">Les informations diffus\u00e9es sur le site <a href=\"https:\/\/www.site-internet-qualite.fr\/\">http:\/\/osteoparisien.com\/<\/a> &nbsp;sont fournies \u00e0 titre indicatif et n\u2019ont pas vocation \u00e0 se substituer \u00e0 un avis m\u00e9dical. <a href=\"https:\/\/www.site-internet-qualite.fr\/\">http:\/\/osteoparisien.com\/<\/a> s\u2019efforce de fournir des informations exactes et mises \u00e0 jour, mais ne peut garantir l\u2019exactitude, la compl\u00e9tude ou la pertinence des contenus pr\u00e9sents sur le site. En cons\u00e9quence, l\u2019utilisateur reconna\u00eet utiliser ces informations sous sa responsabilit\u00e9 exclusive.<\/p>\n<p style=\"font-weight: 400;\">Les liens vers la plateforme Doctolib permettent aux utilisateurs de prendre rendez-vous en ligne. Diane P\u00e9legrin-Bomel ne peut \u00eatre tenu responsable d\u2019un \u00e9ventuel dysfonctionnement de ce service ou de toute cons\u00e9quence li\u00e9e \u00e0 l\u2019utilisation de Doctolib.<\/p>\n<ol start=\"5\">\n<li style=\"font-weight: 400;\"><strong> Gestion des donn\u00e9es personnelles<\/strong><\/li>\n<\/ol>\n<p style=\"font-weight: 400;\">Le site <a href=\"https:\/\/www.site-internet-qualite.fr\/\">http:\/\/osteoparisien.com\/<\/a> ne collecte aucune donn\u00e9e personnelle via des formulaires ou des champs de saisie directe. Seules les donn\u00e9es de navigation anonymes peuvent \u00eatre recueillies \u00e0 des fins statistiques et de gestion de performance du site, via des cookies.<\/p>\n<p style=\"font-weight: 400;\">Le lien de prise de rendez-vous renvoie vers le service Doctolib, qui est responsable du traitement des donn\u00e9es personnelles collect\u00e9es dans le cadre de la r\u00e9servation en ligne. Pour toute information sur la gestion de vos donn\u00e9es personnelles, veuillez vous r\u00e9f\u00e9rer aux politiques de confidentialit\u00e9 de Doctolib.<\/p>\t\t\t\t\t\t\t\t<\/div>\n\t\t\t\t<\/div>\n\t\t\t\t<div class=\"elementor-element elementor-element-b217a3c elementor-widget elementor-widget-spacer\" data-id=\"b217a3c\" data-element_type=\"widget\" data-widget_type=\"spacer.default\">\n\t\t\t\t<div class=\"elementor-widget-container\">\n\t\t\t\t\t\t\t<div class=\"elementor-spacer\">\n\t\t\t<div class=\"elementor-spacer-inner\"><\/div>\n\t\t<\/div>\n\t\t\t\t\t\t<\/div>\n\t\t\t\t<\/div>\n\t\t\t\t\t<\/div>\n\t\t<\/div>\n\t\t\t\t\t<\/div>\n\t\t<\/section>\n\t\t\t\t<\/div>","protected":false},"excerpt":{"rendered":"<p>Mentions l\u00e9gales \u00c9diteur du site Diane P\u00e9legrin-Bomel &#8211; Issy-les-Moulineaux &#8211; 92130 &#8211; FranceN\u00b0 SIRET : 812101103Contact : dianepelegrin.osteopathe@gmail.comWeb :&nbsp;http:\/\/osteoparisien.com\/ Directeur de publication&nbsp;: Diane P\u00e9legrin-Bomel Webdesign et D\u00e9veloppement&nbsp;:Charlotte Delarue &#8211; Graphiste freelance &#8211; Entreprise individuelleN\u00b0 SIRET : 931992051Contact : delarue.charlotte@gmail.comWeb :&nbsp;www.charlottedelarue.fr H\u00e9bergement du site OVHSAS au capital de 190 540 425 \u20acRCS Lille M\u00e9tropole 537 407 [&hellip;]<\/p>","protected":false},"author":4,"featured_media":0,"parent":0,"menu_order":0,"comment_status":"closed","ping_status":"closed","template":"","meta":{"footnotes":""},"class_list":["post-15505","page","type-page","status-publish","hentry","entry"],"jetpack_sharing_enabled":true,"_links":{"self":[{"href":"http:\/\/osteoparisien.com\/es\/wp-json\/wp\/v2\/pages\/15505","targetHints":{"allow":["GET"]}}],"collection":[{"href":"http:\/\/osteoparisien.com\/es\/wp-json\/wp\/v2\/pages"}],"about":[{"href":"http:\/\/osteoparisien.com\/es\/wp-json\/wp\/v2\/types\/page"}],"author":[{"embeddable":true,"href":"http:\/\/osteoparisien.com\/es\/wp-json\/wp\/v2\/users\/4"}],"replies":[{"embeddable":true,"href":"http:\/\/osteoparisien.com\/es\/wp-json\/wp\/v2\/comments?post=15505"}],"version-history":[{"count":0,"href":"http:\/\/osteoparisien.com\/es\/wp-json\/wp\/v2\/pages\/15505\/revisions"}],"wp:attachment":[{"href":"http:\/\/osteoparisien.com\/es\/wp-json\/wp\/v2\/media?parent=15505"}],"curies":[{"name":"wp","href":"https:\/\/api.w.org\/{rel}","templated":true}]}}